{"id":281,"date":"2025-05-20T10:37:26","date_gmt":"2025-05-20T10:37:26","guid":{"rendered":"https:\/\/novo.fabricaartes.pt\/?page_id=281"},"modified":"2025-06-20T17:21:42","modified_gmt":"2025-06-20T17:21:42","slug":"workshops","status":"publish","type":"page","link":"https:\/\/novo.fabricaartes.pt\/index.php\/workshops\/","title":{"rendered":"WorkShops"},"content":{"rendered":"<p>[et_pb_section fb_built=&#8221;1&#8243; _builder_version=&#8221;4.27.4&#8243; _module_preset=&#8221;default&#8221; custom_padding=&#8221;39px|||||&#8221; global_colors_info=&#8221;{}&#8221;][et_pb_row column_structure=&#8221;1_4,1_4,1_4,1_4&#8243; _builder_version=&#8221;4.27.4&#8243; _module_preset=&#8221;default&#8221; global_colors_info=&#8221;{}&#8221;][et_pb_column type=&#8221;1_4&#8243; _builder_version=&#8221;4.27.4&#8243; _module_preset=&#8221;default&#8221; global_colors_info=&#8221;{}&#8221;][et_pb_image src=&#8221;https:\/\/novo.fabricaartes.pt\/wp-content\/uploads\/2025\/05\/251420245_5189634781052804_2976742952302917356_n.jpg&#8221; title_text=&#8221;251420245_5189634781052804_2976742952302917356_n&#8221; align=&#8221;center&#8221; disabled_on=&#8221;off|off|off&#8221; _builder_version=&#8221;4.27.4&#8243; _module_preset=&#8221;default&#8221; border_width_all=&#8221;5px&#8221; border_color_all=&#8221;#000000&#8243; border_style_all=&#8221;ridge&#8221; box_shadow_style=&#8221;preset6&#8243; global_colors_info=&#8221;{}&#8221;][\/et_pb_image][et_pb_text _builder_version=&#8221;4.27.4&#8243; _module_preset=&#8221;default&#8221; text_font=&#8221;Playfair Display|600|||||||&#8221; text_text_color=&#8221;#000000&#8243; global_colors_info=&#8221;{}&#8221;]<\/p>\n<p style=\"text-align: center;\"><b>Dan\u00e7a do TABULEIRO<\/b><\/p>\n<p style=\"text-align: center;\"><b>Centro L\u00fadico <\/b><\/p>\n<p style=\"text-align: center;\"><b>todos os meses de outubro a maio (exceto dezembro)<\/b><\/p>\n<p>[\/et_pb_text][\/et_pb_column][et_pb_column type=&#8221;1_4&#8243; _builder_version=&#8221;4.27.4&#8243; _module_preset=&#8221;default&#8221; global_colors_info=&#8221;{}&#8221;][et_pb_image src=&#8221;https:\/\/novo.fabricaartes.pt\/wp-content\/uploads\/2025\/05\/Workshop-InesNegrao_3-1.png&#8221; title_text=&#8221;Workshop-InesNegrao_3&#8243; align=&#8221;center&#8221; disabled_on=&#8221;off|off|off&#8221; _builder_version=&#8221;4.27.4&#8243; _module_preset=&#8221;default&#8221; border_width_all=&#8221;5px&#8221; border_color_all=&#8221;#000000&#8243; border_style_all=&#8221;ridge&#8221; box_shadow_style=&#8221;preset6&#8243; global_colors_info=&#8221;{}&#8221;][\/et_pb_image][et_pb_text _builder_version=&#8221;4.27.4&#8243; _module_preset=&#8221;default&#8221; text_font=&#8221;Playfair Display|600|||||||&#8221; text_text_color=&#8221;#000000&#8243; global_colors_info=&#8221;{}&#8221;]<\/p>\n<p style=\"text-align: center;\"><strong>Workshop com S\u00e3o Castro<\/strong><strong><\/strong><em><strong><\/strong><\/em><strong><\/strong><\/p>\n<p style=\"text-align: center;\"><strong>\u00a019 Fevereiro 2024<\/strong><\/p>\n<p>[\/et_pb_text][\/et_pb_column][et_pb_column type=&#8221;1_4&#8243; _builder_version=&#8221;4.27.4&#8243; _module_preset=&#8221;default&#8221; global_colors_info=&#8221;{}&#8221;][et_pb_image src=&#8221;https:\/\/novo.fabricaartes.pt\/wp-content\/uploads\/2025\/05\/Workshop-InesNegrao_4-1.png&#8221; title_text=&#8221;Workshop-InesNegrao_4&#8243; align=&#8221;center&#8221; disabled_on=&#8221;off|off|off&#8221; _builder_version=&#8221;4.27.4&#8243; _module_preset=&#8221;default&#8221; border_width_all=&#8221;5px&#8221; border_color_all=&#8221;#000000&#8243; border_style_all=&#8221;ridge&#8221; box_shadow_style=&#8221;preset6&#8243; global_colors_info=&#8221;{}&#8221;][\/et_pb_image][et_pb_text _builder_version=&#8221;4.27.4&#8243; _module_preset=&#8221;default&#8221; text_font=&#8221;Playfair Display|600|||||||&#8221; text_text_color=&#8221;#000000&#8243; global_colors_info=&#8221;{}&#8221;]<\/p>\n<p style=\"text-align: center;\"><strong>Workshop com Mafalda Deville<\/strong><\/p>\n<p style=\"text-align: center;\"><strong>\u00a019 Outubro 2023<\/strong><\/p>\n<p style=\"text-align: center;\"><strong><\/strong><em><strong><\/strong><\/em><\/p>\n<p>[\/et_pb_text][\/et_pb_column][et_pb_column type=&#8221;1_4&#8243; _builder_version=&#8221;4.27.4&#8243; _module_preset=&#8221;default&#8221; global_colors_info=&#8221;{}&#8221;][et_pb_image src=&#8221;https:\/\/novo.fabricaartes.pt\/wp-content\/uploads\/2025\/05\/Workshop-InesNegrao_8.png&#8221; title_text=&#8221;Workshop-InesNegrao_8&#8243; disabled_on=&#8221;off|off|off&#8221; _builder_version=&#8221;4.27.4&#8243; _module_preset=&#8221;default&#8221; border_width_all=&#8221;5px&#8221; border_color_all=&#8221;#000000&#8243; border_style_all=&#8221;ridge&#8221; box_shadow_style=&#8221;preset6&#8243; global_colors_info=&#8221;{}&#8221;][\/et_pb_image][et_pb_text _builder_version=&#8221;4.27.4&#8243; _module_preset=&#8221;default&#8221; text_font=&#8221;Playfair Display|600|||||||&#8221; text_text_color=&#8221;#000000&#8243; global_colors_info=&#8221;{}&#8221;]<\/p>\n<p style=\"text-align: center;\"><strong>Workshop com S\u00e3o Castro<\/strong><br \/><strong><\/strong><em><strong><\/strong><\/em><\/p>\n<p style=\"text-align: center;\"><strong>17 Junho 2023<\/strong><\/p>\n<p>[\/et_pb_text][\/et_pb_column][\/et_pb_row][et_pb_row column_structure=&#8221;1_5,1_5,1_5,1_5,1_5&#8243; _builder_version=&#8221;4.27.4&#8243; _module_preset=&#8221;default&#8221; global_colors_info=&#8221;{}&#8221;][et_pb_column type=&#8221;1_5&#8243; _builder_version=&#8221;4.27.4&#8243; _module_preset=&#8221;default&#8221; global_colors_info=&#8221;{}&#8221;][et_pb_image src=&#8221;https:\/\/novo.fabricaartes.pt\/wp-content\/uploads\/2025\/05\/Workshop-InesNegrao_9-1.png&#8221; title_text=&#8221;Workshop-InesNegrao_9-1&#8243; disabled_on=&#8221;off|off|off&#8221; _builder_version=&#8221;4.27.4&#8243; _module_preset=&#8221;default&#8221; border_width_all=&#8221;5px&#8221; border_color_all=&#8221;#000000&#8243; border_style_all=&#8221;ridge&#8221; box_shadow_style=&#8221;preset6&#8243; global_colors_info=&#8221;{}&#8221;][\/et_pb_image][et_pb_text _builder_version=&#8221;4.27.4&#8243; _module_preset=&#8221;default&#8221; text_font=&#8221;Playfair Display|600|||||||&#8221; text_text_color=&#8221;#000000&#8243; global_colors_info=&#8221;{}&#8221;]<\/p>\n<p style=\"text-align: center;\"><strong>Workshop com Lea Siebrecht<\/strong><\/p>\n<p style=\"text-align: center;\"><strong>\u00a013 Maio 2023<\/strong><\/p>\n<p>[\/et_pb_text][\/et_pb_column][et_pb_column type=&#8221;1_5&#8243; _builder_version=&#8221;4.27.4&#8243; _module_preset=&#8221;default&#8221; global_colors_info=&#8221;{}&#8221;][et_pb_image src=&#8221;https:\/\/novo.fabricaartes.pt\/wp-content\/uploads\/2025\/05\/Workshop-11-1.png&#8221; title_text=&#8221;Workshop-11&#8243; disabled_on=&#8221;off|off|off&#8221; _builder_version=&#8221;4.27.4&#8243; _module_preset=&#8221;default&#8221; border_width_all=&#8221;5px&#8221; border_color_all=&#8221;#000000&#8243; border_style_all=&#8221;ridge&#8221; box_shadow_style=&#8221;preset6&#8243; global_colors_info=&#8221;{}&#8221;][\/et_pb_image][et_pb_text _builder_version=&#8221;4.27.4&#8243; _module_preset=&#8221;default&#8221; text_font=&#8221;Playfair Display|600|||||||&#8221; text_text_color=&#8221;#000000&#8243; global_colors_info=&#8221;{}&#8221;]<\/p>\n<p style=\"text-align: center;\"><strong>Workshop com o\u00a0 Rafael Alvarez<\/strong><br \/><strong><\/strong><em><strong><\/strong><\/em><\/p>\n<p style=\"text-align: center;\"><strong>\u00a022 Abril 2023<\/strong><\/p>\n<p>[\/et_pb_text][\/et_pb_column][et_pb_column type=&#8221;1_5&#8243; _builder_version=&#8221;4.27.4&#8243; _module_preset=&#8221;default&#8221; global_colors_info=&#8221;{}&#8221;][et_pb_image src=&#8221;https:\/\/novo.fabricaartes.pt\/wp-content\/uploads\/2025\/05\/Workshop-12.png&#8221; title_text=&#8221;Workshop-12&#8243; align=&#8221;center&#8221; disabled_on=&#8221;off|off|off&#8221; _builder_version=&#8221;4.27.4&#8243; _module_preset=&#8221;default&#8221; border_width_all=&#8221;5px&#8221; border_color_all=&#8221;#000000&#8243; border_style_all=&#8221;ridge&#8221; box_shadow_style=&#8221;preset6&#8243; global_colors_info=&#8221;{}&#8221;][\/et_pb_image][et_pb_text _builder_version=&#8221;4.27.4&#8243; _module_preset=&#8221;default&#8221; text_font=&#8221;Playfair Display|600|||||||&#8221; text_text_color=&#8221;#000000&#8243; custom_padding=&#8221;||0px|||&#8221; global_colors_info=&#8221;{}&#8221;]<\/p>\n<p style=\"text-align: center;\"><strong>Workshop com a Mafalda Deville<\/strong><br \/><strong><\/strong><em><strong><\/strong><\/em><\/p>\n<p style=\"text-align: center;\"><strong>11 Mar\u00e7o 2023<\/strong><\/p>\n<p style=\"text-align: center;\"><strong><\/strong><\/p>\n<p>[\/et_pb_text][\/et_pb_column][et_pb_column type=&#8221;1_5&#8243; _builder_version=&#8221;4.27.4&#8243; _module_preset=&#8221;default&#8221; global_colors_info=&#8221;{}&#8221;][et_pb_image src=&#8221;https:\/\/novo.fabricaartes.pt\/wp-content\/uploads\/2025\/05\/Workshop-13-1.png&#8221; title_text=&#8221;Workshop-13 (1)&#8221; align=&#8221;center&#8221; disabled_on=&#8221;off|off|off&#8221; _builder_version=&#8221;4.27.4&#8243; _module_preset=&#8221;default&#8221; border_width_all=&#8221;5px&#8221; border_color_all=&#8221;#000000&#8243; border_style_all=&#8221;ridge&#8221; box_shadow_style=&#8221;preset6&#8243; global_colors_info=&#8221;{}&#8221;][\/et_pb_image][et_pb_text _builder_version=&#8221;4.27.4&#8243; _module_preset=&#8221;default&#8221; text_font=&#8221;Playfair Display|600|||||||&#8221; text_text_color=&#8221;#000000&#8243; global_colors_info=&#8221;{}&#8221;]<\/p>\n<p style=\"text-align: center;\"><strong>Workshop com In\u00eas Negr\u00e3o<\/strong><\/p>\n<p style=\"text-align: center;\"><strong>\u00a011 Fevereiro 2023<\/strong><\/p>\n<p style=\"text-align: center;\"><strong><\/strong><em><strong><\/strong><\/em><\/p>\n<p>[\/et_pb_text][\/et_pb_column][et_pb_column type=&#8221;1_5&#8243; _builder_version=&#8221;4.27.4&#8243; _module_preset=&#8221;default&#8221; global_colors_info=&#8221;{}&#8221;][et_pb_image src=&#8221;https:\/\/novo.fabricaartes.pt\/wp-content\/uploads\/2025\/05\/Workshop-14-1.png&#8221; title_text=&#8221;Workshop-14&#8243; align=&#8221;center&#8221; disabled_on=&#8221;off|off|off&#8221; _builder_version=&#8221;4.27.4&#8243; _module_preset=&#8221;default&#8221; border_width_all=&#8221;5px&#8221; border_color_all=&#8221;#000000&#8243; border_style_all=&#8221;ridge&#8221; box_shadow_style=&#8221;preset6&#8243; global_colors_info=&#8221;{}&#8221;][\/et_pb_image][et_pb_text _builder_version=&#8221;4.27.4&#8243; _module_preset=&#8221;default&#8221; text_font=&#8221;Playfair Display|600|||||||&#8221; text_text_color=&#8221;#000000&#8243; global_colors_info=&#8221;{}&#8221;]<\/p>\n<p style=\"text-align: center;\"><strong>Workshop com Bruno Alexandre<\/strong><br \/><strong><\/strong><em><strong><\/strong><\/em><\/p>\n<p style=\"text-align: center;\"><strong>\u00a014 Janeiro 2023<\/strong><\/p>\n<p style=\"text-align: center;\"><strong><\/strong><\/p>\n<p>[\/et_pb_text][\/et_pb_column][\/et_pb_row][et_pb_row column_structure=&#8221;1_4,1_4,1_4,1_4&#8243; _builder_version=&#8221;4.27.4&#8243; _module_preset=&#8221;default&#8221; hover_enabled=&#8221;0&#8243; global_colors_info=&#8221;{}&#8221; sticky_enabled=&#8221;0&#8243;][et_pb_column type=&#8221;1_4&#8243; _builder_version=&#8221;4.27.4&#8243; _module_preset=&#8221;default&#8221; global_colors_info=&#8221;{}&#8221;][et_pb_image src=&#8221;https:\/\/novo.fabricaartes.pt\/wp-content\/uploads\/2025\/05\/259502256_1241061779734522_6065323045610888658_n.jpg&#8221; title_text=&#8221;259502256_1241061779734522_6065323045610888658_n&#8221; align=&#8221;center&#8221; disabled_on=&#8221;off|off|off&#8221; _builder_version=&#8221;4.27.4&#8243; _module_preset=&#8221;default&#8221; custom_margin=&#8221;||54px|||&#8221; border_width_all=&#8221;5px&#8221; border_color_all=&#8221;#000000&#8243; border_style_all=&#8221;ridge&#8221; box_shadow_style=&#8221;preset6&#8243; global_colors_info=&#8221;{}&#8221;][\/et_pb_image][et_pb_text _builder_version=&#8221;4.27.4&#8243; _module_preset=&#8221;default&#8221; text_font=&#8221;Playfair Display|600|||||||&#8221; text_text_color=&#8221;#000000&#8243; global_colors_info=&#8221;{}&#8221;]<\/p>\n<p style=\"text-align: center;\"><strong>Workshop com Bernardo Ribeiro<\/strong><\/p>\n<p style=\"text-align: center;\"><strong>\u00a011 Dezembro 2021<\/strong><\/p>\n<p>[\/et_pb_text][\/et_pb_column][et_pb_column type=&#8221;1_4&#8243; _builder_version=&#8221;4.27.4&#8243; _module_preset=&#8221;default&#8221; global_colors_info=&#8221;{}&#8221;][et_pb_image src=&#8221;https:\/\/novo.fabricaartes.pt\/wp-content\/uploads\/2025\/05\/69641864_655329691641070_1979634032559783936_n.jpg&#8221; title_text=&#8221;69641864_655329691641070_1979634032559783936_n&#8221; align=&#8221;center&#8221; disabled_on=&#8221;off|off|off&#8221; _builder_version=&#8221;4.27.4&#8243; _module_preset=&#8221;default&#8221; border_width_all=&#8221;5px&#8221; border_color_all=&#8221;#000000&#8243; border_style_all=&#8221;ridge&#8221; box_shadow_style=&#8221;preset6&#8243; global_colors_info=&#8221;{}&#8221;][\/et_pb_image][et_pb_text _builder_version=&#8221;4.27.4&#8243; _module_preset=&#8221;default&#8221; text_font=&#8221;Playfair Display|600|||||||&#8221; text_text_color=&#8221;#000000&#8243; global_colors_info=&#8221;{}&#8221;]<\/p>\n<p style=\"text-align: center;\"><strong>Workshop com a Mafalda Deville<\/strong><\/p>\n<p style=\"text-align: center;\"><strong>21 Setembro 2019<\/strong><\/p>\n<p style=\"text-align: center;\">[\/et_pb_text][\/et_pb_column][et_pb_column type=&#8221;1_4&#8243; _builder_version=&#8221;4.27.4&#8243; _module_preset=&#8221;default&#8221; global_colors_info=&#8221;{}&#8221;][et_pb_image src=&#8221;https:\/\/novo.fabricaartes.pt\/wp-content\/uploads\/2025\/05\/27067421_317729885401054_1238179582125944375_n.jpg&#8221; title_text=&#8221;27067421_317729885401054_1238179582125944375_n&#8221; align=&#8221;center&#8221; disabled_on=&#8221;off|off|off&#8221; _builder_version=&#8221;4.27.4&#8243; _module_preset=&#8221;default&#8221; border_width_all=&#8221;5px&#8221; border_color_all=&#8221;#000000&#8243; border_style_all=&#8221;ridge&#8221; box_shadow_style=&#8221;preset6&#8243; global_colors_info=&#8221;{}&#8221;][\/et_pb_image][et_pb_text _builder_version=&#8221;4.27.4&#8243; _module_preset=&#8221;default&#8221; text_font=&#8221;Playfair Display|600|||||||&#8221; text_text_color=&#8221;#000000&#8243; global_colors_info=&#8221;{}&#8221;]<\/p>\n<p style=\"text-align: center;\"><strong>Workshop com Ba\u00fa da Teatrada<\/strong><\/p>\n<p style=\"text-align: center;\"><strong>\u00a0 2019<\/strong><\/p>\n<p>[\/et_pb_text][\/et_pb_column][et_pb_column type=&#8221;1_4&#8243; _builder_version=&#8221;4.27.4&#8243; _module_preset=&#8221;default&#8221; global_colors_info=&#8221;{}&#8221;][et_pb_image src=&#8221;https:\/\/novo.fabricaartes.pt\/wp-content\/uploads\/2025\/05\/29132913_338590279981681_7692316603576221696_n-1.jpg&#8221; title_text=&#8221;29132913_338590279981681_7692316603576221696_n (1)&#8221; align=&#8221;center&#8221; disabled_on=&#8221;off|off|off&#8221; _builder_version=&#8221;4.27.4&#8243; _module_preset=&#8221;default&#8221; custom_margin=&#8221;||15px|||&#8221; border_width_all=&#8221;5px&#8221; border_color_all=&#8221;#000000&#8243; border_style_all=&#8221;ridge&#8221; box_shadow_style=&#8221;preset6&#8243; global_colors_info=&#8221;{}&#8221;][\/et_pb_image][et_pb_text _builder_version=&#8221;4.27.4&#8243; _module_preset=&#8221;default&#8221; text_font=&#8221;Playfair Display|600|||||||&#8221; text_text_color=&#8221;#000000&#8243; custom_padding=&#8221;||0px|||&#8221; global_colors_info=&#8221;{}&#8221;]<\/p>\n<p style=\"text-align: center;\"><strong>Workshop com o Bruno Alexandre<\/strong><\/p>\n<p style=\"text-align: center;\"><strong>\u00a07 Julho 2018<\/strong><\/p>\n<p>[\/et_pb_text][\/et_pb_column][\/et_pb_row][et_pb_row _builder_version=&#8221;4.27.4&#8243; _module_preset=&#8221;default&#8221; global_colors_info=&#8221;{}&#8221;][et_pb_column type=&#8221;4_4&#8243; _builder_version=&#8221;4.27.4&#8243; _module_preset=&#8221;default&#8221; global_colors_info=&#8221;{}&#8221;][et_pb_text _builder_version=&#8221;4.27.4&#8243; _module_preset=&#8221;default&#8221; text_font=&#8221;&#8211;et_global_heading_font|||||on|||&#8221; text_text_color=&#8221;#000000&#8243; text_font_size=&#8221;38px&#8221; text_letter_spacing=&#8221;3px&#8221; header_font_size=&#8221;1px&#8221; transform_scale=&#8221;106%|106%&#8221; transform_translate=&#8221;0px|-34px&#8221; custom_margin=&#8221;||2px|||&#8221; custom_padding=&#8221;33px||50px|||&#8221; global_colors_info=&#8221;{}&#8221;]<\/p>\n<p style=\"text-align: center;\"><strong>Inscreve-te agora!<\/strong><\/p>\n<p>[\/et_pb_text][et_pb_button button_url=&#8221;https:\/\/novo.fabricaartes.pt\/index.php\/inscricoes\/?et_fb=1&#038;PageSpeed=off&#8221; url_new_window=&#8221;on&#8221; button_text=&#8221;Corre para o palco!&#8221; button_alignment=&#8221;center&#8221; _builder_version=&#8221;4.27.4&#8243; _module_preset=&#8221;default&#8221; custom_button=&#8221;on&#8221; button_text_size=&#8221;20px&#8221; button_text_color=&#8221;#E09900&#8243; button_border_radius=&#8221;13px&#8221; button_letter_spacing=&#8221;3px&#8221; button_font=&#8221;&#8211;et_global_heading_font|||||on|||&#8221; button_icon=&#8221;&#x3e;||divi||400&#8243; button_icon_color=&#8221;#E02B20&#8243; custom_margin=&#8221;-54px||35px|||&#8221; global_colors_info=&#8221;{}&#8221;][\/et_pb_button][et_pb_image src=&#8221;https:\/\/novo.fabricaartes.pt\/wp-content\/uploads\/2025\/05\/fundo_laranja_branco-1-e1747739445967.png&#8221; title_text=&#8221;fundo_laranja_branco (1)&#8221; align=&#8221;center&#8221; _builder_version=&#8221;4.27.4&#8243; _module_preset=&#8221;default&#8221; transform_scale=&#8221;126%|126%&#8221; custom_padding=&#8221;||0px|||&#8221; global_colors_info=&#8221;{}&#8221;][\/et_pb_image][\/et_pb_column][\/et_pb_row][\/et_pb_section]<\/p>\n","protected":false},"excerpt":{"rendered":"<p>Dan\u00e7a do TABULEIRO Centro L\u00fadico todos os meses de outubro a maio (exceto dezembro)Workshop com S\u00e3o Castro \u00a019 Fevereiro 2024Workshop com Mafalda Deville \u00a019 Outubro 2023 Workshop com S\u00e3o Castro 17 Junho 2023Workshop com Lea Siebrecht \u00a013 Maio 2023Workshop com o\u00a0 Rafael Alvarez \u00a022 Abril 2023Workshop com a Mafalda Deville 11 Mar\u00e7o 2023 Workshop com [&hellip;]<\/p>\n","protected":false},"author":2,"featured_media":0,"parent":0,"menu_order":0,"comment_status":"closed","ping_status":"closed","template":"","meta":{"_et_pb_use_builder":"on","_et_pb_old_content":"","_et_gb_content_width":"","footnotes":""},"class_list":["post-281","page","type-page","status-publish","hentry"],"yoast_head":"<!-- This site is optimized with the Yoast SEO plugin v27.4 - https:\/\/yoast.com\/product\/yoast-seo-wordpress\/ -->\n<title>WorkShops - F\u00e1brica das Artes<\/title>\n<meta name=\"robots\" content=\"index, follow, max-snippet:-1, max-image-preview:large, max-video-preview:-1\" \/>\n<link rel=\"canonical\" href=\"https:\/\/novo.fabricaartes.pt\/index.php\/workshops\/\" \/>\n<meta property=\"og:locale\" content=\"pt_PT\" \/>\n<meta property=\"og:type\" content=\"article\" \/>\n<meta property=\"og:title\" content=\"WorkShops - F\u00e1brica das Artes\" \/>\n<meta property=\"og:description\" content=\"Dan\u00e7a do TABULEIRO Centro L\u00fadico todos os meses de outubro a maio (exceto dezembro)Workshop com S\u00e3o Castro \u00a019 Fevereiro 2024Workshop com Mafalda Deville \u00a019 Outubro 2023 Workshop com S\u00e3o Castro 17 Junho 2023Workshop com Lea Siebrecht \u00a013 Maio 2023Workshop com o\u00a0 Rafael Alvarez \u00a022 Abril 2023Workshop com a Mafalda Deville 11 Mar\u00e7o 2023 Workshop com [&hellip;]\" \/>\n<meta property=\"og:url\" content=\"https:\/\/novo.fabricaartes.pt\/index.php\/workshops\/\" \/>\n<meta property=\"og:site_name\" content=\"F\u00e1brica das Artes\" \/>\n<meta property=\"article:modified_time\" content=\"2025-06-20T17:21:42+00:00\" \/>\n<meta name=\"twitter:card\" content=\"summary_large_image\" \/>\n<meta name=\"twitter:label1\" content=\"Tempo estimado de leitura\" \/>\n\t<meta name=\"twitter:data1\" content=\"7 minutos\" \/>\n<script type=\"application\/ld+json\" class=\"yoast-schema-graph\">{\"@context\":\"https:\\\/\\\/schema.org\",\"@graph\":[{\"@type\":\"WebPage\",\"@id\":\"https:\\\/\\\/novo.fabricaartes.pt\\\/index.php\\\/workshops\\\/\",\"url\":\"https:\\\/\\\/novo.fabricaartes.pt\\\/index.php\\\/workshops\\\/\",\"name\":\"WorkShops - F\u00e1brica das Artes\",\"isPartOf\":{\"@id\":\"https:\\\/\\\/novo.fabricaartes.pt\\\/#website\"},\"datePublished\":\"2025-05-20T10:37:26+00:00\",\"dateModified\":\"2025-06-20T17:21:42+00:00\",\"breadcrumb\":{\"@id\":\"https:\\\/\\\/novo.fabricaartes.pt\\\/index.php\\\/workshops\\\/#breadcrumb\"},\"inLanguage\":\"pt-PT\",\"potentialAction\":[{\"@type\":\"ReadAction\",\"target\":[\"https:\\\/\\\/novo.fabricaartes.pt\\\/index.php\\\/workshops\\\/\"]}]},{\"@type\":\"BreadcrumbList\",\"@id\":\"https:\\\/\\\/novo.fabricaartes.pt\\\/index.php\\\/workshops\\\/#breadcrumb\",\"itemListElement\":[{\"@type\":\"ListItem\",\"position\":1,\"name\":\"In\u00edcio\",\"item\":\"https:\\\/\\\/novo.fabricaartes.pt\\\/\"},{\"@type\":\"ListItem\",\"position\":2,\"name\":\"WorkShops\"}]},{\"@type\":\"WebSite\",\"@id\":\"https:\\\/\\\/novo.fabricaartes.pt\\\/#website\",\"url\":\"https:\\\/\\\/novo.fabricaartes.pt\\\/\",\"name\":\"F\u00e1brica das Artes\",\"description\":\"Fundado a 2 de outubro de 2017, a F\u00e1brica das Artes \u2013 Escola de Dan\u00e7a, tem como miss\u00e3o formar profissionais de dan\u00e7a de suprema qualidade art\u00edstica...\",\"potentialAction\":[{\"@type\":\"SearchAction\",\"target\":{\"@type\":\"EntryPoint\",\"urlTemplate\":\"https:\\\/\\\/novo.fabricaartes.pt\\\/?s={search_term_string}\"},\"query-input\":{\"@type\":\"PropertyValueSpecification\",\"valueRequired\":true,\"valueName\":\"search_term_string\"}}],\"inLanguage\":\"pt-PT\"}]}<\/script>\n<!-- \/ Yoast SEO plugin. -->","yoast_head_json":{"title":"WorkShops - F\u00e1brica das Artes","robots":{"index":"index","follow":"follow","max-snippet":"max-snippet:-1","max-image-preview":"max-image-preview:large","max-video-preview":"max-video-preview:-1"},"canonical":"https:\/\/novo.fabricaartes.pt\/index.php\/workshops\/","og_locale":"pt_PT","og_type":"article","og_title":"WorkShops - F\u00e1brica das Artes","og_description":"Dan\u00e7a do TABULEIRO Centro L\u00fadico todos os meses de outubro a maio (exceto dezembro)Workshop com S\u00e3o Castro \u00a019 Fevereiro 2024Workshop com Mafalda Deville \u00a019 Outubro 2023 Workshop com S\u00e3o Castro 17 Junho 2023Workshop com Lea Siebrecht \u00a013 Maio 2023Workshop com o\u00a0 Rafael Alvarez \u00a022 Abril 2023Workshop com a Mafalda Deville 11 Mar\u00e7o 2023 Workshop com [&hellip;]","og_url":"https:\/\/novo.fabricaartes.pt\/index.php\/workshops\/","og_site_name":"F\u00e1brica das Artes","article_modified_time":"2025-06-20T17:21:42+00:00","twitter_card":"summary_large_image","twitter_misc":{"Tempo estimado de leitura":"7 minutos"},"schema":{"@context":"https:\/\/schema.org","@graph":[{"@type":"WebPage","@id":"https:\/\/novo.fabricaartes.pt\/index.php\/workshops\/","url":"https:\/\/novo.fabricaartes.pt\/index.php\/workshops\/","name":"WorkShops - F\u00e1brica das Artes","isPartOf":{"@id":"https:\/\/novo.fabricaartes.pt\/#website"},"datePublished":"2025-05-20T10:37:26+00:00","dateModified":"2025-06-20T17:21:42+00:00","breadcrumb":{"@id":"https:\/\/novo.fabricaartes.pt\/index.php\/workshops\/#breadcrumb"},"inLanguage":"pt-PT","potentialAction":[{"@type":"ReadAction","target":["https:\/\/novo.fabricaartes.pt\/index.php\/workshops\/"]}]},{"@type":"BreadcrumbList","@id":"https:\/\/novo.fabricaartes.pt\/index.php\/workshops\/#breadcrumb","itemListElement":[{"@type":"ListItem","position":1,"name":"In\u00edcio","item":"https:\/\/novo.fabricaartes.pt\/"},{"@type":"ListItem","position":2,"name":"WorkShops"}]},{"@type":"WebSite","@id":"https:\/\/novo.fabricaartes.pt\/#website","url":"https:\/\/novo.fabricaartes.pt\/","name":"F\u00e1brica das Artes","description":"Fundado a 2 de outubro de 2017, a F\u00e1brica das Artes \u2013 Escola de Dan\u00e7a, tem como miss\u00e3o formar profissionais de dan\u00e7a de suprema qualidade art\u00edstica...","potentialAction":[{"@type":"SearchAction","target":{"@type":"EntryPoint","urlTemplate":"https:\/\/novo.fabricaartes.pt\/?s={search_term_string}"},"query-input":{"@type":"PropertyValueSpecification","valueRequired":true,"valueName":"search_term_string"}}],"inLanguage":"pt-PT"}]}},"_links":{"self":[{"href":"https:\/\/novo.fabricaartes.pt\/index.php\/wp-json\/wp\/v2\/pages\/281","targetHints":{"allow":["GET"]}}],"collection":[{"href":"https:\/\/novo.fabricaartes.pt\/index.php\/wp-json\/wp\/v2\/pages"}],"about":[{"href":"https:\/\/novo.fabricaartes.pt\/index.php\/wp-json\/wp\/v2\/types\/page"}],"author":[{"embeddable":true,"href":"https:\/\/novo.fabricaartes.pt\/index.php\/wp-json\/wp\/v2\/users\/2"}],"replies":[{"embeddable":true,"href":"https:\/\/novo.fabricaartes.pt\/index.php\/wp-json\/wp\/v2\/comments?post=281"}],"version-history":[{"count":30,"href":"https:\/\/novo.fabricaartes.pt\/index.php\/wp-json\/wp\/v2\/pages\/281\/revisions"}],"predecessor-version":[{"id":1699,"href":"https:\/\/novo.fabricaartes.pt\/index.php\/wp-json\/wp\/v2\/pages\/281\/revisions\/1699"}],"wp:attachment":[{"href":"https:\/\/novo.fabricaartes.pt\/index.php\/wp-json\/wp\/v2\/media?parent=281"}],"curies":[{"name":"wp","href":"https:\/\/api.w.org\/{rel}","templated":true}]}}