{"id":356,"date":"2025-05-16T09:48:40","date_gmt":"2025-05-16T09:48:40","guid":{"rendered":"https:\/\/novo.fabricaartes.pt\/?page_id=356"},"modified":"2025-06-20T15:15:41","modified_gmt":"2025-06-20T15:15:41","slug":"alice-no-pais-das-maravilhas-2018","status":"publish","type":"page","link":"https:\/\/novo.fabricaartes.pt\/index.php\/alice-no-pais-das-maravilhas-2018\/","title":{"rendered":"Alice na F\u00e1brica das maravilhas &#8211; 2018"},"content":{"rendered":"<p>[et_pb_section fb_built=&#8221;1&#8243; _builder_version=&#8221;4.27.4&#8243; _module_preset=&#8221;default&#8221; global_colors_info=&#8221;{}&#8221;][et_pb_row _builder_version=&#8221;4.27.4&#8243; _module_preset=&#8221;default&#8221; custom_margin=&#8221;|auto|-62px|auto||&#8221; global_colors_info=&#8221;{}&#8221;][et_pb_column type=&#8221;4_4&#8243; _builder_version=&#8221;4.27.4&#8243; _module_preset=&#8221;default&#8221; global_colors_info=&#8221;{}&#8221;][et_pb_text _builder_version=&#8221;4.27.4&#8243; _module_preset=&#8221;default&#8221; text_font=&#8221;&#8211;et_global_heading_font|600||on|||||&#8221; text_text_color=&#8221;#000000&#8243; text_font_size=&#8221;40px&#8221; global_colors_info=&#8221;{}&#8221;]<\/p>\n<p style=\"text-align: left;\">Alice na F\u00e1brica das maravilhas<\/p>\n<p>[\/et_pb_text][\/et_pb_column][\/et_pb_row][\/et_pb_section][et_pb_section fb_built=&#8221;1&#8243; _builder_version=&#8221;4.27.4&#8243; _module_preset=&#8221;default&#8221; min_height=&#8221;156.6px&#8221; custom_margin=&#8221;||-115px|||&#8221; global_colors_info=&#8221;{}&#8221;][et_pb_row _builder_version=&#8221;4.27.4&#8243; _module_preset=&#8221;default&#8221; custom_padding=&#8221;0px|||||&#8221; global_colors_info=&#8221;{}&#8221;][et_pb_column type=&#8221;4_4&#8243; _builder_version=&#8221;4.27.4&#8243; _module_preset=&#8221;default&#8221; global_colors_info=&#8221;{}&#8221;][et_pb_text _builder_version=&#8221;4.27.4&#8243; _module_preset=&#8221;default&#8221; text_font=&#8221;&#8211;et_global_heading_font|600|||||||&#8221; text_text_color=&#8221;#000000&#8243; text_font_size=&#8221;20px&#8221; custom_padding=&#8221;||22px|||&#8221; global_colors_info=&#8221;{}&#8221;]<\/p>\n<p style=\"text-align: justify;\">A F\u00e1brica das Artes tem o prazer de apresentar o seu primeiro espet\u00e1culo: \u201cAlice na F\u00e1brica das Maravilhas\u201d, um espet\u00e1culo que conta com todos os alunos da Escola de Dan\u00e7a Oliveirense, que abriu portas em Outubro de 2017.<\/p>\n<p style=\"text-align: justify;\">O Bailado conta a hist\u00f3ria de uma menina chamada Alice que cai numa toca de coelho que a transporta para um lugar fant\u00e1stico povoado por criaturas peculiares e antropom\u00f3rficas, revelando um lado ilus\u00f3rio e absurdo caracter\u00edstico dos sonhos.<br \/>Alice \u00e9 reconhecida pelo Chapeleiro Maluco e passa a seguir um coelho branco apressado, que est\u00e1 constantemente a olhar para o rel\u00f3gio. Durante essa viagem \u00e0 F\u00e1brica das Maravilhas, ouvindo conselhos de v\u00e1rios animais e fugindo da ira da poderosa Rainha de Copas.<\/p>\n<p style=\"text-align: justify;\">Este Bailado foi inspirado no: Alice\u2019s adventures in wonderland \u2013 The Royal Ballet.<br \/>Coreografado por: Christopher Wheeldon e Dirigido por: Ross MacGibbon (Original, 2011).<\/p>\n<p>[\/et_pb_text][\/et_pb_column][\/et_pb_row][\/et_pb_section][et_pb_section fb_built=&#8221;1&#8243; _builder_version=&#8221;4.27.4&#8243; _module_preset=&#8221;default&#8221; global_colors_info=&#8221;{}&#8221;][et_pb_row _builder_version=&#8221;4.27.4&#8243; _module_preset=&#8221;default&#8221; global_colors_info=&#8221;{}&#8221;][et_pb_column type=&#8221;4_4&#8243; _builder_version=&#8221;4.27.4&#8243; _module_preset=&#8221;default&#8221; global_colors_info=&#8221;{}&#8221;][et_pb_gallery gallery_ids=&#8221;673,674,675,676,672,671,670,669,668,667,666,665,664,662,661,660,659,658,657,656,655&#8243; fullwidth=&#8221;on&#8221; _builder_version=&#8221;4.27.4&#8243; _module_preset=&#8221;default&#8221; text_orientation=&#8221;center&#8221; custom_padding=&#8221;||0px|||&#8221; hover_enabled=&#8221;0&#8243; global_colors_info=&#8221;{}&#8221; auto=&#8221;on&#8221; auto_speed=&#8221;2000&#8243; animation_style=&#8221;fade&#8221; sticky_enabled=&#8221;0&#8243;][\/et_pb_gallery][\/et_pb_column][\/et_pb_row][\/et_pb_section][et_pb_section fb_built=&#8221;1&#8243; _builder_version=&#8221;4.27.4&#8243; _module_preset=&#8221;default&#8221; min_height=&#8221;250px&#8221; custom_margin=&#8221;||-74px|||&#8221; custom_padding=&#8221;||35px|||&#8221; global_colors_info=&#8221;{}&#8221;][et_pb_row _builder_version=&#8221;4.27.4&#8243; _module_preset=&#8221;default&#8221; global_colors_info=&#8221;{}&#8221;][et_pb_column type=&#8221;4_4&#8243; _builder_version=&#8221;4.27.4&#8243; _module_preset=&#8221;default&#8221; global_colors_info=&#8221;{}&#8221;][et_pb_text _builder_version=&#8221;4.27.4&#8243; _module_preset=&#8221;default&#8221; text_text_color=&#8221;#000000&#8243; text_font_size=&#8221;20px&#8221; text_orientation=&#8221;center&#8221; custom_margin=&#8221;-69px|||||&#8221; global_colors_info=&#8221;{}&#8221;]<\/p>\n<p style=\"text-align: left;\"><strong>COREOGRAFIA E ADAPTA\u00c7\u00c3O DE REPERT\u00d3RIO <\/strong>Ana Nunes, Diana Gaspar, J\u00e9ssica Silva, Joana Campos, Joana Rodrigues, Jos\u00e9 Santos e Rita Murteira<\/p>\n<p style=\"text-align: left;\">\n<p style=\"text-align: left;\"><strong style=\"font-size: 20px; text-align: center;\">ASSISTENTES DE BASTIDORES <\/strong>Ana Pinho, Ana Rura, Catarina Ma\u00e7\u00e3s, Diana Gaspar, Helena Silva, Igor Rura, In\u00eas Negr\u00e3o, J\u00e9ssica Silva, Joana Campos, Joana Rodrigues<\/p>\n<p style=\"text-align: left;\">\n<p style=\"text-align: left;\"><strong style=\"font-size: 20px; text-align: center;\">M\u00daSICA\u00a0 <\/strong>Joby Talbot e Danny Elfman<\/p>\n<p style=\"text-align: left;\">\n<p style=\"text-align: left;\"><span style=\"font-size: large;\"><strong>FOTOGRAFIA<\/strong> <\/span>Ant\u00f3nio Leit\u00e3o<\/p>\n<p>&nbsp;<\/p>\n<p>[\/et_pb_text][\/et_pb_column][\/et_pb_row][\/et_pb_section][et_pb_section fb_built=&#8221;1&#8243; _builder_version=&#8221;4.27.4&#8243; _module_preset=&#8221;default&#8221; custom_padding=&#8221;13px||1px|||&#8221; global_colors_info=&#8221;{}&#8221;][et_pb_row _builder_version=&#8221;4.27.4&#8243; _module_preset=&#8221;default&#8221; global_colors_info=&#8221;{}&#8221;][et_pb_column type=&#8221;4_4&#8243; _builder_version=&#8221;4.27.4&#8243; _module_preset=&#8221;default&#8221; global_colors_info=&#8221;{}&#8221;][et_pb_image src=&#8221;https:\/\/novo.fabricaartes.pt\/wp-content\/uploads\/2025\/05\/MG_0062-scaled.jpg&#8221; title_text=&#8221;_MG_0062&#8243; _builder_version=&#8221;4.27.4&#8243; _module_preset=&#8221;default&#8221; hover_enabled=&#8221;0&#8243; global_colors_info=&#8221;{}&#8221; animation_style=&#8221;fade&#8221; animation_speed_curve=&#8221;ease&#8221; sticky_enabled=&#8221;0&#8243;][\/et_pb_image][\/et_pb_column][\/et_pb_row][\/et_pb_section]<\/p>\n","protected":false},"excerpt":{"rendered":"<p>Alice na F\u00e1brica das maravilhasA F\u00e1brica das Artes tem o prazer de apresentar o seu primeiro espet\u00e1culo: \u201cAlice na F\u00e1brica das Maravilhas\u201d, um espet\u00e1culo que conta com todos os alunos da Escola de Dan\u00e7a Oliveirense, que abriu portas em Outubro de 2017. O Bailado conta a hist\u00f3ria de uma menina chamada Alice que cai numa [&hellip;]<\/p>\n","protected":false},"author":2,"featured_media":0,"parent":0,"menu_order":0,"comment_status":"closed","ping_status":"closed","template":"","meta":{"_et_pb_use_builder":"on","_et_pb_old_content":"","_et_gb_content_width":"","footnotes":""},"class_list":["post-356","page","type-page","status-publish","hentry"],"yoast_head":"<!-- This site is optimized with the Yoast SEO plugin v27.4 - https:\/\/yoast.com\/product\/yoast-seo-wordpress\/ -->\n<title>Alice na F\u00e1brica das maravilhas - 2018 - F\u00e1brica das Artes<\/title>\n<meta name=\"robots\" content=\"index, follow, max-snippet:-1, max-image-preview:large, max-video-preview:-1\" \/>\n<link rel=\"canonical\" href=\"https:\/\/novo.fabricaartes.pt\/index.php\/alice-no-pais-das-maravilhas-2018\/\" \/>\n<meta property=\"og:locale\" content=\"pt_PT\" \/>\n<meta property=\"og:type\" content=\"article\" \/>\n<meta property=\"og:title\" content=\"Alice na F\u00e1brica das maravilhas - 2018 - F\u00e1brica das Artes\" \/>\n<meta property=\"og:description\" content=\"Alice na F\u00e1brica das maravilhasA F\u00e1brica das Artes tem o prazer de apresentar o seu primeiro espet\u00e1culo: \u201cAlice na F\u00e1brica das Maravilhas\u201d, um espet\u00e1culo que conta com todos os alunos da Escola de Dan\u00e7a Oliveirense, que abriu portas em Outubro de 2017. O Bailado conta a hist\u00f3ria de uma menina chamada Alice que cai numa [&hellip;]\" \/>\n<meta property=\"og:url\" content=\"https:\/\/novo.fabricaartes.pt\/index.php\/alice-no-pais-das-maravilhas-2018\/\" \/>\n<meta property=\"og:site_name\" content=\"F\u00e1brica das Artes\" \/>\n<meta property=\"article:modified_time\" content=\"2025-06-20T15:15:41+00:00\" \/>\n<meta name=\"twitter:card\" content=\"summary_large_image\" \/>\n<meta name=\"twitter:label1\" content=\"Tempo estimado de leitura\" \/>\n\t<meta name=\"twitter:data1\" content=\"3 minutos\" \/>\n<script type=\"application\/ld+json\" class=\"yoast-schema-graph\">{\"@context\":\"https:\\\/\\\/schema.org\",\"@graph\":[{\"@type\":\"WebPage\",\"@id\":\"https:\\\/\\\/novo.fabricaartes.pt\\\/index.php\\\/alice-no-pais-das-maravilhas-2018\\\/\",\"url\":\"https:\\\/\\\/novo.fabricaartes.pt\\\/index.php\\\/alice-no-pais-das-maravilhas-2018\\\/\",\"name\":\"Alice na F\u00e1brica das maravilhas - 2018 - F\u00e1brica das Artes\",\"isPartOf\":{\"@id\":\"https:\\\/\\\/novo.fabricaartes.pt\\\/#website\"},\"datePublished\":\"2025-05-16T09:48:40+00:00\",\"dateModified\":\"2025-06-20T15:15:41+00:00\",\"breadcrumb\":{\"@id\":\"https:\\\/\\\/novo.fabricaartes.pt\\\/index.php\\\/alice-no-pais-das-maravilhas-2018\\\/#breadcrumb\"},\"inLanguage\":\"pt-PT\",\"potentialAction\":[{\"@type\":\"ReadAction\",\"target\":[\"https:\\\/\\\/novo.fabricaartes.pt\\\/index.php\\\/alice-no-pais-das-maravilhas-2018\\\/\"]}]},{\"@type\":\"BreadcrumbList\",\"@id\":\"https:\\\/\\\/novo.fabricaartes.pt\\\/index.php\\\/alice-no-pais-das-maravilhas-2018\\\/#breadcrumb\",\"itemListElement\":[{\"@type\":\"ListItem\",\"position\":1,\"name\":\"In\u00edcio\",\"item\":\"https:\\\/\\\/novo.fabricaartes.pt\\\/\"},{\"@type\":\"ListItem\",\"position\":2,\"name\":\"Alice na F\u00e1brica das maravilhas &#8211; 2018\"}]},{\"@type\":\"WebSite\",\"@id\":\"https:\\\/\\\/novo.fabricaartes.pt\\\/#website\",\"url\":\"https:\\\/\\\/novo.fabricaartes.pt\\\/\",\"name\":\"F\u00e1brica das Artes\",\"description\":\"Fundado a 2 de outubro de 2017, a F\u00e1brica das Artes \u2013 Escola de Dan\u00e7a, tem como miss\u00e3o formar profissionais de dan\u00e7a de suprema qualidade art\u00edstica...\",\"potentialAction\":[{\"@type\":\"SearchAction\",\"target\":{\"@type\":\"EntryPoint\",\"urlTemplate\":\"https:\\\/\\\/novo.fabricaartes.pt\\\/?s={search_term_string}\"},\"query-input\":{\"@type\":\"PropertyValueSpecification\",\"valueRequired\":true,\"valueName\":\"search_term_string\"}}],\"inLanguage\":\"pt-PT\"}]}<\/script>\n<!-- \/ Yoast SEO plugin. -->","yoast_head_json":{"title":"Alice na F\u00e1brica das maravilhas - 2018 - F\u00e1brica das Artes","robots":{"index":"index","follow":"follow","max-snippet":"max-snippet:-1","max-image-preview":"max-image-preview:large","max-video-preview":"max-video-preview:-1"},"canonical":"https:\/\/novo.fabricaartes.pt\/index.php\/alice-no-pais-das-maravilhas-2018\/","og_locale":"pt_PT","og_type":"article","og_title":"Alice na F\u00e1brica das maravilhas - 2018 - F\u00e1brica das Artes","og_description":"Alice na F\u00e1brica das maravilhasA F\u00e1brica das Artes tem o prazer de apresentar o seu primeiro espet\u00e1culo: \u201cAlice na F\u00e1brica das Maravilhas\u201d, um espet\u00e1culo que conta com todos os alunos da Escola de Dan\u00e7a Oliveirense, que abriu portas em Outubro de 2017. O Bailado conta a hist\u00f3ria de uma menina chamada Alice que cai numa [&hellip;]","og_url":"https:\/\/novo.fabricaartes.pt\/index.php\/alice-no-pais-das-maravilhas-2018\/","og_site_name":"F\u00e1brica das Artes","article_modified_time":"2025-06-20T15:15:41+00:00","twitter_card":"summary_large_image","twitter_misc":{"Tempo estimado de leitura":"3 minutos"},"schema":{"@context":"https:\/\/schema.org","@graph":[{"@type":"WebPage","@id":"https:\/\/novo.fabricaartes.pt\/index.php\/alice-no-pais-das-maravilhas-2018\/","url":"https:\/\/novo.fabricaartes.pt\/index.php\/alice-no-pais-das-maravilhas-2018\/","name":"Alice na F\u00e1brica das maravilhas - 2018 - F\u00e1brica das Artes","isPartOf":{"@id":"https:\/\/novo.fabricaartes.pt\/#website"},"datePublished":"2025-05-16T09:48:40+00:00","dateModified":"2025-06-20T15:15:41+00:00","breadcrumb":{"@id":"https:\/\/novo.fabricaartes.pt\/index.php\/alice-no-pais-das-maravilhas-2018\/#breadcrumb"},"inLanguage":"pt-PT","potentialAction":[{"@type":"ReadAction","target":["https:\/\/novo.fabricaartes.pt\/index.php\/alice-no-pais-das-maravilhas-2018\/"]}]},{"@type":"BreadcrumbList","@id":"https:\/\/novo.fabricaartes.pt\/index.php\/alice-no-pais-das-maravilhas-2018\/#breadcrumb","itemListElement":[{"@type":"ListItem","position":1,"name":"In\u00edcio","item":"https:\/\/novo.fabricaartes.pt\/"},{"@type":"ListItem","position":2,"name":"Alice na F\u00e1brica das maravilhas &#8211; 2018"}]},{"@type":"WebSite","@id":"https:\/\/novo.fabricaartes.pt\/#website","url":"https:\/\/novo.fabricaartes.pt\/","name":"F\u00e1brica das Artes","description":"Fundado a 2 de outubro de 2017, a F\u00e1brica das Artes \u2013 Escola de Dan\u00e7a, tem como miss\u00e3o formar profissionais de dan\u00e7a de suprema qualidade art\u00edstica...","potentialAction":[{"@type":"SearchAction","target":{"@type":"EntryPoint","urlTemplate":"https:\/\/novo.fabricaartes.pt\/?s={search_term_string}"},"query-input":{"@type":"PropertyValueSpecification","valueRequired":true,"valueName":"search_term_string"}}],"inLanguage":"pt-PT"}]}},"_links":{"self":[{"href":"https:\/\/novo.fabricaartes.pt\/index.php\/wp-json\/wp\/v2\/pages\/356","targetHints":{"allow":["GET"]}}],"collection":[{"href":"https:\/\/novo.fabricaartes.pt\/index.php\/wp-json\/wp\/v2\/pages"}],"about":[{"href":"https:\/\/novo.fabricaartes.pt\/index.php\/wp-json\/wp\/v2\/types\/page"}],"author":[{"embeddable":true,"href":"https:\/\/novo.fabricaartes.pt\/index.php\/wp-json\/wp\/v2\/users\/2"}],"replies":[{"embeddable":true,"href":"https:\/\/novo.fabricaartes.pt\/index.php\/wp-json\/wp\/v2\/comments?post=356"}],"version-history":[{"count":21,"href":"https:\/\/novo.fabricaartes.pt\/index.php\/wp-json\/wp\/v2\/pages\/356\/revisions"}],"predecessor-version":[{"id":1679,"href":"https:\/\/novo.fabricaartes.pt\/index.php\/wp-json\/wp\/v2\/pages\/356\/revisions\/1679"}],"wp:attachment":[{"href":"https:\/\/novo.fabricaartes.pt\/index.php\/wp-json\/wp\/v2\/media?parent=356"}],"curies":[{"name":"wp","href":"https:\/\/api.w.org\/{rel}","templated":true}]}}