{"id":364,"date":"2025-05-16T11:20:01","date_gmt":"2025-05-16T11:20:01","guid":{"rendered":"https:\/\/novo.fabricaartes.pt\/?page_id=364"},"modified":"2025-06-17T17:39:00","modified_gmt":"2025-06-17T17:39:00","slug":"alice-no-pais-das-maravilhas-2020","status":"publish","type":"page","link":"https:\/\/novo.fabricaartes.pt\/index.php\/alice-no-pais-das-maravilhas-2020\/","title":{"rendered":"O Tempo Condena o Tempo Quanto Inverno o Tempo Tem &#8211; 2020"},"content":{"rendered":"<p>[et_pb_section fb_built=&#8221;1&#8243; _builder_version=&#8221;4.27.4&#8243; _module_preset=&#8221;default&#8221; min_height=&#8221;192.6px&#8221; global_colors_info=&#8221;{}&#8221;][et_pb_row _builder_version=&#8221;4.27.4&#8243; _module_preset=&#8221;default&#8221; custom_margin=&#8221;|auto|-62px|auto||&#8221; global_colors_info=&#8221;{}&#8221;][et_pb_column type=&#8221;4_4&#8243; _builder_version=&#8221;4.27.4&#8243; _module_preset=&#8221;default&#8221; global_colors_info=&#8221;{}&#8221;][et_pb_text _builder_version=&#8221;4.27.4&#8243; _module_preset=&#8221;default&#8221; text_font=&#8221;&#8211;et_global_heading_font|600||on|||||&#8221; text_text_color=&#8221;#000000&#8243; text_font_size=&#8221;40px&#8221; header_font=&#8221;Lora||||||||&#8221; header_text_color=&#8221;#000000&#8243; hover_enabled=&#8221;0&#8243; global_colors_info=&#8221;{}&#8221; sticky_enabled=&#8221;0&#8243;]<\/p>\n<p>O Tempo&#8230; Condena o Tempo&#8230; Quanto<\/p>\n<p>Inverno&#8230; o Tempo Tem<\/p>\n<p>[\/et_pb_text][\/et_pb_column][\/et_pb_row][\/et_pb_section][et_pb_section fb_built=&#8221;1&#8243; _builder_version=&#8221;4.27.4&#8243; _module_preset=&#8221;default&#8221; min_height=&#8221;156.6px&#8221; custom_margin=&#8221;||-115px|||&#8221; global_colors_info=&#8221;{}&#8221;][et_pb_row _builder_version=&#8221;4.27.4&#8243; _module_preset=&#8221;default&#8221; custom_padding=&#8221;0px|||||&#8221; global_colors_info=&#8221;{}&#8221;][et_pb_column type=&#8221;4_4&#8243; _builder_version=&#8221;4.27.4&#8243; _module_preset=&#8221;default&#8221; global_colors_info=&#8221;{}&#8221;][et_pb_text _builder_version=&#8221;4.27.4&#8243; _module_preset=&#8221;default&#8221; text_text_color=&#8221;#000000&#8243; text_font_size=&#8221;20px&#8221; hover_enabled=&#8221;0&#8243; global_colors_info=&#8221;{}&#8221; text_font=&#8221;&#8211;et_global_heading_font|600|||||||&#8221; sticky_enabled=&#8221;0&#8243;]<\/p>\n<p style=\"text-align: justify;\"><span class=\"_fadeIn_m1hgl_8\">Numa <\/span><span class=\"_fadeIn_m1hgl_8\">fria <\/span><span class=\"_fadeIn_m1hgl_8\">noite <\/span><span class=\"_fadeIn_m1hgl_8\">de <\/span><span class=\"_fadeIn_m1hgl_8\">inverno, <\/span><span class=\"_fadeIn_m1hgl_8\">dois <\/span><span class=\"_fadeIn_m1hgl_8\">pr\u00edncipes <\/span><span class=\"_fadeIn_m1hgl_8\">tornam-<\/span><span class=\"_fadeIn_m1hgl_8\">se <\/span><span class=\"_fadeIn_m1hgl_8\">reis <\/span><span class=\"_fadeIn_m1hgl_8\">ainda <\/span><span class=\"_fadeIn_m1hgl_8\">jovens <\/span><span class=\"_fadeIn_m1hgl_8\">ap\u00f3s <\/span><span class=\"_fadeIn_m1hgl_8\">a <\/span><span class=\"_fadeIn_m1hgl_8\">tr\u00e1gica <\/span><span class=\"_fadeIn_m1hgl_8\">morte <\/span><span class=\"_fadeIn_m1hgl_8\">dos <\/span><span class=\"_fadeIn_m1hgl_8\">seus <\/span><span class=\"_fadeIn_m1hgl_8\">pais. <\/span><span class=\"_fadeIn_m1hgl_8\">Leontes, <\/span><span class=\"_fadeIn_m1hgl_8\">rei <\/span><span class=\"_fadeIn_m1hgl_8\">da <\/span><span class=\"_fadeIn_m1hgl_8\">Sic\u00edlia, <\/span><span class=\"_fadeIn_m1hgl_8\">e <\/span><span class=\"_fadeIn_m1hgl_8\">Polixenes, <\/span><span class=\"_fadeIn_m1hgl_8\">rei <\/span><span class=\"_fadeIn_m1hgl_8\">da <\/span><span class=\"_fadeIn_m1hgl_8\">Bo\u00eamia, <\/span><span class=\"_fadeIn_m1hgl_8\">reencontram-<\/span><span class=\"_fadeIn_m1hgl_8\">se <\/span><span class=\"_fadeIn_m1hgl_8\">e <\/span><span class=\"_fadeIn_m1hgl_8\">celebram <\/span><span class=\"_fadeIn_m1hgl_8\">a <\/span><span class=\"_fadeIn_m1hgl_8\">amizade <\/span><span class=\"_fadeIn_m1hgl_8\">antiga, <\/span><span class=\"_fadeIn_m1hgl_8\">mas <\/span><span class=\"_fadeIn_m1hgl_8\">uma <\/span><span class=\"_fadeIn_m1hgl_8\">onda <\/span><span class=\"_fadeIn_m1hgl_8\">de <\/span><span class=\"_fadeIn_m1hgl_8\">ci\u00fames <\/span><span class=\"_fadeIn_m1hgl_8\">leva <\/span><span class=\"_fadeIn_m1hgl_8\">Leontes <\/span><span class=\"_fadeIn_m1hgl_8\">a <\/span><span class=\"_fadeIn_m1hgl_8\">destruir <\/span><span class=\"_fadeIn_m1hgl_8\">a <\/span><span class=\"_fadeIn_m1hgl_8\">sua <\/span><span class=\"_fadeIn_m1hgl_8\">pr\u00f3pria <\/span><span class=\"_fadeIn_m1hgl_8\">fam\u00edlia, <\/span><span class=\"_fadeIn_m1hgl_8\">rejeitando <\/span><span class=\"_fadeIn_m1hgl_8\">a <\/span><span class=\"_fadeIn_m1hgl_8\">filha <\/span><span class=\"_fadeIn_m1hgl_8\">rec\u00e9m-<\/span><span class=\"_fadeIn_m1hgl_8\">nascida, <\/span><span class=\"_fadeIn_m1hgl_8\">Perdita. <\/span><\/p>\n<p style=\"text-align: justify;\"><span class=\"_fadeIn_m1hgl_8\">Abandonada <\/span><span class=\"_fadeIn_m1hgl_8\">e <\/span><span class=\"_fadeIn_m1hgl_8\">criada <\/span><span class=\"_fadeIn_m1hgl_8\">por <\/span><span class=\"_fadeIn_m1hgl_8\">camponeses, <\/span><span class=\"_fadeIn_m1hgl_8\">Perdita <\/span><span class=\"_fadeIn_m1hgl_8\">cresce <\/span><span class=\"_fadeIn_m1hgl_8\">sem <\/span><span class=\"_fadeIn_m1hgl_8\">conhecer <\/span><span class=\"_fadeIn_m1hgl_8\">a <\/span><span class=\"_fadeIn_m1hgl_8\">sua <\/span><span class=\"_fadeIn_m1hgl_8\">origem <\/span><span class=\"_fadeIn_m1hgl_8\">real. <\/span><span class=\"_fadeIn_m1hgl_8\">Dezasseis <\/span><span class=\"_fadeIn_m1hgl_8\">anos <\/span><span class=\"_fadeIn_m1hgl_8\">depois, <\/span><span class=\"_fadeIn_m1hgl_8\">apaixona-<\/span><span class=\"_fadeIn_m1hgl_8\">se <\/span><span class=\"_fadeIn_m1hgl_8\">pelo <\/span><span class=\"_fadeIn_m1hgl_8\">pr\u00edncipe <\/span><span class=\"_fadeIn_m1hgl_8\">Florizel, <\/span><span class=\"_fadeIn_m1hgl_8\">filho <\/span><span class=\"_fadeIn_m1hgl_8\">de <\/span><span class=\"_fadeIn_m1hgl_8\">Polixenes. <\/span><span class=\"_fadeIn_m1hgl_8\">Quando <\/span><span class=\"_fadeIn_m1hgl_8\">a <\/span><span class=\"_fadeIn_m1hgl_8\">verdade <\/span><span class=\"_fadeIn_m1hgl_8\">vem <\/span><span class=\"_fadeIn_m1hgl_8\">\u00e0 <\/span><span class=\"_fadeIn_m1hgl_8\">tona, <\/span><span class=\"_fadeIn_m1hgl_8\">recome\u00e7am <\/span><span class=\"_fadeIn_m1hgl_8\">os <\/span><span class=\"_fadeIn_m1hgl_8\">conflitos, <\/span><span class=\"_fadeIn_m1hgl_8\">mas <\/span><span class=\"_fadeIn_m1hgl_8\">tamb\u00e9m <\/span><span class=\"_fadeIn_m1hgl_8\">as <\/span><span class=\"_fadeIn_m1hgl_8\">reconcilia\u00e7\u00f5es.<\/span><\/p>\n<p style=\"text-align: justify;\"><span class=\"_fadeIn_m1hgl_8\"> <\/span><span class=\"_fadeIn_m1hgl_8\">O <\/span><span class=\"_fadeIn_m1hgl_8\">amor, <\/span><span class=\"_fadeIn_m1hgl_8\">a <\/span><span class=\"_fadeIn_m1hgl_8\">verdade <\/span><span class=\"_fadeIn_m1hgl_8\">e <\/span><span class=\"_fadeIn_m1hgl_8\">o <\/span><span class=\"_fadeIn_m1hgl_8\">arrependimento <\/span><span class=\"_fadeIn_m1hgl_8\">permitem <\/span><span class=\"_fadeIn_m1hgl_8\">que <\/span><span class=\"_fadeIn_m1hgl_8\">fam\u00edlias <\/span><span class=\"_fadeIn_m1hgl_8\">se <\/span><span class=\"_fadeIn_m1hgl_8\">re\u00fanam <\/span><span class=\"_fadeIn_m1hgl_8\">e <\/span><span class=\"_fadeIn_m1hgl_8\">que <\/span><span class=\"_fadeIn_m1hgl_8\">o <\/span><span class=\"_fadeIn_m1hgl_8\">passado <\/span><span class=\"_fadeIn_m1hgl_8\">seja <\/span><span class=\"_fadeIn_m1hgl_8\">finalmente <\/span><span class=\"_fadeIn_m1hgl_8\">redimido.<\/span><\/p>\n<p>[\/et_pb_text][\/et_pb_column][\/et_pb_row][\/et_pb_section][et_pb_section fb_built=&#8221;1&#8243; _builder_version=&#8221;4.27.4&#8243; _module_preset=&#8221;default&#8221; global_colors_info=&#8221;{}&#8221;][et_pb_row _builder_version=&#8221;4.27.4&#8243; _module_preset=&#8221;default&#8221; global_colors_info=&#8221;{}&#8221;][et_pb_column type=&#8221;4_4&#8243; _builder_version=&#8221;4.27.4&#8243; _module_preset=&#8221;default&#8221; global_colors_info=&#8221;{}&#8221;][et_pb_gallery gallery_ids=&#8221;800,812,813,814,815,816,817,818,819,820,821,822&#8243; fullwidth=&#8221;on&#8221; _builder_version=&#8221;4.27.4&#8243; _module_preset=&#8221;default&#8221; text_orientation=&#8221;center&#8221; custom_padding=&#8221;||0px|||&#8221; global_colors_info=&#8221;{}&#8221;][\/et_pb_gallery][\/et_pb_column][\/et_pb_row][\/et_pb_section][et_pb_section fb_built=&#8221;1&#8243; _builder_version=&#8221;4.27.4&#8243; _module_preset=&#8221;default&#8221; min_height=&#8221;250px&#8221; custom_margin=&#8221;||-74px|||&#8221; custom_padding=&#8221;||35px|||&#8221; global_colors_info=&#8221;{}&#8221;][et_pb_row _builder_version=&#8221;4.27.4&#8243; _module_preset=&#8221;default&#8221; global_colors_info=&#8221;{}&#8221;][et_pb_column type=&#8221;4_4&#8243; _builder_version=&#8221;4.27.4&#8243; _module_preset=&#8221;default&#8221; global_colors_info=&#8221;{}&#8221;][et_pb_text _builder_version=&#8221;4.27.4&#8243; _module_preset=&#8221;default&#8221; text_text_color=&#8221;#000000&#8243; text_font_size=&#8221;20px&#8221; text_orientation=&#8221;center&#8221; custom_margin=&#8221;-69px|||||&#8221; global_colors_info=&#8221;{}&#8221;]<\/p>\n<p style=\"text-align: justify;\"><strong>COREOGRAFIA E ADAPTA\u00c7\u00c3O DE REPERT\u00d3RIO<\/strong>\u00a0Ana Nunes, Ana de Castro, C\u00e1tia Sousa, Cristiana Pardal, Diana Gaspar, Joana Campos, Joana Rodrigues e Rita Soares<\/p>\n<p style=\"text-align: justify;\">\n<p style=\"text-align: justify;\"><strong>REPERT\u00d3RIO <\/strong>Excertos \u201cJuliet &amp; Romeo\u201d, Mats Ek. \u201cRosas Danst Rosas\u201d, Anne Teresa de Keersmaeker<\/p>\n<p style=\"text-align: justify;\">\n<p style=\"text-align: justify;\"><strong style=\"font-size: 20px; text-align: center;\">M\u00daSICA <\/strong>The Winter\u2019s Tale, Joby Talbot; Prituri Se Planinata (Nit Grit Remix) ,Stellamara com arranjo musical de Joana Rodrigues; Concerto for Piano and Orchestra No.1 in B Flat Minor Op. 23; Khachaturian Gayane Suite No1 III Dance of the Rose Maidens, Constantine Orbelian; Man of the house, Jonh Williams; Infra 8, Max Richter; Juliet&amp;Romeo com arranjo de Anders Hugstet, Tchaikovsky<\/p>\n<p style=\"text-align: justify;\">\n<p style=\"text-align: justify;\"><strong>FOTOGRAFIA<\/strong> Ant\u00f3nio Leit\u00e3o e Elizabeth Leite.<\/p>\n<p>[\/et_pb_text][\/et_pb_column][\/et_pb_row][\/et_pb_section][et_pb_section fb_built=&#8221;1&#8243; _builder_version=&#8221;4.27.4&#8243; _module_preset=&#8221;default&#8221; custom_padding=&#8221;||1px|||&#8221; global_colors_info=&#8221;{}&#8221;][et_pb_row _builder_version=&#8221;4.27.4&#8243; _module_preset=&#8221;default&#8221; global_colors_info=&#8221;{}&#8221;][et_pb_column type=&#8221;4_4&#8243; _builder_version=&#8221;4.27.4&#8243; _module_preset=&#8221;default&#8221; global_colors_info=&#8221;{}&#8221;][et_pb_gallery gallery_ids=&#8221;828,829,830,831,832,833,834,835,836,837,838,839,840,841,842&#8243; gallery_orderby=&#8221;rand&#8221; fullwidth=&#8221;on&#8221; _builder_version=&#8221;4.27.4&#8243; _module_preset=&#8221;default&#8221; auto=&#8221;on&#8221; auto_speed=&#8221;2000&#8243; global_colors_info=&#8221;{}&#8221;][\/et_pb_gallery][\/et_pb_column][\/et_pb_row][\/et_pb_section]<\/p>\n","protected":false},"excerpt":{"rendered":"<p>O Tempo&#8230; Condena o Tempo&#8230; Quanto Inverno&#8230; o Tempo TemNuma fria noite de inverno, dois pr\u00edncipes tornam-se reis ainda jovens ap\u00f3s a tr\u00e1gica morte dos seus pais. Leontes, rei da Sic\u00edlia, e Polixenes, rei da Bo\u00eamia, reencontram-se e celebram a amizade antiga, mas uma onda de ci\u00fames leva Leontes a destruir a sua pr\u00f3pria fam\u00edlia, [&hellip;]<\/p>\n","protected":false},"author":2,"featured_media":0,"parent":0,"menu_order":0,"comment_status":"closed","ping_status":"closed","template":"","meta":{"_et_pb_use_builder":"on","_et_pb_old_content":"","_et_gb_content_width":"","footnotes":""},"class_list":["post-364","page","type-page","status-publish","hentry"],"yoast_head":"<!-- This site is optimized with the Yoast SEO plugin v27.4 - https:\/\/yoast.com\/product\/yoast-seo-wordpress\/ -->\n<title>O Tempo Condena o Tempo Quanto Inverno o Tempo Tem - 2020 - F\u00e1brica das Artes<\/title>\n<meta name=\"robots\" content=\"index, follow, max-snippet:-1, max-image-preview:large, max-video-preview:-1\" \/>\n<link rel=\"canonical\" href=\"https:\/\/novo.fabricaartes.pt\/index.php\/alice-no-pais-das-maravilhas-2020\/\" \/>\n<meta property=\"og:locale\" content=\"pt_PT\" \/>\n<meta property=\"og:type\" content=\"article\" \/>\n<meta property=\"og:title\" content=\"O Tempo Condena o Tempo Quanto Inverno o Tempo Tem - 2020 - F\u00e1brica das Artes\" \/>\n<meta property=\"og:description\" content=\"O Tempo... Condena o Tempo... Quanto Inverno... o Tempo TemNuma fria noite de inverno, dois pr\u00edncipes tornam-se reis ainda jovens ap\u00f3s a tr\u00e1gica morte dos seus pais. Leontes, rei da Sic\u00edlia, e Polixenes, rei da Bo\u00eamia, reencontram-se e celebram a amizade antiga, mas uma onda de ci\u00fames leva Leontes a destruir a sua pr\u00f3pria fam\u00edlia, [&hellip;]\" \/>\n<meta property=\"og:url\" content=\"https:\/\/novo.fabricaartes.pt\/index.php\/alice-no-pais-das-maravilhas-2020\/\" \/>\n<meta property=\"og:site_name\" content=\"F\u00e1brica das Artes\" \/>\n<meta property=\"article:modified_time\" content=\"2025-06-17T17:39:00+00:00\" \/>\n<meta name=\"twitter:card\" content=\"summary_large_image\" \/>\n<meta name=\"twitter:label1\" content=\"Tempo estimado de leitura\" \/>\n\t<meta name=\"twitter:data1\" content=\"3 minutos\" \/>\n<script type=\"application\/ld+json\" class=\"yoast-schema-graph\">{\"@context\":\"https:\\\/\\\/schema.org\",\"@graph\":[{\"@type\":\"WebPage\",\"@id\":\"https:\\\/\\\/novo.fabricaartes.pt\\\/index.php\\\/alice-no-pais-das-maravilhas-2020\\\/\",\"url\":\"https:\\\/\\\/novo.fabricaartes.pt\\\/index.php\\\/alice-no-pais-das-maravilhas-2020\\\/\",\"name\":\"O Tempo Condena o Tempo Quanto Inverno o Tempo Tem - 2020 - F\u00e1brica das Artes\",\"isPartOf\":{\"@id\":\"https:\\\/\\\/novo.fabricaartes.pt\\\/#website\"},\"datePublished\":\"2025-05-16T11:20:01+00:00\",\"dateModified\":\"2025-06-17T17:39:00+00:00\",\"breadcrumb\":{\"@id\":\"https:\\\/\\\/novo.fabricaartes.pt\\\/index.php\\\/alice-no-pais-das-maravilhas-2020\\\/#breadcrumb\"},\"inLanguage\":\"pt-PT\",\"potentialAction\":[{\"@type\":\"ReadAction\",\"target\":[\"https:\\\/\\\/novo.fabricaartes.pt\\\/index.php\\\/alice-no-pais-das-maravilhas-2020\\\/\"]}]},{\"@type\":\"BreadcrumbList\",\"@id\":\"https:\\\/\\\/novo.fabricaartes.pt\\\/index.php\\\/alice-no-pais-das-maravilhas-2020\\\/#breadcrumb\",\"itemListElement\":[{\"@type\":\"ListItem\",\"position\":1,\"name\":\"In\u00edcio\",\"item\":\"https:\\\/\\\/novo.fabricaartes.pt\\\/\"},{\"@type\":\"ListItem\",\"position\":2,\"name\":\"O Tempo Condena o Tempo Quanto Inverno o Tempo Tem &#8211; 2020\"}]},{\"@type\":\"WebSite\",\"@id\":\"https:\\\/\\\/novo.fabricaartes.pt\\\/#website\",\"url\":\"https:\\\/\\\/novo.fabricaartes.pt\\\/\",\"name\":\"F\u00e1brica das Artes\",\"description\":\"Fundado a 2 de outubro de 2017, a F\u00e1brica das Artes \u2013 Escola de Dan\u00e7a, tem como miss\u00e3o formar profissionais de dan\u00e7a de suprema qualidade art\u00edstica...\",\"potentialAction\":[{\"@type\":\"SearchAction\",\"target\":{\"@type\":\"EntryPoint\",\"urlTemplate\":\"https:\\\/\\\/novo.fabricaartes.pt\\\/?s={search_term_string}\"},\"query-input\":{\"@type\":\"PropertyValueSpecification\",\"valueRequired\":true,\"valueName\":\"search_term_string\"}}],\"inLanguage\":\"pt-PT\"}]}<\/script>\n<!-- \/ Yoast SEO plugin. -->","yoast_head_json":{"title":"O Tempo Condena o Tempo Quanto Inverno o Tempo Tem - 2020 - F\u00e1brica das Artes","robots":{"index":"index","follow":"follow","max-snippet":"max-snippet:-1","max-image-preview":"max-image-preview:large","max-video-preview":"max-video-preview:-1"},"canonical":"https:\/\/novo.fabricaartes.pt\/index.php\/alice-no-pais-das-maravilhas-2020\/","og_locale":"pt_PT","og_type":"article","og_title":"O Tempo Condena o Tempo Quanto Inverno o Tempo Tem - 2020 - F\u00e1brica das Artes","og_description":"O Tempo... Condena o Tempo... Quanto Inverno... o Tempo TemNuma fria noite de inverno, dois pr\u00edncipes tornam-se reis ainda jovens ap\u00f3s a tr\u00e1gica morte dos seus pais. Leontes, rei da Sic\u00edlia, e Polixenes, rei da Bo\u00eamia, reencontram-se e celebram a amizade antiga, mas uma onda de ci\u00fames leva Leontes a destruir a sua pr\u00f3pria fam\u00edlia, [&hellip;]","og_url":"https:\/\/novo.fabricaartes.pt\/index.php\/alice-no-pais-das-maravilhas-2020\/","og_site_name":"F\u00e1brica das Artes","article_modified_time":"2025-06-17T17:39:00+00:00","twitter_card":"summary_large_image","twitter_misc":{"Tempo estimado de leitura":"3 minutos"},"schema":{"@context":"https:\/\/schema.org","@graph":[{"@type":"WebPage","@id":"https:\/\/novo.fabricaartes.pt\/index.php\/alice-no-pais-das-maravilhas-2020\/","url":"https:\/\/novo.fabricaartes.pt\/index.php\/alice-no-pais-das-maravilhas-2020\/","name":"O Tempo Condena o Tempo Quanto Inverno o Tempo Tem - 2020 - F\u00e1brica das Artes","isPartOf":{"@id":"https:\/\/novo.fabricaartes.pt\/#website"},"datePublished":"2025-05-16T11:20:01+00:00","dateModified":"2025-06-17T17:39:00+00:00","breadcrumb":{"@id":"https:\/\/novo.fabricaartes.pt\/index.php\/alice-no-pais-das-maravilhas-2020\/#breadcrumb"},"inLanguage":"pt-PT","potentialAction":[{"@type":"ReadAction","target":["https:\/\/novo.fabricaartes.pt\/index.php\/alice-no-pais-das-maravilhas-2020\/"]}]},{"@type":"BreadcrumbList","@id":"https:\/\/novo.fabricaartes.pt\/index.php\/alice-no-pais-das-maravilhas-2020\/#breadcrumb","itemListElement":[{"@type":"ListItem","position":1,"name":"In\u00edcio","item":"https:\/\/novo.fabricaartes.pt\/"},{"@type":"ListItem","position":2,"name":"O Tempo Condena o Tempo Quanto Inverno o Tempo Tem &#8211; 2020"}]},{"@type":"WebSite","@id":"https:\/\/novo.fabricaartes.pt\/#website","url":"https:\/\/novo.fabricaartes.pt\/","name":"F\u00e1brica das Artes","description":"Fundado a 2 de outubro de 2017, a F\u00e1brica das Artes \u2013 Escola de Dan\u00e7a, tem como miss\u00e3o formar profissionais de dan\u00e7a de suprema qualidade art\u00edstica...","potentialAction":[{"@type":"SearchAction","target":{"@type":"EntryPoint","urlTemplate":"https:\/\/novo.fabricaartes.pt\/?s={search_term_string}"},"query-input":{"@type":"PropertyValueSpecification","valueRequired":true,"valueName":"search_term_string"}}],"inLanguage":"pt-PT"}]}},"_links":{"self":[{"href":"https:\/\/novo.fabricaartes.pt\/index.php\/wp-json\/wp\/v2\/pages\/364","targetHints":{"allow":["GET"]}}],"collection":[{"href":"https:\/\/novo.fabricaartes.pt\/index.php\/wp-json\/wp\/v2\/pages"}],"about":[{"href":"https:\/\/novo.fabricaartes.pt\/index.php\/wp-json\/wp\/v2\/types\/page"}],"author":[{"embeddable":true,"href":"https:\/\/novo.fabricaartes.pt\/index.php\/wp-json\/wp\/v2\/users\/2"}],"replies":[{"embeddable":true,"href":"https:\/\/novo.fabricaartes.pt\/index.php\/wp-json\/wp\/v2\/comments?post=364"}],"version-history":[{"count":15,"href":"https:\/\/novo.fabricaartes.pt\/index.php\/wp-json\/wp\/v2\/pages\/364\/revisions"}],"predecessor-version":[{"id":1650,"href":"https:\/\/novo.fabricaartes.pt\/index.php\/wp-json\/wp\/v2\/pages\/364\/revisions\/1650"}],"wp:attachment":[{"href":"https:\/\/novo.fabricaartes.pt\/index.php\/wp-json\/wp\/v2\/media?parent=364"}],"curies":[{"name":"wp","href":"https:\/\/api.w.org\/{rel}","templated":true}]}}