{"id":365,"date":"2025-05-16T11:20:17","date_gmt":"2025-05-16T11:20:17","guid":{"rendered":"https:\/\/novo.fabricaartes.pt\/?page_id=365"},"modified":"2025-06-17T17:37:40","modified_gmt":"2025-06-17T17:37:40","slug":"alice-no-pais-das-maravilhas-2021","status":"publish","type":"page","link":"https:\/\/novo.fabricaartes.pt\/index.php\/alice-no-pais-das-maravilhas-2021\/","title":{"rendered":"MUTATIO &#8211; 2021"},"content":{"rendered":"<p>[et_pb_section fb_built=&#8221;1&#8243; _builder_version=&#8221;4.27.4&#8243; _module_preset=&#8221;default&#8221; global_colors_info=&#8221;{}&#8221;][et_pb_row _builder_version=&#8221;4.27.4&#8243; _module_preset=&#8221;default&#8221; custom_margin=&#8221;|auto|-62px|auto||&#8221; global_colors_info=&#8221;{}&#8221;][et_pb_column type=&#8221;4_4&#8243; _builder_version=&#8221;4.27.4&#8243; _module_preset=&#8221;default&#8221; global_colors_info=&#8221;{}&#8221;][et_pb_text _builder_version=&#8221;4.27.4&#8243; _module_preset=&#8221;default&#8221; text_font=&#8221;&#8211;et_global_heading_font|600||on|||||&#8221; text_text_color=&#8221;#000000&#8243; text_font_size=&#8221;40px&#8221; hover_enabled=&#8221;0&#8243; global_colors_info=&#8221;{}&#8221; sticky_enabled=&#8221;0&#8243;]<\/p>\n<p style=\"text-align: left;\">MUTATIO<\/p>\n<p>[\/et_pb_text][\/et_pb_column][\/et_pb_row][\/et_pb_section][et_pb_section fb_built=&#8221;1&#8243; _builder_version=&#8221;4.27.4&#8243; _module_preset=&#8221;default&#8221; min_height=&#8221;156.6px&#8221; custom_margin=&#8221;||-115px|||&#8221; global_colors_info=&#8221;{}&#8221;][et_pb_row _builder_version=&#8221;4.27.4&#8243; _module_preset=&#8221;default&#8221; custom_padding=&#8221;0px|||||&#8221; global_colors_info=&#8221;{}&#8221;][et_pb_column type=&#8221;4_4&#8243; _builder_version=&#8221;4.27.4&#8243; _module_preset=&#8221;default&#8221; global_colors_info=&#8221;{}&#8221;][et_pb_text _builder_version=&#8221;4.27.4&#8243; _module_preset=&#8221;default&#8221; text_text_color=&#8221;#000000&#8243; text_font_size=&#8221;20px&#8221; hover_enabled=&#8221;0&#8243; global_colors_info=&#8221;{}&#8221; text_font=&#8221;&#8211;et_global_heading_font|600|||||||&#8221; sticky_enabled=&#8221;0&#8243;]<\/p>\n<p style=\"text-align: justify;\">MUTATIO \u00e9 um espet\u00e1culo que visa a mudan\u00e7a do ser humano relativamente a uma pandemia&#8230; que muta\u00e7\u00f5es pode o corpo sofrer para se adaptar&#8230;como pode o nosso c\u00e9rebro se ajustar&#8230; como podemos viver melhor e melhorar a nossa forma de estar perante a sociedade.<\/p>\n<p style=\"text-align: justify;\">MUTATIO derivado do latim que significa mudan\u00e7a \u00e9 um espet\u00e1culo que tem por base as respostas de algumas crian\u00e7as do nosso concelho sobre o que mudariam no corpo para combater o v\u00edrus, que muta\u00e7\u00f5es poderiam existir para podermos estar mais perto.<\/p>\n<p style=\"text-align: justify;\">Um novo ser humano com bra\u00e7os compridos para obedecer ao distanciamento, mas abra\u00e7ar de novo, uma bola de sab\u00e3o gigante que nos protege de tudo, uma cabe\u00e7a maior para ter um c\u00e9rebro maior e criar uma vacina&#8230; Um mundo virado ao contr\u00e1rio&#8230; Uma vis\u00e3o infantil sobre o paradigma da mudan\u00e7a e como o mundo poderia ser muito melhor visto pelo olhar das crian\u00e7as. Um espet\u00e1culo de Dan\u00e7a Contempor\u00e2nea em am\u00e1lgama com uma vis\u00e3o atual sobre a humanidade.<\/p>\n<p>[\/et_pb_text][\/et_pb_column][\/et_pb_row][\/et_pb_section][et_pb_section fb_built=&#8221;1&#8243; _builder_version=&#8221;4.27.4&#8243; _module_preset=&#8221;default&#8221; custom_padding=&#8221;||4px|||&#8221; global_colors_info=&#8221;{}&#8221;][et_pb_row _builder_version=&#8221;4.27.4&#8243; _module_preset=&#8221;default&#8221; global_colors_info=&#8221;{}&#8221;][et_pb_column type=&#8221;4_4&#8243; _builder_version=&#8221;4.27.4&#8243; _module_preset=&#8221;default&#8221; global_colors_info=&#8221;{}&#8221;][et_pb_gallery gallery_ids=&#8221;1400,1401,1402,1403,1404,1405,1406,1407,1408,1409,1410,1411,1412,1413,1414,1415,1416,1417,1418,1419,1420,1421,1422,1423,1424&#8243; gallery_orderby=&#8221;rand&#8221; fullwidth=&#8221;on&#8221; _builder_version=&#8221;4.27.4&#8243; _module_preset=&#8221;default&#8221; text_orientation=&#8221;center&#8221; custom_padding=&#8221;||0px|||&#8221; auto=&#8221;on&#8221; auto_speed=&#8221;2000&#8243; global_colors_info=&#8221;{}&#8221;][\/et_pb_gallery][\/et_pb_column][\/et_pb_row][\/et_pb_section][et_pb_section fb_built=&#8221;1&#8243; _builder_version=&#8221;4.27.4&#8243; _module_preset=&#8221;default&#8221; min_height=&#8221;250px&#8221; custom_margin=&#8221;||-74px|||&#8221; custom_padding=&#8221;||35px|||&#8221; global_colors_info=&#8221;{}&#8221;][et_pb_row _builder_version=&#8221;4.27.4&#8243; _module_preset=&#8221;default&#8221; global_colors_info=&#8221;{}&#8221;][et_pb_column type=&#8221;4_4&#8243; _builder_version=&#8221;4.27.4&#8243; _module_preset=&#8221;default&#8221; global_colors_info=&#8221;{}&#8221;][et_pb_text _builder_version=&#8221;4.27.4&#8243; _module_preset=&#8221;default&#8221; text_text_color=&#8221;#000000&#8243; text_font_size=&#8221;20px&#8221; text_orientation=&#8221;center&#8221; custom_margin=&#8221;-69px|||||&#8221; custom_padding=&#8221;3px|||||&#8221; hover_enabled=&#8221;0&#8243; global_colors_info=&#8221;{}&#8221; sticky_enabled=&#8221;0&#8243;]<\/p>\n<p style=\"text-align: left;\"><strong>COREOGRAFIAS<\/strong>\u00a0 Ana Nunes, Bruno Alexandre, Diana Gaspar, Diana Vieira, Joana Rodrigues<\/p>\n<p style=\"text-align: left;\"><strong>REPERT\u00d3RIO<\/strong>\u00a0Rosas danst Rosas \u2013 Anne Teresa De Keersmaeker<\/p>\n<p style=\"text-align: left;\"><strong>DIRE\u00c7\u00c3O ART\u00cdSTICA<\/strong>\u00a0Ana Nunes<\/p>\n<p style=\"text-align: left;\"><strong>DIRE\u00c7\u00c3O DE CENA E V\u00cdDEO C\u00c9NICO<\/strong>\u00a0Dino da Costa<\/p>\n<p style=\"text-align: left;\"><strong>FOTOGRAFIA<\/strong> Catarina Ad\u00e3o<\/p>\n<p>[\/et_pb_text][\/et_pb_column][\/et_pb_row][\/et_pb_section][et_pb_section fb_built=&#8221;1&#8243; _builder_version=&#8221;4.27.4&#8243; _module_preset=&#8221;default&#8221; custom_padding=&#8221;||1px|||&#8221; global_colors_info=&#8221;{}&#8221;][et_pb_row _builder_version=&#8221;4.27.4&#8243; _module_preset=&#8221;default&#8221; global_colors_info=&#8221;{}&#8221;][et_pb_column type=&#8221;4_4&#8243; _builder_version=&#8221;4.27.4&#8243; _module_preset=&#8221;default&#8221; global_colors_info=&#8221;{}&#8221;][et_pb_image src=&#8221;https:\/\/novo.fabricaartes.pt\/wp-content\/uploads\/2025\/05\/IMG_5511-scaled.jpg&#8221; title_text=&#8221;IMG_5511&#8243; _builder_version=&#8221;4.27.4&#8243; _module_preset=&#8221;default&#8221; global_colors_info=&#8221;{}&#8221;][\/et_pb_image][\/et_pb_column][\/et_pb_row][\/et_pb_section]<\/p>\n","protected":false},"excerpt":{"rendered":"<p>MUTATIOMUTATIO \u00e9 um espet\u00e1culo que visa a mudan\u00e7a do ser humano relativamente a uma pandemia&#8230; que muta\u00e7\u00f5es pode o corpo sofrer para se adaptar&#8230;como pode o nosso c\u00e9rebro se ajustar&#8230; como podemos viver melhor e melhorar a nossa forma de estar perante a sociedade. MUTATIO derivado do latim que significa mudan\u00e7a \u00e9 um espet\u00e1culo que [&hellip;]<\/p>\n","protected":false},"author":2,"featured_media":0,"parent":0,"menu_order":0,"comment_status":"closed","ping_status":"closed","template":"","meta":{"_et_pb_use_builder":"on","_et_pb_old_content":"","_et_gb_content_width":"","footnotes":""},"class_list":["post-365","page","type-page","status-publish","hentry"],"yoast_head":"<!-- This site is optimized with the Yoast SEO plugin v27.4 - https:\/\/yoast.com\/product\/yoast-seo-wordpress\/ -->\n<title>MUTATIO - 2021 - F\u00e1brica das Artes<\/title>\n<meta name=\"robots\" content=\"index, follow, max-snippet:-1, max-image-preview:large, max-video-preview:-1\" \/>\n<link rel=\"canonical\" href=\"https:\/\/novo.fabricaartes.pt\/index.php\/alice-no-pais-das-maravilhas-2021\/\" \/>\n<meta property=\"og:locale\" content=\"pt_PT\" \/>\n<meta property=\"og:type\" content=\"article\" \/>\n<meta property=\"og:title\" content=\"MUTATIO - 2021 - F\u00e1brica das Artes\" \/>\n<meta property=\"og:description\" content=\"MUTATIOMUTATIO \u00e9 um espet\u00e1culo que visa a mudan\u00e7a do ser humano relativamente a uma pandemia... que muta\u00e7\u00f5es pode o corpo sofrer para se adaptar...como pode o nosso c\u00e9rebro se ajustar... como podemos viver melhor e melhorar a nossa forma de estar perante a sociedade. MUTATIO derivado do latim que significa mudan\u00e7a \u00e9 um espet\u00e1culo que [&hellip;]\" \/>\n<meta property=\"og:url\" content=\"https:\/\/novo.fabricaartes.pt\/index.php\/alice-no-pais-das-maravilhas-2021\/\" \/>\n<meta property=\"og:site_name\" content=\"F\u00e1brica das Artes\" \/>\n<meta property=\"article:modified_time\" content=\"2025-06-17T17:37:40+00:00\" \/>\n<meta name=\"twitter:card\" content=\"summary_large_image\" \/>\n<meta name=\"twitter:label1\" content=\"Tempo estimado de leitura\" \/>\n\t<meta name=\"twitter:data1\" content=\"3 minutos\" \/>\n<script type=\"application\/ld+json\" class=\"yoast-schema-graph\">{\"@context\":\"https:\\\/\\\/schema.org\",\"@graph\":[{\"@type\":\"WebPage\",\"@id\":\"https:\\\/\\\/novo.fabricaartes.pt\\\/index.php\\\/alice-no-pais-das-maravilhas-2021\\\/\",\"url\":\"https:\\\/\\\/novo.fabricaartes.pt\\\/index.php\\\/alice-no-pais-das-maravilhas-2021\\\/\",\"name\":\"MUTATIO - 2021 - F\u00e1brica das Artes\",\"isPartOf\":{\"@id\":\"https:\\\/\\\/novo.fabricaartes.pt\\\/#website\"},\"datePublished\":\"2025-05-16T11:20:17+00:00\",\"dateModified\":\"2025-06-17T17:37:40+00:00\",\"breadcrumb\":{\"@id\":\"https:\\\/\\\/novo.fabricaartes.pt\\\/index.php\\\/alice-no-pais-das-maravilhas-2021\\\/#breadcrumb\"},\"inLanguage\":\"pt-PT\",\"potentialAction\":[{\"@type\":\"ReadAction\",\"target\":[\"https:\\\/\\\/novo.fabricaartes.pt\\\/index.php\\\/alice-no-pais-das-maravilhas-2021\\\/\"]}]},{\"@type\":\"BreadcrumbList\",\"@id\":\"https:\\\/\\\/novo.fabricaartes.pt\\\/index.php\\\/alice-no-pais-das-maravilhas-2021\\\/#breadcrumb\",\"itemListElement\":[{\"@type\":\"ListItem\",\"position\":1,\"name\":\"In\u00edcio\",\"item\":\"https:\\\/\\\/novo.fabricaartes.pt\\\/\"},{\"@type\":\"ListItem\",\"position\":2,\"name\":\"MUTATIO &#8211; 2021\"}]},{\"@type\":\"WebSite\",\"@id\":\"https:\\\/\\\/novo.fabricaartes.pt\\\/#website\",\"url\":\"https:\\\/\\\/novo.fabricaartes.pt\\\/\",\"name\":\"F\u00e1brica das Artes\",\"description\":\"Fundado a 2 de outubro de 2017, a F\u00e1brica das Artes \u2013 Escola de Dan\u00e7a, tem como miss\u00e3o formar profissionais de dan\u00e7a de suprema qualidade art\u00edstica...\",\"potentialAction\":[{\"@type\":\"SearchAction\",\"target\":{\"@type\":\"EntryPoint\",\"urlTemplate\":\"https:\\\/\\\/novo.fabricaartes.pt\\\/?s={search_term_string}\"},\"query-input\":{\"@type\":\"PropertyValueSpecification\",\"valueRequired\":true,\"valueName\":\"search_term_string\"}}],\"inLanguage\":\"pt-PT\"}]}<\/script>\n<!-- \/ Yoast SEO plugin. -->","yoast_head_json":{"title":"MUTATIO - 2021 - F\u00e1brica das Artes","robots":{"index":"index","follow":"follow","max-snippet":"max-snippet:-1","max-image-preview":"max-image-preview:large","max-video-preview":"max-video-preview:-1"},"canonical":"https:\/\/novo.fabricaartes.pt\/index.php\/alice-no-pais-das-maravilhas-2021\/","og_locale":"pt_PT","og_type":"article","og_title":"MUTATIO - 2021 - F\u00e1brica das Artes","og_description":"MUTATIOMUTATIO \u00e9 um espet\u00e1culo que visa a mudan\u00e7a do ser humano relativamente a uma pandemia... que muta\u00e7\u00f5es pode o corpo sofrer para se adaptar...como pode o nosso c\u00e9rebro se ajustar... como podemos viver melhor e melhorar a nossa forma de estar perante a sociedade. MUTATIO derivado do latim que significa mudan\u00e7a \u00e9 um espet\u00e1culo que [&hellip;]","og_url":"https:\/\/novo.fabricaartes.pt\/index.php\/alice-no-pais-das-maravilhas-2021\/","og_site_name":"F\u00e1brica das Artes","article_modified_time":"2025-06-17T17:37:40+00:00","twitter_card":"summary_large_image","twitter_misc":{"Tempo estimado de leitura":"3 minutos"},"schema":{"@context":"https:\/\/schema.org","@graph":[{"@type":"WebPage","@id":"https:\/\/novo.fabricaartes.pt\/index.php\/alice-no-pais-das-maravilhas-2021\/","url":"https:\/\/novo.fabricaartes.pt\/index.php\/alice-no-pais-das-maravilhas-2021\/","name":"MUTATIO - 2021 - F\u00e1brica das Artes","isPartOf":{"@id":"https:\/\/novo.fabricaartes.pt\/#website"},"datePublished":"2025-05-16T11:20:17+00:00","dateModified":"2025-06-17T17:37:40+00:00","breadcrumb":{"@id":"https:\/\/novo.fabricaartes.pt\/index.php\/alice-no-pais-das-maravilhas-2021\/#breadcrumb"},"inLanguage":"pt-PT","potentialAction":[{"@type":"ReadAction","target":["https:\/\/novo.fabricaartes.pt\/index.php\/alice-no-pais-das-maravilhas-2021\/"]}]},{"@type":"BreadcrumbList","@id":"https:\/\/novo.fabricaartes.pt\/index.php\/alice-no-pais-das-maravilhas-2021\/#breadcrumb","itemListElement":[{"@type":"ListItem","position":1,"name":"In\u00edcio","item":"https:\/\/novo.fabricaartes.pt\/"},{"@type":"ListItem","position":2,"name":"MUTATIO &#8211; 2021"}]},{"@type":"WebSite","@id":"https:\/\/novo.fabricaartes.pt\/#website","url":"https:\/\/novo.fabricaartes.pt\/","name":"F\u00e1brica das Artes","description":"Fundado a 2 de outubro de 2017, a F\u00e1brica das Artes \u2013 Escola de Dan\u00e7a, tem como miss\u00e3o formar profissionais de dan\u00e7a de suprema qualidade art\u00edstica...","potentialAction":[{"@type":"SearchAction","target":{"@type":"EntryPoint","urlTemplate":"https:\/\/novo.fabricaartes.pt\/?s={search_term_string}"},"query-input":{"@type":"PropertyValueSpecification","valueRequired":true,"valueName":"search_term_string"}}],"inLanguage":"pt-PT"}]}},"_links":{"self":[{"href":"https:\/\/novo.fabricaartes.pt\/index.php\/wp-json\/wp\/v2\/pages\/365","targetHints":{"allow":["GET"]}}],"collection":[{"href":"https:\/\/novo.fabricaartes.pt\/index.php\/wp-json\/wp\/v2\/pages"}],"about":[{"href":"https:\/\/novo.fabricaartes.pt\/index.php\/wp-json\/wp\/v2\/types\/page"}],"author":[{"embeddable":true,"href":"https:\/\/novo.fabricaartes.pt\/index.php\/wp-json\/wp\/v2\/users\/2"}],"replies":[{"embeddable":true,"href":"https:\/\/novo.fabricaartes.pt\/index.php\/wp-json\/wp\/v2\/comments?post=365"}],"version-history":[{"count":12,"href":"https:\/\/novo.fabricaartes.pt\/index.php\/wp-json\/wp\/v2\/pages\/365\/revisions"}],"predecessor-version":[{"id":1649,"href":"https:\/\/novo.fabricaartes.pt\/index.php\/wp-json\/wp\/v2\/pages\/365\/revisions\/1649"}],"wp:attachment":[{"href":"https:\/\/novo.fabricaartes.pt\/index.php\/wp-json\/wp\/v2\/media?parent=365"}],"curies":[{"name":"wp","href":"https:\/\/api.w.org\/{rel}","templated":true}]}}