{"id":366,"date":"2025-05-16T14:44:46","date_gmt":"2025-05-16T14:44:46","guid":{"rendered":"https:\/\/novo.fabricaartes.pt\/?page_id=366"},"modified":"2025-06-17T17:35:54","modified_gmt":"2025-06-17T17:35:54","slug":"le-bleu-du-voyage-2022","status":"publish","type":"page","link":"https:\/\/novo.fabricaartes.pt\/index.php\/le-bleu-du-voyage-2022\/","title":{"rendered":"Le Bleu du Voyage &#8211; 2022"},"content":{"rendered":"<p>[et_pb_section fb_built=&#8221;1&#8243; _builder_version=&#8221;4.27.4&#8243; _module_preset=&#8221;default&#8221; global_colors_info=&#8221;{}&#8221;][et_pb_row _builder_version=&#8221;4.27.4&#8243; _module_preset=&#8221;default&#8221; custom_margin=&#8221;|auto|-62px|auto||&#8221; global_colors_info=&#8221;{}&#8221;][et_pb_column type=&#8221;4_4&#8243; _builder_version=&#8221;4.27.4&#8243; _module_preset=&#8221;default&#8221; global_colors_info=&#8221;{}&#8221;][et_pb_text _builder_version=&#8221;4.27.4&#8243; _module_preset=&#8221;default&#8221; text_font=&#8221;&#8211;et_global_body_font|600||on|||||&#8221; text_text_color=&#8221;#000000&#8243; text_font_size=&#8221;40px&#8221; hover_enabled=&#8221;0&#8243; global_colors_info=&#8221;{}&#8221; sticky_enabled=&#8221;0&#8243;]<\/p>\n<p style=\"text-align: left;\">Le Bleu du Voyage<\/p>\n<p>[\/et_pb_text][\/et_pb_column][\/et_pb_row][\/et_pb_section][et_pb_section fb_built=&#8221;1&#8243; _builder_version=&#8221;4.27.4&#8243; _module_preset=&#8221;default&#8221; min_height=&#8221;156.6px&#8221; custom_margin=&#8221;||-115px|||&#8221; global_colors_info=&#8221;{}&#8221;][et_pb_row _builder_version=&#8221;4.27.4&#8243; _module_preset=&#8221;default&#8221; custom_padding=&#8221;0px|||||&#8221; global_colors_info=&#8221;{}&#8221;][et_pb_column type=&#8221;4_4&#8243; _builder_version=&#8221;4.27.4&#8243; _module_preset=&#8221;default&#8221; global_colors_info=&#8221;{}&#8221;][et_pb_text _builder_version=&#8221;4.27.4&#8243; _module_preset=&#8221;default&#8221; text_text_color=&#8221;#000000&#8243; text_font_size=&#8221;20px&#8221; hover_enabled=&#8221;0&#8243; global_colors_info=&#8221;{}&#8221; text_font=&#8221;&#8211;et_global_body_font|600|||||||&#8221; sticky_enabled=&#8221;0&#8243; custom_margin=&#8221;-19px|||||&#8221;]<\/p>\n<p data-start=\"249\" data-end=\"413\" style=\"text-align: justify;\">Esta \u00e9 uma hist\u00f3ria baseada no antigo bailado Le Train Bleu (1924), que nos remete aos anos 20, com adapta\u00e7\u00e3o da hist\u00f3ria e repert\u00f3rio a um tempo contempor\u00e2neo.<\/p>\n<p data-start=\"420\" data-end=\"620\" style=\"text-align: justify;\">Evoca-se uma \u00e9poca luxuosa que retrata uma sociedade sofisticada, cuja a\u00e7\u00e3o decorre no comboio azul que transporta desportistas e banhistas para a praia da moda na costa de Fran\u00e7a, a French Riviera.<\/p>\n<p data-start=\"627\" data-end=\"783\" style=\"text-align: justify;\">Chegados \u00e0 praia, h\u00e1 quem se dedique \u00e0 pr\u00e1tica de desporto como o t\u00e9nis ou golfe, e quem prefira aproveitar o sol de forma elegante, requintada e rom\u00e2ntica.<\/p>\n<p>[\/et_pb_text][\/et_pb_column][\/et_pb_row][\/et_pb_section][et_pb_section fb_built=&#8221;1&#8243; _builder_version=&#8221;4.27.4&#8243; _module_preset=&#8221;default&#8221; global_colors_info=&#8221;{}&#8221;][et_pb_row _builder_version=&#8221;4.27.4&#8243; _module_preset=&#8221;default&#8221; global_colors_info=&#8221;{}&#8221;][et_pb_column type=&#8221;4_4&#8243; _builder_version=&#8221;4.27.4&#8243; _module_preset=&#8221;default&#8221; global_colors_info=&#8221;{}&#8221;][et_pb_gallery gallery_ids=&#8221;856,857,858,859,860,861,862,863,864,865,866,867,868,869,870,871,872,873,874,875,876,877&#8243; gallery_orderby=&#8221;rand&#8221; fullwidth=&#8221;on&#8221; _builder_version=&#8221;4.27.4&#8243; _module_preset=&#8221;default&#8221; text_orientation=&#8221;center&#8221; custom_padding=&#8221;||0px|||&#8221; auto=&#8221;on&#8221; auto_speed=&#8221;2000&#8243; global_colors_info=&#8221;{}&#8221;][\/et_pb_gallery][\/et_pb_column][\/et_pb_row][\/et_pb_section][et_pb_section fb_built=&#8221;1&#8243; _builder_version=&#8221;4.27.4&#8243; _module_preset=&#8221;default&#8221; min_height=&#8221;250px&#8221; custom_margin=&#8221;||-74px|||&#8221; custom_padding=&#8221;||35px|||&#8221; global_colors_info=&#8221;{}&#8221;][et_pb_row _builder_version=&#8221;4.27.4&#8243; _module_preset=&#8221;default&#8221; global_colors_info=&#8221;{}&#8221;][et_pb_column type=&#8221;4_4&#8243; _builder_version=&#8221;4.27.4&#8243; _module_preset=&#8221;default&#8221; global_colors_info=&#8221;{}&#8221;][et_pb_text _builder_version=&#8221;4.27.4&#8243; _module_preset=&#8221;default&#8221; text_text_color=&#8221;#000000&#8243; text_font_size=&#8221;20px&#8221; text_orientation=&#8221;center&#8221; custom_margin=&#8221;-69px|||||&#8221; global_colors_info=&#8221;{}&#8221;]<\/p>\n<p data-start=\"496\" data-end=\"876\" style=\"text-align: left;\"><strong data-start=\"532\" data-end=\"558\"><span class=\"_fadeIn_m1hgl_8\">Adapta\u00e7\u00e3o <\/span><span class=\"_fadeIn_m1hgl_8\">e <\/span><span class=\"_fadeIn_m1hgl_8\">Repert\u00f3rio<\/span><\/strong><span class=\"_fadeIn_m1hgl_8\">\u00a0<\/span><span class=\"_fadeIn_m1hgl_8\">do <\/span><span class=\"_fadeIn_m1hgl_8\">bailado <\/span><em data-start=\"571\" data-end=\"588\"><span class=\"_fadeIn_m1hgl_8\">\u201c<\/span><span class=\"_fadeIn_m1hgl_8\">Le <\/span><span class=\"_fadeIn_m1hgl_8\">Train <\/span><span class=\"_fadeIn_m1hgl_8\">Bleu\u201d<\/span><\/em><span class=\"_fadeIn_m1hgl_8\">, <\/span><span class=\"_fadeIn_m1hgl_8\">da <\/span><span class=\"_fadeIn_m1hgl_8\">core\u00f3grafa <\/span><span class=\"_fadeIn_m1hgl_8\">Bronislava <\/span><span class=\"_fadeIn_m1hgl_8\">Nijinska (<\/span><span class=\"_fadeIn_m1hgl_8\">1924) <\/span><span class=\"_fadeIn_m1hgl_8\">com <\/span><span class=\"_fadeIn_m1hgl_8\">m\u00fasica <\/span><span class=\"_fadeIn_m1hgl_8\">de <\/span><span class=\"_fadeIn_m1hgl_8\">Darius <\/span><span class=\"_fadeIn_m1hgl_8\">Milhaud <\/span><span class=\"_fadeIn_m1hgl_8\">para <\/span><span class=\"_fadeIn_m1hgl_8\">Ballets <\/span><span class=\"_fadeIn_m1hgl_8\">Russes <\/span><span class=\"_fadeIn_m1hgl_8\">de <\/span><span class=\"_fadeIn_m1hgl_8\">Serge <\/span><span class=\"_fadeIn_m1hgl_8\">Diaghilev<\/span><\/p>\n<p data-start=\"496\" data-end=\"876\" style=\"text-align: left;\"><strong style=\"font-size: 20px; text-align: center;\"><\/strong><\/p>\n<p data-start=\"496\" data-end=\"876\" style=\"text-align: left;\"><strong style=\"font-size: 20px; text-align: center;\">Desenho de luz e opera\u00e7\u00e3o<\/strong><span style=\"font-size: 20px; text-align: center;\">\u00a0Dino da Costa<\/span><\/p>\n<p data-start=\"496\" data-end=\"876\" style=\"text-align: left;\"><strong style=\"font-size: 20px; text-align: center;\"><\/strong><\/p>\n<p data-start=\"496\" data-end=\"876\" style=\"text-align: left;\"><strong style=\"font-size: 20px; text-align: center;\">Dire\u00e7\u00e3o de Cena<\/strong><span style=\"font-size: 20px; text-align: center;\">\u00a0Dino da Costa<\/span><\/p>\n<p data-start=\"496\" data-end=\"876\" style=\"text-align: left;\"><strong data-start=\"763\" data-end=\"778\" style=\"font-size: 20px; text-align: center;\"><span class=\"_fadeIn_m1hgl_8\"><\/span><\/strong><\/p>\n<p data-start=\"496\" data-end=\"876\" style=\"text-align: left;\"><strong data-start=\"763\" data-end=\"778\" style=\"font-size: 20px; text-align: center;\"><span class=\"_fadeIn_m1hgl_8\">Coreografia<\/span><\/strong><span class=\"_fadeIn_m1hgl_8\" style=\"font-size: 20px; text-align: center;\">\u00a0<\/span><span class=\"_fadeIn_m1hgl_8\" style=\"font-size: 20px; text-align: center;\">Ana <\/span><span class=\"_fadeIn_m1hgl_8\" style=\"font-size: 20px; text-align: center;\">Nunes, <\/span><span class=\"_fadeIn_m1hgl_8\" style=\"font-size: 20px; text-align: center;\">Ana <\/span><span class=\"_fadeIn_m1hgl_8\" style=\"font-size: 20px; text-align: center;\">de <\/span><span class=\"_fadeIn_m1hgl_8\" style=\"font-size: 20px; text-align: center;\">Castro, <\/span><span class=\"_fadeIn_m1hgl_8\" style=\"font-size: 20px; text-align: center;\">Diana <\/span><span class=\"_fadeIn_m1hgl_8\" style=\"font-size: 20px; text-align: center;\">Gaspar, <\/span><span class=\"_fadeIn_m1hgl_8\" style=\"font-size: 20px; text-align: center;\">Joana <\/span><span class=\"_fadeIn_m1hgl_8\" style=\"font-size: 20px; text-align: center;\">Campos<\/span><span class=\"_fadeIn_m1hgl_8\" style=\"font-size: 20px; text-align: center;\"><\/span><span class=\"_fadeIn_m1hgl_8\" style=\"font-size: 20px; text-align: center;\"><\/span><\/p>\n<p data-start=\"496\" data-end=\"876\" style=\"text-align: left;\"><span class=\"_fadeIn_m1hgl_8\" style=\"font-size: 20px; text-align: center;\"><\/span><\/p>\n<p data-start=\"496\" data-end=\"876\" style=\"text-align: left;\"><strong data-start=\"763\" data-end=\"778\" style=\"font-size: 20px; text-align: center;\"><span class=\"_fadeIn_m1hgl_8\">Fotografia<\/span><\/strong><span class=\"_fadeIn_m1hgl_8\" style=\"font-size: 20px; text-align: center;\">\u00a0Catarina Ad\u00e3o<\/span><\/p>\n<p data-start=\"496\" data-end=\"876\" style=\"text-align: left;\"><span class=\"_fadeIn_m1hgl_8\" style=\"font-size: 20px; text-align: center;\"><\/span><\/p>\n<p>[\/et_pb_text][\/et_pb_column][\/et_pb_row][\/et_pb_section][et_pb_section fb_built=&#8221;1&#8243; _builder_version=&#8221;4.27.4&#8243; _module_preset=&#8221;default&#8221; custom_padding=&#8221;||1px|||&#8221; global_colors_info=&#8221;{}&#8221;][et_pb_row _builder_version=&#8221;4.27.4&#8243; _module_preset=&#8221;default&#8221; global_colors_info=&#8221;{}&#8221;][et_pb_column type=&#8221;4_4&#8243; _builder_version=&#8221;4.27.4&#8243; _module_preset=&#8221;default&#8221; global_colors_info=&#8221;{}&#8221;][et_pb_image src=&#8221;https:\/\/novo.fabricaartes.pt\/wp-content\/uploads\/2025\/05\/DS_FABRICAdasARTES_Espetaculo_Noite_079-scaled.jpg&#8221; title_text=&#8221;DS_F\u00c1BRICAdasARTES_Espet\u00e1culo_Noite_079&#8243; _builder_version=&#8221;4.27.4&#8243; _module_preset=&#8221;default&#8221; global_colors_info=&#8221;{}&#8221;][\/et_pb_image][\/et_pb_column][\/et_pb_row][\/et_pb_section]<\/p>\n","protected":false},"excerpt":{"rendered":"<p>Le Bleu du VoyageEsta \u00e9 uma hist\u00f3ria baseada no antigo bailado Le Train Bleu (1924), que nos remete aos anos 20, com adapta\u00e7\u00e3o da hist\u00f3ria e repert\u00f3rio a um tempo contempor\u00e2neo. Evoca-se uma \u00e9poca luxuosa que retrata uma sociedade sofisticada, cuja a\u00e7\u00e3o decorre no comboio azul que transporta desportistas e banhistas para a praia da [&hellip;]<\/p>\n","protected":false},"author":2,"featured_media":0,"parent":0,"menu_order":0,"comment_status":"closed","ping_status":"closed","template":"","meta":{"_et_pb_use_builder":"on","_et_pb_old_content":"","_et_gb_content_width":"","footnotes":""},"class_list":["post-366","page","type-page","status-publish","hentry"],"yoast_head":"<!-- This site is optimized with the Yoast SEO plugin v27.4 - https:\/\/yoast.com\/product\/yoast-seo-wordpress\/ -->\n<title>Le Bleu du Voyage - 2022 - F\u00e1brica das Artes<\/title>\n<meta name=\"robots\" content=\"index, follow, max-snippet:-1, max-image-preview:large, max-video-preview:-1\" \/>\n<link rel=\"canonical\" href=\"https:\/\/novo.fabricaartes.pt\/index.php\/le-bleu-du-voyage-2022\/\" \/>\n<meta property=\"og:locale\" content=\"pt_PT\" \/>\n<meta property=\"og:type\" content=\"article\" \/>\n<meta property=\"og:title\" content=\"Le Bleu du Voyage - 2022 - F\u00e1brica das Artes\" \/>\n<meta property=\"og:description\" content=\"Le Bleu du VoyageEsta \u00e9 uma hist\u00f3ria baseada no antigo bailado Le Train Bleu (1924), que nos remete aos anos 20, com adapta\u00e7\u00e3o da hist\u00f3ria e repert\u00f3rio a um tempo contempor\u00e2neo. Evoca-se uma \u00e9poca luxuosa que retrata uma sociedade sofisticada, cuja a\u00e7\u00e3o decorre no comboio azul que transporta desportistas e banhistas para a praia da [&hellip;]\" \/>\n<meta property=\"og:url\" content=\"https:\/\/novo.fabricaartes.pt\/index.php\/le-bleu-du-voyage-2022\/\" \/>\n<meta property=\"og:site_name\" content=\"F\u00e1brica das Artes\" \/>\n<meta property=\"article:modified_time\" content=\"2025-06-17T17:35:54+00:00\" \/>\n<meta name=\"twitter:card\" content=\"summary_large_image\" \/>\n<meta name=\"twitter:label1\" content=\"Tempo estimado de leitura\" \/>\n\t<meta name=\"twitter:data1\" content=\"3 minutos\" \/>\n<script type=\"application\/ld+json\" class=\"yoast-schema-graph\">{\"@context\":\"https:\\\/\\\/schema.org\",\"@graph\":[{\"@type\":\"WebPage\",\"@id\":\"https:\\\/\\\/novo.fabricaartes.pt\\\/index.php\\\/le-bleu-du-voyage-2022\\\/\",\"url\":\"https:\\\/\\\/novo.fabricaartes.pt\\\/index.php\\\/le-bleu-du-voyage-2022\\\/\",\"name\":\"Le Bleu du Voyage - 2022 - F\u00e1brica das Artes\",\"isPartOf\":{\"@id\":\"https:\\\/\\\/novo.fabricaartes.pt\\\/#website\"},\"datePublished\":\"2025-05-16T14:44:46+00:00\",\"dateModified\":\"2025-06-17T17:35:54+00:00\",\"breadcrumb\":{\"@id\":\"https:\\\/\\\/novo.fabricaartes.pt\\\/index.php\\\/le-bleu-du-voyage-2022\\\/#breadcrumb\"},\"inLanguage\":\"pt-PT\",\"potentialAction\":[{\"@type\":\"ReadAction\",\"target\":[\"https:\\\/\\\/novo.fabricaartes.pt\\\/index.php\\\/le-bleu-du-voyage-2022\\\/\"]}]},{\"@type\":\"BreadcrumbList\",\"@id\":\"https:\\\/\\\/novo.fabricaartes.pt\\\/index.php\\\/le-bleu-du-voyage-2022\\\/#breadcrumb\",\"itemListElement\":[{\"@type\":\"ListItem\",\"position\":1,\"name\":\"In\u00edcio\",\"item\":\"https:\\\/\\\/novo.fabricaartes.pt\\\/\"},{\"@type\":\"ListItem\",\"position\":2,\"name\":\"Le Bleu du Voyage &#8211; 2022\"}]},{\"@type\":\"WebSite\",\"@id\":\"https:\\\/\\\/novo.fabricaartes.pt\\\/#website\",\"url\":\"https:\\\/\\\/novo.fabricaartes.pt\\\/\",\"name\":\"F\u00e1brica das Artes\",\"description\":\"Fundado a 2 de outubro de 2017, a F\u00e1brica das Artes \u2013 Escola de Dan\u00e7a, tem como miss\u00e3o formar profissionais de dan\u00e7a de suprema qualidade art\u00edstica...\",\"potentialAction\":[{\"@type\":\"SearchAction\",\"target\":{\"@type\":\"EntryPoint\",\"urlTemplate\":\"https:\\\/\\\/novo.fabricaartes.pt\\\/?s={search_term_string}\"},\"query-input\":{\"@type\":\"PropertyValueSpecification\",\"valueRequired\":true,\"valueName\":\"search_term_string\"}}],\"inLanguage\":\"pt-PT\"}]}<\/script>\n<!-- \/ Yoast SEO plugin. -->","yoast_head_json":{"title":"Le Bleu du Voyage - 2022 - F\u00e1brica das Artes","robots":{"index":"index","follow":"follow","max-snippet":"max-snippet:-1","max-image-preview":"max-image-preview:large","max-video-preview":"max-video-preview:-1"},"canonical":"https:\/\/novo.fabricaartes.pt\/index.php\/le-bleu-du-voyage-2022\/","og_locale":"pt_PT","og_type":"article","og_title":"Le Bleu du Voyage - 2022 - F\u00e1brica das Artes","og_description":"Le Bleu du VoyageEsta \u00e9 uma hist\u00f3ria baseada no antigo bailado Le Train Bleu (1924), que nos remete aos anos 20, com adapta\u00e7\u00e3o da hist\u00f3ria e repert\u00f3rio a um tempo contempor\u00e2neo. Evoca-se uma \u00e9poca luxuosa que retrata uma sociedade sofisticada, cuja a\u00e7\u00e3o decorre no comboio azul que transporta desportistas e banhistas para a praia da [&hellip;]","og_url":"https:\/\/novo.fabricaartes.pt\/index.php\/le-bleu-du-voyage-2022\/","og_site_name":"F\u00e1brica das Artes","article_modified_time":"2025-06-17T17:35:54+00:00","twitter_card":"summary_large_image","twitter_misc":{"Tempo estimado de leitura":"3 minutos"},"schema":{"@context":"https:\/\/schema.org","@graph":[{"@type":"WebPage","@id":"https:\/\/novo.fabricaartes.pt\/index.php\/le-bleu-du-voyage-2022\/","url":"https:\/\/novo.fabricaartes.pt\/index.php\/le-bleu-du-voyage-2022\/","name":"Le Bleu du Voyage - 2022 - F\u00e1brica das Artes","isPartOf":{"@id":"https:\/\/novo.fabricaartes.pt\/#website"},"datePublished":"2025-05-16T14:44:46+00:00","dateModified":"2025-06-17T17:35:54+00:00","breadcrumb":{"@id":"https:\/\/novo.fabricaartes.pt\/index.php\/le-bleu-du-voyage-2022\/#breadcrumb"},"inLanguage":"pt-PT","potentialAction":[{"@type":"ReadAction","target":["https:\/\/novo.fabricaartes.pt\/index.php\/le-bleu-du-voyage-2022\/"]}]},{"@type":"BreadcrumbList","@id":"https:\/\/novo.fabricaartes.pt\/index.php\/le-bleu-du-voyage-2022\/#breadcrumb","itemListElement":[{"@type":"ListItem","position":1,"name":"In\u00edcio","item":"https:\/\/novo.fabricaartes.pt\/"},{"@type":"ListItem","position":2,"name":"Le Bleu du Voyage &#8211; 2022"}]},{"@type":"WebSite","@id":"https:\/\/novo.fabricaartes.pt\/#website","url":"https:\/\/novo.fabricaartes.pt\/","name":"F\u00e1brica das Artes","description":"Fundado a 2 de outubro de 2017, a F\u00e1brica das Artes \u2013 Escola de Dan\u00e7a, tem como miss\u00e3o formar profissionais de dan\u00e7a de suprema qualidade art\u00edstica...","potentialAction":[{"@type":"SearchAction","target":{"@type":"EntryPoint","urlTemplate":"https:\/\/novo.fabricaartes.pt\/?s={search_term_string}"},"query-input":{"@type":"PropertyValueSpecification","valueRequired":true,"valueName":"search_term_string"}}],"inLanguage":"pt-PT"}]}},"_links":{"self":[{"href":"https:\/\/novo.fabricaartes.pt\/index.php\/wp-json\/wp\/v2\/pages\/366","targetHints":{"allow":["GET"]}}],"collection":[{"href":"https:\/\/novo.fabricaartes.pt\/index.php\/wp-json\/wp\/v2\/pages"}],"about":[{"href":"https:\/\/novo.fabricaartes.pt\/index.php\/wp-json\/wp\/v2\/types\/page"}],"author":[{"embeddable":true,"href":"https:\/\/novo.fabricaartes.pt\/index.php\/wp-json\/wp\/v2\/users\/2"}],"replies":[{"embeddable":true,"href":"https:\/\/novo.fabricaartes.pt\/index.php\/wp-json\/wp\/v2\/comments?post=366"}],"version-history":[{"count":10,"href":"https:\/\/novo.fabricaartes.pt\/index.php\/wp-json\/wp\/v2\/pages\/366\/revisions"}],"predecessor-version":[{"id":1648,"href":"https:\/\/novo.fabricaartes.pt\/index.php\/wp-json\/wp\/v2\/pages\/366\/revisions\/1648"}],"wp:attachment":[{"href":"https:\/\/novo.fabricaartes.pt\/index.php\/wp-json\/wp\/v2\/media?parent=366"}],"curies":[{"name":"wp","href":"https:\/\/api.w.org\/{rel}","templated":true}]}}