{"id":367,"date":"2025-05-16T14:51:42","date_gmt":"2025-05-16T14:51:42","guid":{"rendered":"https:\/\/novo.fabricaartes.pt\/?page_id=367"},"modified":"2025-06-17T17:33:38","modified_gmt":"2025-06-17T17:33:38","slug":"el-ingenioso-hidalgo-de-la-mancha","status":"publish","type":"page","link":"https:\/\/novo.fabricaartes.pt\/index.php\/el-ingenioso-hidalgo-de-la-mancha\/","title":{"rendered":"EL INGENIOSO HIDALGO DE LA MANCHA &#8211; 2023"},"content":{"rendered":"<p>[et_pb_section fb_built=&#8221;1&#8243; _builder_version=&#8221;4.27.4&#8243; _module_preset=&#8221;default&#8221; global_colors_info=&#8221;{}&#8221;][et_pb_row _builder_version=&#8221;4.27.4&#8243; _module_preset=&#8221;default&#8221; custom_margin=&#8221;|auto|-62px|auto||&#8221; global_colors_info=&#8221;{}&#8221;][et_pb_column type=&#8221;4_4&#8243; _builder_version=&#8221;4.27.4&#8243; _module_preset=&#8221;default&#8221; global_colors_info=&#8221;{}&#8221;][et_pb_text _builder_version=&#8221;4.27.4&#8243; _module_preset=&#8221;default&#8221; text_font=&#8221;&#8211;et_global_heading_font|600||on|||||&#8221; text_text_color=&#8221;#000000&#8243; text_font_size=&#8221;40px&#8221; hover_enabled=&#8221;0&#8243; global_colors_info=&#8221;{}&#8221; sticky_enabled=&#8221;0&#8243;]<\/p>\n<p style=\"text-align: left;\"><strong>EL INGENIOSO HIDALGO DE LA MANCHA<\/strong><\/p>\n<p>[\/et_pb_text][\/et_pb_column][\/et_pb_row][\/et_pb_section][et_pb_section fb_built=&#8221;1&#8243; _builder_version=&#8221;4.27.4&#8243; _module_preset=&#8221;default&#8221; min_height=&#8221;156.6px&#8221; custom_margin=&#8221;||-115px|||&#8221; global_colors_info=&#8221;{}&#8221;][et_pb_row _builder_version=&#8221;4.27.4&#8243; _module_preset=&#8221;default&#8221; custom_padding=&#8221;0px|||||&#8221; global_colors_info=&#8221;{}&#8221;][et_pb_column type=&#8221;4_4&#8243; _builder_version=&#8221;4.27.4&#8243; _module_preset=&#8221;default&#8221; global_colors_info=&#8221;{}&#8221;][et_pb_text _builder_version=&#8221;4.27.4&#8243; _module_preset=&#8221;default&#8221; text_text_color=&#8221;#000000&#8243; text_font_size=&#8221;20px&#8221; hover_enabled=&#8221;0&#8243; global_colors_info=&#8221;{}&#8221; text_font=&#8221;&#8211;et_global_heading_font|600|||||||&#8221; sticky_enabled=&#8221;0&#8243;]<\/p>\n<p style=\"text-align: justify;\"><span class=\"_fadeIn_m1hgl_8\">El <\/span><span class=\"_fadeIn_m1hgl_8\">Ingenioso <\/span><span class=\"_fadeIn_m1hgl_8\">Hidalgo <\/span><span class=\"_fadeIn_m1hgl_8\">De <\/span><span class=\"_fadeIn_m1hgl_8\">La <\/span><span class=\"_fadeIn_m1hgl_8\">Mancha<\/span><span class=\"_fadeIn_m1hgl_8\">, <\/span><span class=\"_fadeIn_m1hgl_8\">um <\/span><span class=\"_fadeIn_m1hgl_8\">bailado <\/span><span class=\"_fadeIn_m1hgl_8\">ensaiado <\/span><span class=\"_fadeIn_m1hgl_8\">e <\/span><span class=\"_fadeIn_m1hgl_8\">cocriado <\/span><span class=\"_fadeIn_m1hgl_8\">na <\/span><span class=\"_fadeIn_m1hgl_8\">F\u00e1brica <\/span><span class=\"_fadeIn_m1hgl_8\">das <\/span><span class=\"_fadeIn_m1hgl_8\">Artes \u2013 <\/span><span class=\"_fadeIn_m1hgl_8\">Escola <\/span><span class=\"_fadeIn_m1hgl_8\">de <\/span><span class=\"_fadeIn_m1hgl_8\">Dan\u00e7a, <\/span><span class=\"_fadeIn_m1hgl_8\">baseado <\/span><span class=\"_fadeIn_m1hgl_8\">na <\/span><span class=\"_fadeIn_m1hgl_8\">contagiante <\/span><span class=\"_fadeIn_m1hgl_8\">hist\u00f3ria <\/span><span class=\"_fadeIn_m1hgl_8\">de <\/span><span class=\"_fadeIn_m1hgl_8\">Miguel <\/span><span class=\"_fadeIn_m1hgl_8\">de <\/span><span class=\"_fadeIn_m1hgl_8\">Cervantes (<\/span><span class=\"_fadeIn_m1hgl_8\">1605).<\/span><\/p>\n<p style=\"text-align: justify;\"><br data-start=\"303\" data-end=\"306\" \/><span class=\"_fadeIn_m1hgl_8\">Don <\/span><span class=\"_fadeIn_m1hgl_8\">Quixote <\/span><span class=\"_fadeIn_m1hgl_8\">de <\/span><span class=\"_fadeIn_m1hgl_8\">La <\/span><span class=\"_fadeIn_m1hgl_8\">Mancha<\/span><span class=\"_fadeIn_m1hgl_8\"> <\/span><span class=\"_fadeIn_m1hgl_8\">em <\/span><span class=\"_fadeIn_m1hgl_8\">am\u00e1lgama <\/span><span class=\"_fadeIn_m1hgl_8\">com <\/span><span class=\"_fadeIn_m1hgl_8\">os <\/span><span class=\"_fadeIn_m1hgl_8\">repert\u00f3rios <\/span><span class=\"_fadeIn_m1hgl_8\">dos <\/span><span class=\"_fadeIn_m1hgl_8\">bailados \u201c<\/span><span class=\"_fadeIn_m1hgl_8\">Dom <\/span><span class=\"_fadeIn_m1hgl_8\">Quixote\u201d <\/span><span class=\"_fadeIn_m1hgl_8\">de <\/span><span class=\"_fadeIn_m1hgl_8\">The <\/span><span class=\"_fadeIn_m1hgl_8\">Royal <\/span><span class=\"_fadeIn_m1hgl_8\">Ballet (<\/span><span class=\"_fadeIn_m1hgl_8\">2013), \u201c<\/span><span class=\"_fadeIn_m1hgl_8\">Carmen\u201d <\/span><span class=\"_fadeIn_m1hgl_8\">de <\/span><span class=\"_fadeIn_m1hgl_8\">Compa\u00f1\u00eda <\/span><span class=\"_fadeIn_m1hgl_8\">Nacional <\/span><span class=\"_fadeIn_m1hgl_8\">de <\/span><span class=\"_fadeIn_m1hgl_8\">Danza (<\/span><span class=\"_fadeIn_m1hgl_8\">2017), \u201c<\/span><span class=\"_fadeIn_m1hgl_8\">A <\/span><span class=\"_fadeIn_m1hgl_8\">Midsummer <\/span><span class=\"_fadeIn_m1hgl_8\">Night\u2019s <\/span><span class=\"_fadeIn_m1hgl_8\">Dream\u201d <\/span><span class=\"_fadeIn_m1hgl_8\">de <\/span><span class=\"_fadeIn_m1hgl_8\">Royal <\/span><span class=\"_fadeIn_m1hgl_8\">Swedish <\/span><span class=\"_fadeIn_m1hgl_8\">Ballet (<\/span><span class=\"_fadeIn_m1hgl_8\">2015) <\/span><span class=\"_fadeIn_m1hgl_8\">e \u201c<\/span><span class=\"_fadeIn_m1hgl_8\">Birth-<\/span><span class=\"_fadeIn_m1hgl_8\">day\u201d <\/span><span class=\"_fadeIn_m1hgl_8\">de <\/span><span class=\"_fadeIn_m1hgl_8\">Ji\u0159\u00ed <\/span><span class=\"_fadeIn_m1hgl_8\">Kyli\u00e1n.<\/span><\/p>\n<p style=\"text-align: justify;\"><br data-start=\"554\" data-end=\"557\" \/><span class=\"_fadeIn_m1hgl_8\">Assim <\/span><span class=\"_fadeIn_m1hgl_8\">vemos <\/span><span class=\"_fadeIn_m1hgl_8\">uma <\/span><span class=\"_fadeIn_m1hgl_8\">pe\u00e7a <\/span><span class=\"_fadeIn_m1hgl_8\">onde <\/span><span class=\"_fadeIn_m1hgl_8\">\u00e9 <\/span><span class=\"_fadeIn_m1hgl_8\">introduzida <\/span><span class=\"_fadeIn_m1hgl_8\">a <\/span><span class=\"_fadeIn_m1hgl_8\">magia <\/span><span class=\"_fadeIn_m1hgl_8\">da <\/span><span class=\"_fadeIn_m1hgl_8\">contemporaneidade <\/span><span class=\"_fadeIn_m1hgl_8\">e <\/span><span class=\"_fadeIn_m1hgl_8\">da <\/span><span class=\"_fadeIn_m1hgl_8\">criatividade <\/span><span class=\"_fadeIn_m1hgl_8\">\u00e0 <\/span><span class=\"_fadeIn_m1hgl_8\">tradi\u00e7\u00e3o <\/span><span class=\"_fadeIn_m1hgl_8\">e <\/span><span class=\"_fadeIn_m1hgl_8\">narrativa <\/span><span class=\"_fadeIn_m1hgl_8\">do <\/span><span class=\"_fadeIn_m1hgl_8\">her\u00f3i <\/span><span class=\"_fadeIn_m1hgl_8\">tradicional <\/span><span class=\"_fadeIn_m1hgl_8\">e <\/span><span class=\"_fadeIn_m1hgl_8\">sonhador <\/span><span class=\"_fadeIn_m1hgl_8\">da <\/span><span class=\"_fadeIn_m1hgl_8\">Hist\u00f3ria <\/span><span class=\"_fadeIn_m1hgl_8\">da <\/span><span class=\"_fadeIn_m1hgl_8\">Dan\u00e7a.<\/span><\/p>\n<p>[\/et_pb_text][\/et_pb_column][\/et_pb_row][\/et_pb_section][et_pb_section fb_built=&#8221;1&#8243; _builder_version=&#8221;4.27.4&#8243; _module_preset=&#8221;default&#8221; global_colors_info=&#8221;{}&#8221;][et_pb_row _builder_version=&#8221;4.27.4&#8243; _module_preset=&#8221;default&#8221; custom_padding=&#8221;||0px|||&#8221; global_colors_info=&#8221;{}&#8221;][et_pb_column type=&#8221;4_4&#8243; _builder_version=&#8221;4.27.4&#8243; _module_preset=&#8221;default&#8221; global_colors_info=&#8221;{}&#8221;][et_pb_gallery gallery_ids=&#8221;1387,1250,1386,1251,1253,1258,1262,1264,1389,1388,1390,1391,1394,1392,1393&#8243; gallery_orderby=&#8221;rand&#8221; fullwidth=&#8221;on&#8221; _builder_version=&#8221;4.27.4&#8243; _module_preset=&#8221;default&#8221; auto=&#8221;on&#8221; auto_speed=&#8221;2000&#8243; global_colors_info=&#8221;{}&#8221;][\/et_pb_gallery][\/et_pb_column][\/et_pb_row][\/et_pb_section][et_pb_section fb_built=&#8221;1&#8243; _builder_version=&#8221;4.27.4&#8243; _module_preset=&#8221;default&#8221; min_height=&#8221;250px&#8221; custom_margin=&#8221;||-74px|||&#8221; custom_padding=&#8221;||35px|||&#8221; global_colors_info=&#8221;{}&#8221;][et_pb_row _builder_version=&#8221;4.27.4&#8243; _module_preset=&#8221;default&#8221; global_colors_info=&#8221;{}&#8221;][et_pb_column type=&#8221;4_4&#8243; _builder_version=&#8221;4.27.4&#8243; _module_preset=&#8221;default&#8221; global_colors_info=&#8221;{}&#8221;][et_pb_text _builder_version=&#8221;4.27.4&#8243; _module_preset=&#8221;default&#8221; text_text_color=&#8221;#000000&#8243; text_font_size=&#8221;20px&#8221; text_orientation=&#8221;center&#8221; custom_margin=&#8221;-69px|||||&#8221; global_colors_info=&#8221;{}&#8221;]<\/p>\n<p style=\"text-align: justify;\">\u00a0 \u00a0\u00a0<br data-start=\"804\" data-end=\"807\" \/><strong data-start=\"807\" data-end=\"833\"><span class=\"_fadeIn_m1hgl_8\">ADAPTA\u00c7\u00c3O E REPERT\u00d3RIO<\/span><\/strong><span class=\"_fadeIn_m1hgl_8\">\u00a0<\/span><span class=\"_fadeIn_m1hgl_8\">dos <\/span><span class=\"_fadeIn_m1hgl_8\">bailados \u201c<\/span><span class=\"_fadeIn_m1hgl_8\">Dom <\/span><span class=\"_fadeIn_m1hgl_8\">Quixote\u201d <\/span><span class=\"_fadeIn_m1hgl_8\">de <\/span><span class=\"_fadeIn_m1hgl_8\">The <\/span><span class=\"_fadeIn_m1hgl_8\">Royal <\/span><span class=\"_fadeIn_m1hgl_8\">Ballet (<\/span><span class=\"_fadeIn_m1hgl_8\">2013), <\/span><span class=\"_fadeIn_m1hgl_8\">coreografado <\/span><span class=\"_fadeIn_m1hgl_8\">por <\/span><span class=\"_fadeIn_m1hgl_8\">Carlos <\/span><span class=\"_fadeIn_m1hgl_8\">Acosta; \u201c<\/span><span class=\"_fadeIn_m1hgl_8\">Carmen\u201d <\/span><span class=\"_fadeIn_m1hgl_8\">de <\/span><span class=\"_fadeIn_m1hgl_8\">Compa\u00f1\u00eda <\/span><span class=\"_fadeIn_m1hgl_8\">Nacional <\/span><span class=\"_fadeIn_m1hgl_8\">de <\/span><span class=\"_fadeIn_m1hgl_8\">Danza (<\/span><span class=\"_fadeIn_m1hgl_8\">2017), <\/span><span class=\"_fadeIn_m1hgl_8\">coreografado <\/span><span class=\"_fadeIn_m1hgl_8\">por <\/span><span class=\"_fadeIn_m1hgl_8\">Johan <\/span><span class=\"_fadeIn_m1hgl_8\">Inger; \u201c<\/span><span class=\"_fadeIn_m1hgl_8\">A <\/span><span class=\"_fadeIn_m1hgl_8\">Midsummer <\/span><span class=\"_fadeIn_m1hgl_8\">Night\u2019s <\/span><span class=\"_fadeIn_m1hgl_8\">Dream\u201d <\/span><span class=\"_fadeIn_m1hgl_8\">de <\/span><span class=\"_fadeIn_m1hgl_8\">Royal <\/span><span class=\"_fadeIn_m1hgl_8\">Swedish <\/span><span class=\"_fadeIn_m1hgl_8\">Ballet (<\/span><span class=\"_fadeIn_m1hgl_8\">2015), <\/span><span class=\"_fadeIn_m1hgl_8\">coreografado <\/span><span class=\"_fadeIn_m1hgl_8\">por <\/span><span class=\"_fadeIn_m1hgl_8\">Alexander <\/span><span class=\"_fadeIn_m1hgl_8\">Ekman; \u201c<\/span><span class=\"_fadeIn_m1hgl_8\">Birth-<\/span><span class=\"_fadeIn_m1hgl_8\">day\u201d <\/span><span class=\"_fadeIn_m1hgl_8\">de <\/span><span class=\"_fadeIn_m1hgl_8\">Ji\u0159\u00ed <\/span><span class=\"_fadeIn_m1hgl_8\">Kyli\u00e1n<\/span><\/p>\n<p style=\"text-align: left;\"><span class=\"_fadeIn_m1hgl_8\"><\/span><\/p>\n<p style=\"text-align: left;\"><span class=\"_fadeIn_m1hgl_8\"><strong data-start=\"1182\" data-end=\"1197\" style=\"font-size: 20px; text-align: center;\">DESENHO E CENOGRAFIA<\/strong><span class=\"_fadeIn_m1hgl_8\" style=\"font-size: 20px; text-align: center;\">\u00a0Dino da Costa e Elizabeth Leite<\/span><\/span><\/p>\n<p style=\"text-align: left;\"><span class=\"_fadeIn_m1hgl_8\"><span class=\"_fadeIn_m1hgl_8\" style=\"font-size: 20px; text-align: center;\"><\/span><\/span><\/p>\n<p style=\"text-align: left;\"><span class=\"_fadeIn_m1hgl_8\"><\/span><\/p>\n<p style=\"text-align: left;\"><strong data-start=\"1182\" data-end=\"1197\" style=\"font-size: 20px; text-align: center;\"><span class=\"_fadeIn_m1hgl_8\">COREOGRAFIA<\/span><\/strong><span class=\"_fadeIn_m1hgl_8\" style=\"font-size: 20px; text-align: center;\"> <\/span><span class=\"_fadeIn_m1hgl_8\" style=\"font-size: 20px; text-align: center;\">Ana <\/span><span class=\"_fadeIn_m1hgl_8\" style=\"font-size: 20px; text-align: center;\">Capela, <\/span><span class=\"_fadeIn_m1hgl_8\" style=\"font-size: 20px; text-align: center;\">Ana <\/span><span class=\"_fadeIn_m1hgl_8\" style=\"font-size: 20px; text-align: center;\">Nunes, <\/span><span class=\"_fadeIn_m1hgl_8\" style=\"font-size: 20px; text-align: center;\">Diana <\/span><span class=\"_fadeIn_m1hgl_8\" style=\"font-size: 20px; text-align: center;\">Gaspar, <\/span><span class=\"_fadeIn_m1hgl_8\" style=\"font-size: 20px; text-align: center;\">Joana <\/span><span class=\"_fadeIn_m1hgl_8\" style=\"font-size: 20px; text-align: center;\">Campos, <\/span><span class=\"_fadeIn_m1hgl_8\" style=\"font-size: 20px; text-align: center;\">Renata <\/span><span class=\"_fadeIn_m1hgl_8\" style=\"font-size: 20px; text-align: center;\">Silva<\/span><\/p>\n<p style=\"text-align: left;\"><span class=\"_fadeIn_m1hgl_8\" style=\"font-size: 20px; text-align: center;\"><\/span><\/p>\n<p style=\"text-align: left;\"><span class=\"_fadeIn_m1hgl_8\" style=\"font-size: 20px; text-align: center;\"><\/span><\/p>\n<p style=\"text-align: left;\"><b>FOTOGRAFIA E VIDEO <\/b>Catarina Ad\u00e3o, Sofia Lima e Joana Rodrigues<\/p>\n<p><span class=\"_fadeIn_m1hgl_8\"><\/span><\/p>\n<p>[\/et_pb_text][\/et_pb_column][\/et_pb_row][\/et_pb_section][et_pb_section fb_built=&#8221;1&#8243; _builder_version=&#8221;4.27.4&#8243; _module_preset=&#8221;default&#8221; custom_margin=&#8221;4px|||||&#8221; custom_padding=&#8221;||1px|||&#8221; global_colors_info=&#8221;{}&#8221;][et_pb_row _builder_version=&#8221;4.27.4&#8243; _module_preset=&#8221;default&#8221; global_colors_info=&#8221;{}&#8221;][et_pb_column type=&#8221;4_4&#8243; _builder_version=&#8221;4.27.4&#8243; _module_preset=&#8221;default&#8221; global_colors_info=&#8221;{}&#8221;][et_pb_image src=&#8221;https:\/\/novo.fabricaartes.pt\/wp-content\/uploads\/2025\/06\/IMG_4668-1-scaled.jpg&#8221; title_text=&#8221;IMG_4668&#8243; _builder_version=&#8221;4.27.4&#8243; _module_preset=&#8221;default&#8221; global_colors_info=&#8221;{}&#8221;][\/et_pb_image][\/et_pb_column][\/et_pb_row][\/et_pb_section]<\/p>\n","protected":false},"excerpt":{"rendered":"<p>EL INGENIOSO HIDALGO DE LA MANCHAEl Ingenioso Hidalgo De La Mancha, um bailado ensaiado e cocriado na F\u00e1brica das Artes \u2013 Escola de Dan\u00e7a, baseado na contagiante hist\u00f3ria de Miguel de Cervantes (1605). Don Quixote de La Mancha em am\u00e1lgama com os repert\u00f3rios dos bailados \u201cDom Quixote\u201d de The Royal Ballet (2013), \u201cCarmen\u201d de Compa\u00f1\u00eda [&hellip;]<\/p>\n","protected":false},"author":2,"featured_media":0,"parent":0,"menu_order":0,"comment_status":"closed","ping_status":"closed","template":"","meta":{"_et_pb_use_builder":"on","_et_pb_old_content":"","_et_gb_content_width":"","footnotes":""},"class_list":["post-367","page","type-page","status-publish","hentry"],"yoast_head":"<!-- This site is optimized with the Yoast SEO plugin v27.4 - https:\/\/yoast.com\/product\/yoast-seo-wordpress\/ -->\n<title>EL INGENIOSO HIDALGO DE LA MANCHA - 2023 - F\u00e1brica das Artes<\/title>\n<meta name=\"robots\" content=\"index, follow, max-snippet:-1, max-image-preview:large, max-video-preview:-1\" \/>\n<link rel=\"canonical\" href=\"https:\/\/novo.fabricaartes.pt\/index.php\/el-ingenioso-hidalgo-de-la-mancha\/\" \/>\n<meta property=\"og:locale\" content=\"pt_PT\" \/>\n<meta property=\"og:type\" content=\"article\" \/>\n<meta property=\"og:title\" content=\"EL INGENIOSO HIDALGO DE LA MANCHA - 2023 - F\u00e1brica das Artes\" \/>\n<meta property=\"og:description\" content=\"EL INGENIOSO HIDALGO DE LA MANCHAEl Ingenioso Hidalgo De La Mancha, um bailado ensaiado e cocriado na F\u00e1brica das Artes \u2013 Escola de Dan\u00e7a, baseado na contagiante hist\u00f3ria de Miguel de Cervantes (1605). Don Quixote de La Mancha em am\u00e1lgama com os repert\u00f3rios dos bailados \u201cDom Quixote\u201d de The Royal Ballet (2013), \u201cCarmen\u201d de Compa\u00f1\u00eda [&hellip;]\" \/>\n<meta property=\"og:url\" content=\"https:\/\/novo.fabricaartes.pt\/index.php\/el-ingenioso-hidalgo-de-la-mancha\/\" \/>\n<meta property=\"og:site_name\" content=\"F\u00e1brica das Artes\" \/>\n<meta property=\"article:modified_time\" content=\"2025-06-17T17:33:38+00:00\" \/>\n<meta name=\"twitter:card\" content=\"summary_large_image\" \/>\n<meta name=\"twitter:label1\" content=\"Tempo estimado de leitura\" \/>\n\t<meta name=\"twitter:data1\" content=\"3 minutos\" \/>\n<script type=\"application\/ld+json\" class=\"yoast-schema-graph\">{\"@context\":\"https:\\\/\\\/schema.org\",\"@graph\":[{\"@type\":\"WebPage\",\"@id\":\"https:\\\/\\\/novo.fabricaartes.pt\\\/index.php\\\/el-ingenioso-hidalgo-de-la-mancha\\\/\",\"url\":\"https:\\\/\\\/novo.fabricaartes.pt\\\/index.php\\\/el-ingenioso-hidalgo-de-la-mancha\\\/\",\"name\":\"EL INGENIOSO HIDALGO DE LA MANCHA - 2023 - F\u00e1brica das Artes\",\"isPartOf\":{\"@id\":\"https:\\\/\\\/novo.fabricaartes.pt\\\/#website\"},\"datePublished\":\"2025-05-16T14:51:42+00:00\",\"dateModified\":\"2025-06-17T17:33:38+00:00\",\"breadcrumb\":{\"@id\":\"https:\\\/\\\/novo.fabricaartes.pt\\\/index.php\\\/el-ingenioso-hidalgo-de-la-mancha\\\/#breadcrumb\"},\"inLanguage\":\"pt-PT\",\"potentialAction\":[{\"@type\":\"ReadAction\",\"target\":[\"https:\\\/\\\/novo.fabricaartes.pt\\\/index.php\\\/el-ingenioso-hidalgo-de-la-mancha\\\/\"]}]},{\"@type\":\"BreadcrumbList\",\"@id\":\"https:\\\/\\\/novo.fabricaartes.pt\\\/index.php\\\/el-ingenioso-hidalgo-de-la-mancha\\\/#breadcrumb\",\"itemListElement\":[{\"@type\":\"ListItem\",\"position\":1,\"name\":\"In\u00edcio\",\"item\":\"https:\\\/\\\/novo.fabricaartes.pt\\\/\"},{\"@type\":\"ListItem\",\"position\":2,\"name\":\"EL INGENIOSO HIDALGO DE LA MANCHA &#8211; 2023\"}]},{\"@type\":\"WebSite\",\"@id\":\"https:\\\/\\\/novo.fabricaartes.pt\\\/#website\",\"url\":\"https:\\\/\\\/novo.fabricaartes.pt\\\/\",\"name\":\"F\u00e1brica das Artes\",\"description\":\"Fundado a 2 de outubro de 2017, a F\u00e1brica das Artes \u2013 Escola de Dan\u00e7a, tem como miss\u00e3o formar profissionais de dan\u00e7a de suprema qualidade art\u00edstica...\",\"potentialAction\":[{\"@type\":\"SearchAction\",\"target\":{\"@type\":\"EntryPoint\",\"urlTemplate\":\"https:\\\/\\\/novo.fabricaartes.pt\\\/?s={search_term_string}\"},\"query-input\":{\"@type\":\"PropertyValueSpecification\",\"valueRequired\":true,\"valueName\":\"search_term_string\"}}],\"inLanguage\":\"pt-PT\"}]}<\/script>\n<!-- \/ Yoast SEO plugin. -->","yoast_head_json":{"title":"EL INGENIOSO HIDALGO DE LA MANCHA - 2023 - F\u00e1brica das Artes","robots":{"index":"index","follow":"follow","max-snippet":"max-snippet:-1","max-image-preview":"max-image-preview:large","max-video-preview":"max-video-preview:-1"},"canonical":"https:\/\/novo.fabricaartes.pt\/index.php\/el-ingenioso-hidalgo-de-la-mancha\/","og_locale":"pt_PT","og_type":"article","og_title":"EL INGENIOSO HIDALGO DE LA MANCHA - 2023 - F\u00e1brica das Artes","og_description":"EL INGENIOSO HIDALGO DE LA MANCHAEl Ingenioso Hidalgo De La Mancha, um bailado ensaiado e cocriado na F\u00e1brica das Artes \u2013 Escola de Dan\u00e7a, baseado na contagiante hist\u00f3ria de Miguel de Cervantes (1605). Don Quixote de La Mancha em am\u00e1lgama com os repert\u00f3rios dos bailados \u201cDom Quixote\u201d de The Royal Ballet (2013), \u201cCarmen\u201d de Compa\u00f1\u00eda [&hellip;]","og_url":"https:\/\/novo.fabricaartes.pt\/index.php\/el-ingenioso-hidalgo-de-la-mancha\/","og_site_name":"F\u00e1brica das Artes","article_modified_time":"2025-06-17T17:33:38+00:00","twitter_card":"summary_large_image","twitter_misc":{"Tempo estimado de leitura":"3 minutos"},"schema":{"@context":"https:\/\/schema.org","@graph":[{"@type":"WebPage","@id":"https:\/\/novo.fabricaartes.pt\/index.php\/el-ingenioso-hidalgo-de-la-mancha\/","url":"https:\/\/novo.fabricaartes.pt\/index.php\/el-ingenioso-hidalgo-de-la-mancha\/","name":"EL INGENIOSO HIDALGO DE LA MANCHA - 2023 - F\u00e1brica das Artes","isPartOf":{"@id":"https:\/\/novo.fabricaartes.pt\/#website"},"datePublished":"2025-05-16T14:51:42+00:00","dateModified":"2025-06-17T17:33:38+00:00","breadcrumb":{"@id":"https:\/\/novo.fabricaartes.pt\/index.php\/el-ingenioso-hidalgo-de-la-mancha\/#breadcrumb"},"inLanguage":"pt-PT","potentialAction":[{"@type":"ReadAction","target":["https:\/\/novo.fabricaartes.pt\/index.php\/el-ingenioso-hidalgo-de-la-mancha\/"]}]},{"@type":"BreadcrumbList","@id":"https:\/\/novo.fabricaartes.pt\/index.php\/el-ingenioso-hidalgo-de-la-mancha\/#breadcrumb","itemListElement":[{"@type":"ListItem","position":1,"name":"In\u00edcio","item":"https:\/\/novo.fabricaartes.pt\/"},{"@type":"ListItem","position":2,"name":"EL INGENIOSO HIDALGO DE LA MANCHA &#8211; 2023"}]},{"@type":"WebSite","@id":"https:\/\/novo.fabricaartes.pt\/#website","url":"https:\/\/novo.fabricaartes.pt\/","name":"F\u00e1brica das Artes","description":"Fundado a 2 de outubro de 2017, a F\u00e1brica das Artes \u2013 Escola de Dan\u00e7a, tem como miss\u00e3o formar profissionais de dan\u00e7a de suprema qualidade art\u00edstica...","potentialAction":[{"@type":"SearchAction","target":{"@type":"EntryPoint","urlTemplate":"https:\/\/novo.fabricaartes.pt\/?s={search_term_string}"},"query-input":{"@type":"PropertyValueSpecification","valueRequired":true,"valueName":"search_term_string"}}],"inLanguage":"pt-PT"}]}},"_links":{"self":[{"href":"https:\/\/novo.fabricaartes.pt\/index.php\/wp-json\/wp\/v2\/pages\/367","targetHints":{"allow":["GET"]}}],"collection":[{"href":"https:\/\/novo.fabricaartes.pt\/index.php\/wp-json\/wp\/v2\/pages"}],"about":[{"href":"https:\/\/novo.fabricaartes.pt\/index.php\/wp-json\/wp\/v2\/types\/page"}],"author":[{"embeddable":true,"href":"https:\/\/novo.fabricaartes.pt\/index.php\/wp-json\/wp\/v2\/users\/2"}],"replies":[{"embeddable":true,"href":"https:\/\/novo.fabricaartes.pt\/index.php\/wp-json\/wp\/v2\/comments?post=367"}],"version-history":[{"count":22,"href":"https:\/\/novo.fabricaartes.pt\/index.php\/wp-json\/wp\/v2\/pages\/367\/revisions"}],"predecessor-version":[{"id":1645,"href":"https:\/\/novo.fabricaartes.pt\/index.php\/wp-json\/wp\/v2\/pages\/367\/revisions\/1645"}],"wp:attachment":[{"href":"https:\/\/novo.fabricaartes.pt\/index.php\/wp-json\/wp\/v2\/media?parent=367"}],"curies":[{"name":"wp","href":"https:\/\/api.w.org\/{rel}","templated":true}]}}