{"id":368,"date":"2025-05-16T14:52:48","date_gmt":"2025-05-16T14:52:48","guid":{"rendered":"https:\/\/novo.fabricaartes.pt\/?page_id=368"},"modified":"2025-06-17T17:31:42","modified_gmt":"2025-06-17T17:31:42","slug":"2-mor-row","status":"publish","type":"page","link":"https:\/\/novo.fabricaartes.pt\/index.php\/2-mor-row\/","title":{"rendered":"2 MOR ROW &#8211; 2024"},"content":{"rendered":"<p>[et_pb_section fb_built=&#8221;1&#8243; _builder_version=&#8221;4.27.4&#8243; _module_preset=&#8221;default&#8221; global_colors_info=&#8221;{}&#8221;][et_pb_row _builder_version=&#8221;4.27.4&#8243; _module_preset=&#8221;default&#8221; custom_margin=&#8221;|auto|-62px|auto||&#8221; global_colors_info=&#8221;{}&#8221;][et_pb_column type=&#8221;4_4&#8243; _builder_version=&#8221;4.27.4&#8243; _module_preset=&#8221;default&#8221; global_colors_info=&#8221;{}&#8221;][et_pb_text _builder_version=&#8221;4.27.4&#8243; _module_preset=&#8221;default&#8221; text_font=&#8221;&#8211;et_global_body_font|600||on|||||&#8221; text_text_color=&#8221;#000000&#8243; text_font_size=&#8221;40px&#8221; header_font=&#8221;&#8211;et_global_heading_font|600||on|||||&#8221; hover_enabled=&#8221;0&#8243; global_colors_info=&#8221;{}&#8221; sticky_enabled=&#8221;0&#8243;]<\/p>\n<p style=\"text-align: left;\"><strong>2 MOR ROW<\/strong><\/p>\n<p>[\/et_pb_text][\/et_pb_column][\/et_pb_row][\/et_pb_section][et_pb_section fb_built=&#8221;1&#8243; _builder_version=&#8221;4.27.4&#8243; _module_preset=&#8221;default&#8221; min_height=&#8221;156.6px&#8221; custom_margin=&#8221;||-115px|||&#8221; custom_padding=&#8221;54px|||||&#8221; global_colors_info=&#8221;{}&#8221;][et_pb_row _builder_version=&#8221;4.27.4&#8243; _module_preset=&#8221;default&#8221; custom_padding=&#8221;0px|||||&#8221; global_colors_info=&#8221;{}&#8221;][et_pb_column type=&#8221;4_4&#8243; _builder_version=&#8221;4.27.4&#8243; _module_preset=&#8221;default&#8221; global_colors_info=&#8221;{}&#8221;][et_pb_text _builder_version=&#8221;4.27.4&#8243; _module_preset=&#8221;default&#8221; text_text_color=&#8221;#000000&#8243; text_font_size=&#8221;20px&#8221; hover_enabled=&#8221;0&#8243; global_colors_info=&#8221;{}&#8221; text_font=&#8221;&#8211;et_global_heading_font|600|||||||&#8221; sticky_enabled=&#8221;0&#8243;]<\/p>\n<p style=\"text-align: justify;\"><span class=\"_fadeIn_m1hgl_8\">2 <\/span><span class=\"_fadeIn_m1hgl_8\">MOR <\/span><span class=\"_fadeIn_m1hgl_8\">ROW<\/span><span class=\"_fadeIn_m1hgl_8\"> <\/span><span class=\"_fadeIn_m1hgl_8\">um <\/span><span class=\"_fadeIn_m1hgl_8\">bailado <\/span><span class=\"_fadeIn_m1hgl_8\">ensaiado <\/span><span class=\"_fadeIn_m1hgl_8\">e <\/span><span class=\"_fadeIn_m1hgl_8\">cocriado <\/span><span class=\"_fadeIn_m1hgl_8\">na <\/span><span class=\"_fadeIn_m1hgl_8\">F\u00e1brica <\/span><span class=\"_fadeIn_m1hgl_8\">das <\/span><span class=\"_fadeIn_m1hgl_8\">Artes \u2013 <\/span><span class=\"_fadeIn_m1hgl_8\">Escola <\/span><span class=\"_fadeIn_m1hgl_8\">de <\/span><span class=\"_fadeIn_m1hgl_8\">Dan\u00e7a, <\/span><span class=\"_fadeIn_m1hgl_8\">baseado <\/span><span class=\"_fadeIn_m1hgl_8\">no <\/span><span class=\"_fadeIn_m1hgl_8\">Filme <\/span><span class=\"_fadeIn_m1hgl_8\">Annie<\/span><span class=\"_fadeIn_m1hgl_8\"> <\/span><span class=\"_fadeIn_m1hgl_8\">de <\/span><span class=\"_fadeIn_m1hgl_8\">1982. <\/span><span class=\"_fadeIn_m1hgl_8\">O <\/span><span class=\"_fadeIn_m1hgl_8\">Filme <\/span><span class=\"_fadeIn_m1hgl_8\">e <\/span><span class=\"_fadeIn_m1hgl_8\">repert\u00f3rios <\/span><span class=\"_fadeIn_m1hgl_8\">dos <\/span><span class=\"_fadeIn_m1hgl_8\">bailados <\/span><span class=\"_fadeIn_m1hgl_8\">contempor\u00e2neos <\/span><span class=\"_fadeIn_m1hgl_8\">e <\/span><span class=\"_fadeIn_m1hgl_8\">cl\u00e1ssicos <\/span><span class=\"_fadeIn_m1hgl_8\">tradicionais <\/span><span class=\"_fadeIn_m1hgl_8\">em <\/span><span class=\"_fadeIn_m1hgl_8\">am\u00e1lgama <\/span><span class=\"_fadeIn_m1hgl_8\">com <\/span><span class=\"_fadeIn_m1hgl_8\">uma <\/span><span class=\"_fadeIn_m1hgl_8\">\u00e9poca <\/span><span class=\"_fadeIn_m1hgl_8\">de <\/span><span class=\"_fadeIn_m1hgl_8\">p\u00f3s-<\/span><span class=\"_fadeIn_m1hgl_8\">guerra <\/span><span class=\"_fadeIn_m1hgl_8\">em <\/span><span class=\"_fadeIn_m1hgl_8\">1892 <\/span><span class=\"_fadeIn_m1hgl_8\">nos <\/span><span class=\"_fadeIn_m1hgl_8\">Estados <\/span><span class=\"_fadeIn_m1hgl_8\">Unidos <\/span><span class=\"_fadeIn_m1hgl_8\">da <\/span><span class=\"_fadeIn_m1hgl_8\">Am\u00e9rica.<\/span><\/p>\n<p style=\"text-align: justify;\"><br data-start=\"1689\" data-end=\"1692\" \/><span class=\"_fadeIn_m1hgl_8\">Uma <\/span><span class=\"_fadeIn_m1hgl_8\">pe\u00e7a <\/span><span class=\"_fadeIn_m1hgl_8\">onde <\/span><span class=\"_fadeIn_m1hgl_8\">\u00e9 <\/span><span class=\"_fadeIn_m1hgl_8\">introduzida <\/span><span class=\"_fadeIn_m1hgl_8\">a <\/span><span class=\"_fadeIn_m1hgl_8\">magia <\/span><span class=\"_fadeIn_m1hgl_8\">da <\/span><span class=\"_fadeIn_m1hgl_8\">contemporaneidade <\/span><span class=\"_fadeIn_m1hgl_8\">e <\/span><span class=\"_fadeIn_m1hgl_8\">um <\/span><span class=\"_fadeIn_m1hgl_8\">tempo <\/span><span class=\"_fadeIn_m1hgl_8\">em <\/span><span class=\"_fadeIn_m1hgl_8\">que <\/span><span class=\"_fadeIn_m1hgl_8\">os <\/span><span class=\"_fadeIn_m1hgl_8\">nossos <\/span><span class=\"_fadeIn_m1hgl_8\">alunos <\/span><span class=\"_fadeIn_m1hgl_8\">nem <\/span><span class=\"_fadeIn_m1hgl_8\">conseguem <\/span><span class=\"_fadeIn_m1hgl_8\">imaginar <\/span><span class=\"_fadeIn_m1hgl_8\">ser <\/span><span class=\"_fadeIn_m1hgl_8\">poss\u00edvel. <\/span><span class=\"_fadeIn_m1hgl_8\">Nela, <\/span><span class=\"_fadeIn_m1hgl_8\">a <\/span><span class=\"_fadeIn_m1hgl_8\">vida <\/span><span class=\"_fadeIn_m1hgl_8\">dif\u00edcil <\/span><span class=\"_fadeIn_m1hgl_8\">para <\/span><span class=\"_fadeIn_m1hgl_8\">a <\/span><span class=\"_fadeIn_m1hgl_8\">pequena <\/span><span class=\"_fadeIn_m1hgl_8\">Annie, <\/span><span class=\"_fadeIn_m1hgl_8\">uma <\/span><span class=\"_fadeIn_m1hgl_8\">crian\u00e7a <\/span><span class=\"_fadeIn_m1hgl_8\">\u00f3rf\u00e3, <\/span><span class=\"_fadeIn_m1hgl_8\">movida <\/span><span class=\"_fadeIn_m1hgl_8\">por <\/span><span class=\"_fadeIn_m1hgl_8\">um <\/span><span class=\"_fadeIn_m1hgl_8\">cora\u00e7\u00e3o <\/span><span class=\"_fadeIn_m1hgl_8\">de <\/span><span class=\"_fadeIn_m1hgl_8\">ouro, <\/span><span class=\"_fadeIn_m1hgl_8\">movida <\/span><span class=\"_fadeIn_m1hgl_8\">pelo <\/span><span class=\"_fadeIn_m1hgl_8\">sonho <\/span><span class=\"_fadeIn_m1hgl_8\">de <\/span><span class=\"_fadeIn_m1hgl_8\">reencontrar <\/span><span class=\"_fadeIn_m1hgl_8\">os <\/span><span class=\"_fadeIn_m1hgl_8\">seus <\/span><span class=\"_fadeIn_m1hgl_8\">pais <\/span><span class=\"_fadeIn_m1hgl_8\">e <\/span><span class=\"_fadeIn_m1hgl_8\">pela <\/span><span class=\"_fadeIn_m1hgl_8\">promessa <\/span><span class=\"_fadeIn_m1hgl_8\">de <\/span><span class=\"_fadeIn_m1hgl_8\">um <\/span><span class=\"_fadeIn_m1hgl_8\">mundo <\/span><span class=\"_fadeIn_m1hgl_8\">melhor <\/span><span class=\"_fadeIn_m1hgl_8\">para <\/span><span class=\"_fadeIn_m1hgl_8\">todos.<\/span><\/p>\n<p style=\"text-align: left;\"><span class=\"_fadeIn_m1hgl_8\"><\/span><\/p>\n<p>[\/et_pb_text][\/et_pb_column][\/et_pb_row][\/et_pb_section][et_pb_section fb_built=&#8221;1&#8243; _builder_version=&#8221;4.27.4&#8243; _module_preset=&#8221;default&#8221; global_colors_info=&#8221;{}&#8221;][et_pb_row _builder_version=&#8221;4.27.4&#8243; _module_preset=&#8221;default&#8221; global_colors_info=&#8221;{}&#8221;][et_pb_column type=&#8221;4_4&#8243; _builder_version=&#8221;4.27.4&#8243; _module_preset=&#8221;default&#8221; global_colors_info=&#8221;{}&#8221;][et_pb_gallery gallery_ids=&#8221;1152,1153,1151,1376,1379,1154,1155,1377,1156,1157,1158,1375,1159,1160,1378&#8243; fullwidth=&#8221;on&#8221; _builder_version=&#8221;4.27.4&#8243; _module_preset=&#8221;default&#8221; text_orientation=&#8221;center&#8221; custom_padding=&#8221;||0px|||&#8221; global_colors_info=&#8221;{}&#8221;][\/et_pb_gallery][\/et_pb_column][\/et_pb_row][\/et_pb_section][et_pb_section fb_built=&#8221;1&#8243; _builder_version=&#8221;4.27.4&#8243; _module_preset=&#8221;default&#8221; min_height=&#8221;250px&#8221; custom_margin=&#8221;||-74px|||&#8221; custom_padding=&#8221;||35px|||&#8221; global_colors_info=&#8221;{}&#8221;][et_pb_row _builder_version=&#8221;4.27.4&#8243; _module_preset=&#8221;default&#8221; global_colors_info=&#8221;{}&#8221;][et_pb_column type=&#8221;4_4&#8243; _builder_version=&#8221;4.27.4&#8243; _module_preset=&#8221;default&#8221; global_colors_info=&#8221;{}&#8221;][et_pb_text _builder_version=&#8221;4.27.4&#8243; _module_preset=&#8221;default&#8221; text_text_color=&#8221;#000000&#8243; text_font_size=&#8221;20px&#8221; text_orientation=&#8221;center&#8221; custom_margin=&#8221;-69px|||||&#8221; global_colors_info=&#8221;{}&#8221;]<\/p>\n<p style=\"text-align: justify;\"><strong data-start=\"2068\" data-end=\"2094\"><span class=\"_fadeIn_m1hgl_8\">ADAPTA\u00c7\u00c3O E REPERT\u00d3RIO <\/span><\/strong><span class=\"_fadeIn_m1hgl_8\">dos <\/span><span class=\"_fadeIn_m1hgl_8\">bailados \u201c<\/span><span class=\"_fadeIn_m1hgl_8\">The <\/span><span class=\"_fadeIn_m1hgl_8\">Statement\u201d <\/span><span class=\"_fadeIn_m1hgl_8\">de <\/span><span class=\"_fadeIn_m1hgl_8\">Crystal <\/span><span class=\"_fadeIn_m1hgl_8\">Pite (<\/span><span class=\"_fadeIn_m1hgl_8\">Nederlands <\/span><span class=\"_fadeIn_m1hgl_8\">Dans <\/span><span class=\"_fadeIn_m1hgl_8\">Theater); <\/span><em data-start=\"2167\" data-end=\"2217\"><span class=\"_fadeIn_m1hgl_8\">Will <\/span><span class=\"_fadeIn_m1hgl_8\">we <\/span><span class=\"_fadeIn_m1hgl_8\">ever <\/span><span class=\"_fadeIn_m1hgl_8\">know <\/span><span class=\"_fadeIn_m1hgl_8\">what <\/span><span class=\"_fadeIn_m1hgl_8\">truth <\/span><span class=\"_fadeIn_m1hgl_8\">lies <\/span><span class=\"_fadeIn_m1hgl_8\">within <\/span><span class=\"_fadeIn_m1hgl_8\">others?<\/span><\/em><span class=\"_fadeIn_m1hgl_8\"> <\/span><span class=\"_fadeIn_m1hgl_8\">de <\/span><span class=\"_fadeIn_m1hgl_8\">Phoebe <\/span><span class=\"_fadeIn_m1hgl_8\">Jewitt (<\/span><span class=\"_fadeIn_m1hgl_8\">Companhia <\/span><span class=\"_fadeIn_m1hgl_8\">Tanzlu\u0308zern); <\/span><span class=\"_fadeIn_m1hgl_8\">momentos <\/span><span class=\"_fadeIn_m1hgl_8\">do <\/span><span class=\"_fadeIn_m1hgl_8\">filme <\/span><em data-start=\"2278\" data-end=\"2285\"><span class=\"_fadeIn_m1hgl_8\">Annie<\/span><\/em><span class=\"_fadeIn_m1hgl_8\"> (<\/span><span class=\"_fadeIn_m1hgl_8\">1982); \u201c<\/span><span class=\"_fadeIn_m1hgl_8\">Swan <\/span><span class=\"_fadeIn_m1hgl_8\">Lake\u201d <\/span><span class=\"_fadeIn_m1hgl_8\">de <\/span><span class=\"_fadeIn_m1hgl_8\">The <\/span><span class=\"_fadeIn_m1hgl_8\">Royal <\/span><span class=\"_fadeIn_m1hgl_8\">Ballet (<\/span><span class=\"_fadeIn_m1hgl_8\">coreografia <\/span><span class=\"_fadeIn_m1hgl_8\">Marius <\/span><span class=\"_fadeIn_m1hgl_8\">Petipa <\/span><span class=\"_fadeIn_m1hgl_8\">e <\/span><span class=\"_fadeIn_m1hgl_8\">Lev <\/span><span class=\"_fadeIn_m1hgl_8\">Ivanov); \u201c<\/span><span class=\"_fadeIn_m1hgl_8\">La <\/span><span class=\"_fadeIn_m1hgl_8\">Bayad\u00e8re\u201d <\/span><span class=\"_fadeIn_m1hgl_8\">do <\/span><span class=\"_fadeIn_m1hgl_8\">Slovak <\/span><span class=\"_fadeIn_m1hgl_8\">National <\/span><span class=\"_fadeIn_m1hgl_8\">Theatre (<\/span><span class=\"_fadeIn_m1hgl_8\">coreografia <\/span><span class=\"_fadeIn_m1hgl_8\">Marius <\/span><span class=\"_fadeIn_m1hgl_8\">Petipa); \u201c<\/span><span class=\"_fadeIn_m1hgl_8\">Cacti\u201d <\/span><span class=\"_fadeIn_m1hgl_8\">de <\/span><span class=\"_fadeIn_m1hgl_8\">Alexander <\/span><span class=\"_fadeIn_m1hgl_8\">Ekman (<\/span><span class=\"_fadeIn_m1hgl_8\">Pacific <\/span><span class=\"_fadeIn_m1hgl_8\">Northwest <\/span><span class=\"_fadeIn_m1hgl_8\">Ballet)<\/span><\/p>\n<p style=\"text-align: left;\"><span class=\"_fadeIn_m1hgl_8\"><\/span><\/p>\n<p style=\"text-align: left;\"><strong data-start=\"2555\" data-end=\"2570\" style=\"font-size: 20px; text-align: center;\"><span class=\"_fadeIn_m1hgl_8\">COREOGRAFIA<\/span><\/strong><span class=\"_fadeIn_m1hgl_8\" style=\"font-size: 20px; text-align: center;\">\u00a0<\/span><span class=\"_fadeIn_m1hgl_8\" style=\"font-size: 20px; text-align: center;\">Agustina <\/span><span class=\"_fadeIn_m1hgl_8\" style=\"font-size: 20px; text-align: center;\">Brischettio, <\/span><span class=\"_fadeIn_m1hgl_8\" style=\"font-size: 20px; text-align: center;\">Ana <\/span><span class=\"_fadeIn_m1hgl_8\" style=\"font-size: 20px; text-align: center;\">Capela, <\/span><span class=\"_fadeIn_m1hgl_8\" style=\"font-size: 20px; text-align: center;\">Ana <\/span><span class=\"_fadeIn_m1hgl_8\" style=\"font-size: 20px; text-align: center;\">de <\/span><span class=\"_fadeIn_m1hgl_8\" style=\"font-size: 20px; text-align: center;\">Castro, <\/span><span class=\"_fadeIn_m1hgl_8\" style=\"font-size: 20px; text-align: center;\">Ana <\/span><span class=\"_fadeIn_m1hgl_8\" style=\"font-size: 20px; text-align: center;\">Nunes, <\/span><span class=\"_fadeIn_m1hgl_8\" style=\"font-size: 20px; text-align: center;\">Andreia <\/span><span class=\"_fadeIn_m1hgl_8\" style=\"font-size: 20px; text-align: center;\">Soares, <\/span><span class=\"_fadeIn_m1hgl_8\" style=\"font-size: 20px; text-align: center;\">Diana <\/span><span class=\"_fadeIn_m1hgl_8\" style=\"font-size: 20px; text-align: center;\">Gaspar, <\/span><span class=\"_fadeIn_m1hgl_8\" style=\"font-size: 20px; text-align: center;\">Joana <\/span><span class=\"_fadeIn_m1hgl_8\" style=\"font-size: 20px; text-align: center;\">Campos<\/span><\/p>\n<p style=\"text-align: left;\"><span class=\"_fadeIn_m1hgl_8\" style=\"font-size: 20px; text-align: center;\"><\/span><\/p>\n<p style=\"text-align: left;\"><strong data-start=\"2676\" data-end=\"2698\" style=\"font-size: 20px; text-align: center;\"><span class=\"_fadeIn_m1hgl_8\">M\u00daSICA NO EXTERIOR<\/span><\/strong><span class=\"_fadeIn_m1hgl_8\" style=\"font-size: 20px; text-align: center;\">\u00a0<\/span><span class=\"_fadeIn_m1hgl_8\" style=\"font-size: 20px; text-align: center;\">Banda <\/span><span class=\"_fadeIn_m1hgl_8\" style=\"font-size: 20px; text-align: center;\">de <\/span><span class=\"_fadeIn_m1hgl_8\" style=\"font-size: 20px; text-align: center;\">M\u00fasica <\/span><span class=\"_fadeIn_m1hgl_8\" style=\"font-size: 20px; text-align: center;\">Pinheiro <\/span><span class=\"_fadeIn_m1hgl_8\" style=\"font-size: 20px; text-align: center;\">da <\/span><span class=\"_fadeIn_m1hgl_8\" style=\"font-size: 20px; text-align: center;\">Bemposta (<\/span><span class=\"_fadeIn_m1hgl_8\" style=\"font-size: 20px; text-align: center;\">orientada <\/span><span class=\"_fadeIn_m1hgl_8\" style=\"font-size: 20px; text-align: center;\">por <\/span><span class=\"_fadeIn_m1hgl_8\" style=\"font-size: 20px; text-align: center;\">Jonathan <\/span><span class=\"_fadeIn_m1hgl_8\" style=\"font-size: 20px; text-align: center;\">Costa)<\/span><\/p>\n<p style=\"text-align: left;\"><span class=\"_fadeIn_m1hgl_8\" style=\"font-size: 20px; text-align: center;\"><\/span><\/p>\n<p style=\"text-align: left;\"><strong>FOTOGRAFIA<\/strong> Kim Ramalho e Daniela Mendes<\/p>\n<p>[\/et_pb_text][\/et_pb_column][\/et_pb_row][\/et_pb_section][et_pb_section fb_built=&#8221;1&#8243; _builder_version=&#8221;4.27.4&#8243; _module_preset=&#8221;default&#8221; custom_padding=&#8221;||1px|||&#8221; global_colors_info=&#8221;{}&#8221;][et_pb_row _builder_version=&#8221;4.27.4&#8243; _module_preset=&#8221;default&#8221; global_colors_info=&#8221;{}&#8221;][et_pb_column type=&#8221;4_4&#8243; _builder_version=&#8221;4.27.4&#8243; _module_preset=&#8221;default&#8221; global_colors_info=&#8221;{}&#8221;][et_pb_image src=&#8221;https:\/\/novo.fabricaartes.pt\/wp-content\/uploads\/2025\/05\/0B9A7878-Aprimorado-NR.jpg&#8221; title_text=&#8221;0B9A7878-Aprimorado-NR&#8221; _builder_version=&#8221;4.27.4&#8243; _module_preset=&#8221;default&#8221; global_colors_info=&#8221;{}&#8221;][\/et_pb_image][\/et_pb_column][\/et_pb_row][\/et_pb_section]<\/p>\n","protected":false},"excerpt":{"rendered":"<p>2 MOR ROW2 MOR ROW um bailado ensaiado e cocriado na F\u00e1brica das Artes \u2013 Escola de Dan\u00e7a, baseado no Filme Annie de 1982. O Filme e repert\u00f3rios dos bailados contempor\u00e2neos e cl\u00e1ssicos tradicionais em am\u00e1lgama com uma \u00e9poca de p\u00f3s-guerra em 1892 nos Estados Unidos da Am\u00e9rica. Uma pe\u00e7a onde \u00e9 introduzida a magia [&hellip;]<\/p>\n","protected":false},"author":2,"featured_media":0,"parent":0,"menu_order":0,"comment_status":"closed","ping_status":"closed","template":"","meta":{"_et_pb_use_builder":"on","_et_pb_old_content":"","_et_gb_content_width":"","footnotes":""},"class_list":["post-368","page","type-page","status-publish","hentry"],"yoast_head":"<!-- This site is optimized with the Yoast SEO plugin v27.4 - https:\/\/yoast.com\/product\/yoast-seo-wordpress\/ -->\n<title>2 MOR ROW - 2024 - F\u00e1brica das Artes<\/title>\n<meta name=\"robots\" content=\"index, follow, max-snippet:-1, max-image-preview:large, max-video-preview:-1\" \/>\n<link rel=\"canonical\" href=\"https:\/\/novo.fabricaartes.pt\/index.php\/2-mor-row\/\" \/>\n<meta property=\"og:locale\" content=\"pt_PT\" \/>\n<meta property=\"og:type\" content=\"article\" \/>\n<meta property=\"og:title\" content=\"2 MOR ROW - 2024 - F\u00e1brica das Artes\" \/>\n<meta property=\"og:description\" content=\"2 MOR ROW2 MOR ROW um bailado ensaiado e cocriado na F\u00e1brica das Artes \u2013 Escola de Dan\u00e7a, baseado no Filme Annie de 1982. O Filme e repert\u00f3rios dos bailados contempor\u00e2neos e cl\u00e1ssicos tradicionais em am\u00e1lgama com uma \u00e9poca de p\u00f3s-guerra em 1892 nos Estados Unidos da Am\u00e9rica. Uma pe\u00e7a onde \u00e9 introduzida a magia [&hellip;]\" \/>\n<meta property=\"og:url\" content=\"https:\/\/novo.fabricaartes.pt\/index.php\/2-mor-row\/\" \/>\n<meta property=\"og:site_name\" content=\"F\u00e1brica das Artes\" \/>\n<meta property=\"article:modified_time\" content=\"2025-06-17T17:31:42+00:00\" \/>\n<meta name=\"twitter:card\" content=\"summary_large_image\" \/>\n<meta name=\"twitter:label1\" content=\"Tempo estimado de leitura\" \/>\n\t<meta name=\"twitter:data1\" content=\"3 minutos\" \/>\n<script type=\"application\/ld+json\" class=\"yoast-schema-graph\">{\"@context\":\"https:\\\/\\\/schema.org\",\"@graph\":[{\"@type\":\"WebPage\",\"@id\":\"https:\\\/\\\/novo.fabricaartes.pt\\\/index.php\\\/2-mor-row\\\/\",\"url\":\"https:\\\/\\\/novo.fabricaartes.pt\\\/index.php\\\/2-mor-row\\\/\",\"name\":\"2 MOR ROW - 2024 - F\u00e1brica das Artes\",\"isPartOf\":{\"@id\":\"https:\\\/\\\/novo.fabricaartes.pt\\\/#website\"},\"datePublished\":\"2025-05-16T14:52:48+00:00\",\"dateModified\":\"2025-06-17T17:31:42+00:00\",\"breadcrumb\":{\"@id\":\"https:\\\/\\\/novo.fabricaartes.pt\\\/index.php\\\/2-mor-row\\\/#breadcrumb\"},\"inLanguage\":\"pt-PT\",\"potentialAction\":[{\"@type\":\"ReadAction\",\"target\":[\"https:\\\/\\\/novo.fabricaartes.pt\\\/index.php\\\/2-mor-row\\\/\"]}]},{\"@type\":\"BreadcrumbList\",\"@id\":\"https:\\\/\\\/novo.fabricaartes.pt\\\/index.php\\\/2-mor-row\\\/#breadcrumb\",\"itemListElement\":[{\"@type\":\"ListItem\",\"position\":1,\"name\":\"In\u00edcio\",\"item\":\"https:\\\/\\\/novo.fabricaartes.pt\\\/\"},{\"@type\":\"ListItem\",\"position\":2,\"name\":\"2 MOR ROW &#8211; 2024\"}]},{\"@type\":\"WebSite\",\"@id\":\"https:\\\/\\\/novo.fabricaartes.pt\\\/#website\",\"url\":\"https:\\\/\\\/novo.fabricaartes.pt\\\/\",\"name\":\"F\u00e1brica das Artes\",\"description\":\"Fundado a 2 de outubro de 2017, a F\u00e1brica das Artes \u2013 Escola de Dan\u00e7a, tem como miss\u00e3o formar profissionais de dan\u00e7a de suprema qualidade art\u00edstica...\",\"potentialAction\":[{\"@type\":\"SearchAction\",\"target\":{\"@type\":\"EntryPoint\",\"urlTemplate\":\"https:\\\/\\\/novo.fabricaartes.pt\\\/?s={search_term_string}\"},\"query-input\":{\"@type\":\"PropertyValueSpecification\",\"valueRequired\":true,\"valueName\":\"search_term_string\"}}],\"inLanguage\":\"pt-PT\"}]}<\/script>\n<!-- \/ Yoast SEO plugin. -->","yoast_head_json":{"title":"2 MOR ROW - 2024 - F\u00e1brica das Artes","robots":{"index":"index","follow":"follow","max-snippet":"max-snippet:-1","max-image-preview":"max-image-preview:large","max-video-preview":"max-video-preview:-1"},"canonical":"https:\/\/novo.fabricaartes.pt\/index.php\/2-mor-row\/","og_locale":"pt_PT","og_type":"article","og_title":"2 MOR ROW - 2024 - F\u00e1brica das Artes","og_description":"2 MOR ROW2 MOR ROW um bailado ensaiado e cocriado na F\u00e1brica das Artes \u2013 Escola de Dan\u00e7a, baseado no Filme Annie de 1982. O Filme e repert\u00f3rios dos bailados contempor\u00e2neos e cl\u00e1ssicos tradicionais em am\u00e1lgama com uma \u00e9poca de p\u00f3s-guerra em 1892 nos Estados Unidos da Am\u00e9rica. Uma pe\u00e7a onde \u00e9 introduzida a magia [&hellip;]","og_url":"https:\/\/novo.fabricaartes.pt\/index.php\/2-mor-row\/","og_site_name":"F\u00e1brica das Artes","article_modified_time":"2025-06-17T17:31:42+00:00","twitter_card":"summary_large_image","twitter_misc":{"Tempo estimado de leitura":"3 minutos"},"schema":{"@context":"https:\/\/schema.org","@graph":[{"@type":"WebPage","@id":"https:\/\/novo.fabricaartes.pt\/index.php\/2-mor-row\/","url":"https:\/\/novo.fabricaartes.pt\/index.php\/2-mor-row\/","name":"2 MOR ROW - 2024 - F\u00e1brica das Artes","isPartOf":{"@id":"https:\/\/novo.fabricaartes.pt\/#website"},"datePublished":"2025-05-16T14:52:48+00:00","dateModified":"2025-06-17T17:31:42+00:00","breadcrumb":{"@id":"https:\/\/novo.fabricaartes.pt\/index.php\/2-mor-row\/#breadcrumb"},"inLanguage":"pt-PT","potentialAction":[{"@type":"ReadAction","target":["https:\/\/novo.fabricaartes.pt\/index.php\/2-mor-row\/"]}]},{"@type":"BreadcrumbList","@id":"https:\/\/novo.fabricaartes.pt\/index.php\/2-mor-row\/#breadcrumb","itemListElement":[{"@type":"ListItem","position":1,"name":"In\u00edcio","item":"https:\/\/novo.fabricaartes.pt\/"},{"@type":"ListItem","position":2,"name":"2 MOR ROW &#8211; 2024"}]},{"@type":"WebSite","@id":"https:\/\/novo.fabricaartes.pt\/#website","url":"https:\/\/novo.fabricaartes.pt\/","name":"F\u00e1brica das Artes","description":"Fundado a 2 de outubro de 2017, a F\u00e1brica das Artes \u2013 Escola de Dan\u00e7a, tem como miss\u00e3o formar profissionais de dan\u00e7a de suprema qualidade art\u00edstica...","potentialAction":[{"@type":"SearchAction","target":{"@type":"EntryPoint","urlTemplate":"https:\/\/novo.fabricaartes.pt\/?s={search_term_string}"},"query-input":{"@type":"PropertyValueSpecification","valueRequired":true,"valueName":"search_term_string"}}],"inLanguage":"pt-PT"}]}},"_links":{"self":[{"href":"https:\/\/novo.fabricaartes.pt\/index.php\/wp-json\/wp\/v2\/pages\/368","targetHints":{"allow":["GET"]}}],"collection":[{"href":"https:\/\/novo.fabricaartes.pt\/index.php\/wp-json\/wp\/v2\/pages"}],"about":[{"href":"https:\/\/novo.fabricaartes.pt\/index.php\/wp-json\/wp\/v2\/types\/page"}],"author":[{"embeddable":true,"href":"https:\/\/novo.fabricaartes.pt\/index.php\/wp-json\/wp\/v2\/users\/2"}],"replies":[{"embeddable":true,"href":"https:\/\/novo.fabricaartes.pt\/index.php\/wp-json\/wp\/v2\/comments?post=368"}],"version-history":[{"count":19,"href":"https:\/\/novo.fabricaartes.pt\/index.php\/wp-json\/wp\/v2\/pages\/368\/revisions"}],"predecessor-version":[{"id":1643,"href":"https:\/\/novo.fabricaartes.pt\/index.php\/wp-json\/wp\/v2\/pages\/368\/revisions\/1643"}],"wp:attachment":[{"href":"https:\/\/novo.fabricaartes.pt\/index.php\/wp-json\/wp\/v2\/media?parent=368"}],"curies":[{"name":"wp","href":"https:\/\/api.w.org\/{rel}","templated":true}]}}