{"id":369,"date":"2025-05-16T14:50:32","date_gmt":"2025-05-16T14:50:32","guid":{"rendered":"https:\/\/novo.fabricaartes.pt\/?page_id=369"},"modified":"2025-06-17T17:40:26","modified_gmt":"2025-06-17T17:40:26","slug":"se-o-sapato-servir-cinderela","status":"publish","type":"page","link":"https:\/\/novo.fabricaartes.pt\/index.php\/se-o-sapato-servir-cinderela\/","title":{"rendered":"Se o sapato servir&#8230; CINDERELA &#8211; 2019"},"content":{"rendered":"<p>[et_pb_section fb_built=&#8221;1&#8243; _builder_version=&#8221;4.27.4&#8243; _module_preset=&#8221;default&#8221; global_colors_info=&#8221;{}&#8221;][et_pb_row _builder_version=&#8221;4.27.4&#8243; _module_preset=&#8221;default&#8221; custom_margin=&#8221;|auto|-62px|auto||&#8221; global_colors_info=&#8221;{}&#8221;][et_pb_column type=&#8221;4_4&#8243; _builder_version=&#8221;4.27.4&#8243; _module_preset=&#8221;default&#8221; global_colors_info=&#8221;{}&#8221;][et_pb_text _builder_version=&#8221;4.27.4&#8243; _module_preset=&#8221;default&#8221; text_font=&#8221;&#8211;et_global_heading_font|600||on|||||&#8221; text_text_color=&#8221;#000000&#8243; text_font_size=&#8221;40px&#8221; hover_enabled=&#8221;0&#8243; global_colors_info=&#8221;{}&#8221; sticky_enabled=&#8221;0&#8243;]<\/p>\n<p>Se o Sapato Servir&#8230; CINDERELA<\/p>\n<p>[\/et_pb_text][\/et_pb_column][\/et_pb_row][\/et_pb_section][et_pb_section fb_built=&#8221;1&#8243; _builder_version=&#8221;4.27.4&#8243; _module_preset=&#8221;default&#8221; min_height=&#8221;156.6px&#8221; custom_margin=&#8221;||-115px|||&#8221; global_colors_info=&#8221;{}&#8221;][et_pb_row _builder_version=&#8221;4.27.4&#8243; _module_preset=&#8221;default&#8221; custom_padding=&#8221;0px|||||&#8221; global_colors_info=&#8221;{}&#8221;][et_pb_column type=&#8221;4_4&#8243; _builder_version=&#8221;4.27.4&#8243; _module_preset=&#8221;default&#8221; global_colors_info=&#8221;{}&#8221;][et_pb_text _builder_version=&#8221;4.27.4&#8243; _module_preset=&#8221;default&#8221; text_text_color=&#8221;#000000&#8243; text_font_size=&#8221;20px&#8221; hover_enabled=&#8221;0&#8243; global_colors_info=&#8221;{}&#8221; text_font=&#8221;&#8211;et_global_heading_font|600|||||||&#8221; sticky_enabled=&#8221;0&#8243;]<\/p>\n<p style=\"text-align: justify;\">Se o Sapato Servir: CINDERELA \u00e9 um bailado infantil que conta com todo o elenco da F\u00e1brica das Artes, numa viagem ao conto de fadas atrav\u00e9s de uma abordagem alegre, emocional e contempor\u00e2nea criativa.<\/p>\n<p style=\"text-align: justify;\">Inspirado nos diversos bailados cl\u00e1ssicos, este bailado consegue fazer renascer a magia dos castelos encantados e das companhias de Dan\u00e7a de refer\u00eancia mundial, com a atualidade e a realidade.<\/p>\n<p style=\"text-align: justify;\">Com a habitual entrega, organiza-se para proporcionar uma experi\u00eancia enriquecedora de partilha e dedica\u00e7\u00e3o aos mais pequenos e aos mais gra\u00fados, atrav\u00e9s do mais importante no desenvolvimento emocional: a ARTE e o MOVIMENTO.<\/p>\n<p>[\/et_pb_text][\/et_pb_column][\/et_pb_row][\/et_pb_section][et_pb_section fb_built=&#8221;1&#8243; _builder_version=&#8221;4.27.4&#8243; _module_preset=&#8221;default&#8221; global_colors_info=&#8221;{}&#8221;][et_pb_row _builder_version=&#8221;4.27.4&#8243; _module_preset=&#8221;default&#8221; global_colors_info=&#8221;{}&#8221;][et_pb_column type=&#8221;4_4&#8243; _builder_version=&#8221;4.27.4&#8243; _module_preset=&#8221;default&#8221; global_colors_info=&#8221;{}&#8221;][et_pb_gallery gallery_ids=&#8221;1220,1221,1222,1223,1224,1225,1226,1227,1228&#8243; fullwidth=&#8221;on&#8221; _builder_version=&#8221;4.27.4&#8243; _module_preset=&#8221;default&#8221; text_orientation=&#8221;center&#8221; custom_padding=&#8221;||0px|||&#8221; auto=&#8221;on&#8221; auto_speed=&#8221;2000&#8243; global_colors_info=&#8221;{}&#8221;][\/et_pb_gallery][\/et_pb_column][\/et_pb_row][\/et_pb_section][et_pb_section fb_built=&#8221;1&#8243; _builder_version=&#8221;4.27.4&#8243; _module_preset=&#8221;default&#8221; min_height=&#8221;250px&#8221; custom_margin=&#8221;||-74px|||&#8221; custom_padding=&#8221;||35px|||&#8221; global_colors_info=&#8221;{}&#8221;][et_pb_row _builder_version=&#8221;4.27.4&#8243; _module_preset=&#8221;default&#8221; global_colors_info=&#8221;{}&#8221;][et_pb_column type=&#8221;4_4&#8243; _builder_version=&#8221;4.27.4&#8243; _module_preset=&#8221;default&#8221; global_colors_info=&#8221;{}&#8221;][et_pb_text _builder_version=&#8221;4.27.4&#8243; _module_preset=&#8221;default&#8221; text_text_color=&#8221;#000000&#8243; text_font_size=&#8221;20px&#8221; text_orientation=&#8221;center&#8221; custom_margin=&#8221;-81px|||||&#8221; custom_padding=&#8221;||0px|||&#8221; global_colors_info=&#8221;{}&#8221;]<\/p>\n<p style=\"text-align: left;\"><strong>COREOGRAFIA E ADAPTA\u00c7\u00c3O DE REPERT\u00d3RIO <\/strong>Ana Nunes, Ana de Castro, Diana Gaspar, Joana Campos, Rita Soares, Rita Murteira, Renata a e Convidado Especial Bruno Alexandre<\/p>\n<p style=\"text-align: left;\">\n<p style=\"text-align: left;\"><strong>REPERT\u00d3RIO <\/strong>\u201cCinderella\u201d \u2013 Paris National Opera Ballet Company, Rudolf<\/p>\n<p style=\"text-align: left;\">\n<p style=\"text-align: left;\"><strong>MUSICA <\/strong>Patrick Doyle, Prokofiev, Arvo P\u00e4rt, Fl\u00e4skkvartetten, Michael Giacchino, Danny Elfman, Yabin Wang &amp; Sidi Larbi Cherkaoui, The Next Stop, \u00d3lafur Arnalds<\/p>\n<p style=\"text-align: left;\">\n<p style=\"text-align: left;\"><strong>FOTOGRAFIA<\/strong> Ant\u00f3nio Leit\u00e3o e Joana R.<\/p>\n<p>[\/et_pb_text][\/et_pb_column][\/et_pb_row][\/et_pb_section][et_pb_section fb_built=&#8221;1&#8243; _builder_version=&#8221;4.27.4&#8243; _module_preset=&#8221;default&#8221; custom_padding=&#8221;||1px|||&#8221; global_colors_info=&#8221;{}&#8221;][et_pb_row _builder_version=&#8221;4.27.4&#8243; _module_preset=&#8221;default&#8221; global_colors_info=&#8221;{}&#8221;][et_pb_column type=&#8221;4_4&#8243; _builder_version=&#8221;4.27.4&#8243; _module_preset=&#8221;default&#8221; global_colors_info=&#8221;{}&#8221;][et_pb_image src=&#8221;https:\/\/novo.fabricaartes.pt\/wp-content\/uploads\/2025\/05\/MG_0008-1-scaled.jpg&#8221; title_text=&#8221;_MG_0008&#8243; _builder_version=&#8221;4.27.4&#8243; _module_preset=&#8221;default&#8221; global_colors_info=&#8221;{}&#8221;][\/et_pb_image][\/et_pb_column][\/et_pb_row][\/et_pb_section]<\/p>\n","protected":false},"excerpt":{"rendered":"<p>Se o Sapato Servir&#8230; CINDERELASe o Sapato Servir: CINDERELA \u00e9 um bailado infantil que conta com todo o elenco da F\u00e1brica das Artes, numa viagem ao conto de fadas atrav\u00e9s de uma abordagem alegre, emocional e contempor\u00e2nea criativa. Inspirado nos diversos bailados cl\u00e1ssicos, este bailado consegue fazer renascer a magia dos castelos encantados e das [&hellip;]<\/p>\n","protected":false},"author":2,"featured_media":0,"parent":0,"menu_order":0,"comment_status":"closed","ping_status":"closed","template":"","meta":{"_et_pb_use_builder":"on","_et_pb_old_content":"","_et_gb_content_width":"","footnotes":""},"class_list":["post-369","page","type-page","status-publish","hentry"],"yoast_head":"<!-- This site is optimized with the Yoast SEO plugin v27.4 - https:\/\/yoast.com\/product\/yoast-seo-wordpress\/ -->\n<title>Se o sapato servir... CINDERELA - 2019 - F\u00e1brica das Artes<\/title>\n<meta name=\"robots\" content=\"index, follow, max-snippet:-1, max-image-preview:large, max-video-preview:-1\" \/>\n<link rel=\"canonical\" href=\"https:\/\/novo.fabricaartes.pt\/index.php\/se-o-sapato-servir-cinderela\/\" \/>\n<meta property=\"og:locale\" content=\"pt_PT\" \/>\n<meta property=\"og:type\" content=\"article\" \/>\n<meta property=\"og:title\" content=\"Se o sapato servir... CINDERELA - 2019 - F\u00e1brica das Artes\" \/>\n<meta property=\"og:description\" content=\"Se o Sapato Servir... CINDERELASe o Sapato Servir: CINDERELA \u00e9 um bailado infantil que conta com todo o elenco da F\u00e1brica das Artes, numa viagem ao conto de fadas atrav\u00e9s de uma abordagem alegre, emocional e contempor\u00e2nea criativa. Inspirado nos diversos bailados cl\u00e1ssicos, este bailado consegue fazer renascer a magia dos castelos encantados e das [&hellip;]\" \/>\n<meta property=\"og:url\" content=\"https:\/\/novo.fabricaartes.pt\/index.php\/se-o-sapato-servir-cinderela\/\" \/>\n<meta property=\"og:site_name\" content=\"F\u00e1brica das Artes\" \/>\n<meta property=\"article:modified_time\" content=\"2025-06-17T17:40:26+00:00\" \/>\n<meta name=\"twitter:card\" content=\"summary_large_image\" \/>\n<meta name=\"twitter:label1\" content=\"Tempo estimado de leitura\" \/>\n\t<meta name=\"twitter:data1\" content=\"3 minutos\" \/>\n<script type=\"application\/ld+json\" class=\"yoast-schema-graph\">{\"@context\":\"https:\\\/\\\/schema.org\",\"@graph\":[{\"@type\":\"WebPage\",\"@id\":\"https:\\\/\\\/novo.fabricaartes.pt\\\/index.php\\\/se-o-sapato-servir-cinderela\\\/\",\"url\":\"https:\\\/\\\/novo.fabricaartes.pt\\\/index.php\\\/se-o-sapato-servir-cinderela\\\/\",\"name\":\"Se o sapato servir... CINDERELA - 2019 - F\u00e1brica das Artes\",\"isPartOf\":{\"@id\":\"https:\\\/\\\/novo.fabricaartes.pt\\\/#website\"},\"datePublished\":\"2025-05-16T14:50:32+00:00\",\"dateModified\":\"2025-06-17T17:40:26+00:00\",\"breadcrumb\":{\"@id\":\"https:\\\/\\\/novo.fabricaartes.pt\\\/index.php\\\/se-o-sapato-servir-cinderela\\\/#breadcrumb\"},\"inLanguage\":\"pt-PT\",\"potentialAction\":[{\"@type\":\"ReadAction\",\"target\":[\"https:\\\/\\\/novo.fabricaartes.pt\\\/index.php\\\/se-o-sapato-servir-cinderela\\\/\"]}]},{\"@type\":\"BreadcrumbList\",\"@id\":\"https:\\\/\\\/novo.fabricaartes.pt\\\/index.php\\\/se-o-sapato-servir-cinderela\\\/#breadcrumb\",\"itemListElement\":[{\"@type\":\"ListItem\",\"position\":1,\"name\":\"In\u00edcio\",\"item\":\"https:\\\/\\\/novo.fabricaartes.pt\\\/\"},{\"@type\":\"ListItem\",\"position\":2,\"name\":\"Se o sapato servir&#8230; CINDERELA &#8211; 2019\"}]},{\"@type\":\"WebSite\",\"@id\":\"https:\\\/\\\/novo.fabricaartes.pt\\\/#website\",\"url\":\"https:\\\/\\\/novo.fabricaartes.pt\\\/\",\"name\":\"F\u00e1brica das Artes\",\"description\":\"Fundado a 2 de outubro de 2017, a F\u00e1brica das Artes \u2013 Escola de Dan\u00e7a, tem como miss\u00e3o formar profissionais de dan\u00e7a de suprema qualidade art\u00edstica...\",\"potentialAction\":[{\"@type\":\"SearchAction\",\"target\":{\"@type\":\"EntryPoint\",\"urlTemplate\":\"https:\\\/\\\/novo.fabricaartes.pt\\\/?s={search_term_string}\"},\"query-input\":{\"@type\":\"PropertyValueSpecification\",\"valueRequired\":true,\"valueName\":\"search_term_string\"}}],\"inLanguage\":\"pt-PT\"}]}<\/script>\n<!-- \/ Yoast SEO plugin. -->","yoast_head_json":{"title":"Se o sapato servir... CINDERELA - 2019 - F\u00e1brica das Artes","robots":{"index":"index","follow":"follow","max-snippet":"max-snippet:-1","max-image-preview":"max-image-preview:large","max-video-preview":"max-video-preview:-1"},"canonical":"https:\/\/novo.fabricaartes.pt\/index.php\/se-o-sapato-servir-cinderela\/","og_locale":"pt_PT","og_type":"article","og_title":"Se o sapato servir... CINDERELA - 2019 - F\u00e1brica das Artes","og_description":"Se o Sapato Servir... CINDERELASe o Sapato Servir: CINDERELA \u00e9 um bailado infantil que conta com todo o elenco da F\u00e1brica das Artes, numa viagem ao conto de fadas atrav\u00e9s de uma abordagem alegre, emocional e contempor\u00e2nea criativa. Inspirado nos diversos bailados cl\u00e1ssicos, este bailado consegue fazer renascer a magia dos castelos encantados e das [&hellip;]","og_url":"https:\/\/novo.fabricaartes.pt\/index.php\/se-o-sapato-servir-cinderela\/","og_site_name":"F\u00e1brica das Artes","article_modified_time":"2025-06-17T17:40:26+00:00","twitter_card":"summary_large_image","twitter_misc":{"Tempo estimado de leitura":"3 minutos"},"schema":{"@context":"https:\/\/schema.org","@graph":[{"@type":"WebPage","@id":"https:\/\/novo.fabricaartes.pt\/index.php\/se-o-sapato-servir-cinderela\/","url":"https:\/\/novo.fabricaartes.pt\/index.php\/se-o-sapato-servir-cinderela\/","name":"Se o sapato servir... CINDERELA - 2019 - F\u00e1brica das Artes","isPartOf":{"@id":"https:\/\/novo.fabricaartes.pt\/#website"},"datePublished":"2025-05-16T14:50:32+00:00","dateModified":"2025-06-17T17:40:26+00:00","breadcrumb":{"@id":"https:\/\/novo.fabricaartes.pt\/index.php\/se-o-sapato-servir-cinderela\/#breadcrumb"},"inLanguage":"pt-PT","potentialAction":[{"@type":"ReadAction","target":["https:\/\/novo.fabricaartes.pt\/index.php\/se-o-sapato-servir-cinderela\/"]}]},{"@type":"BreadcrumbList","@id":"https:\/\/novo.fabricaartes.pt\/index.php\/se-o-sapato-servir-cinderela\/#breadcrumb","itemListElement":[{"@type":"ListItem","position":1,"name":"In\u00edcio","item":"https:\/\/novo.fabricaartes.pt\/"},{"@type":"ListItem","position":2,"name":"Se o sapato servir&#8230; CINDERELA &#8211; 2019"}]},{"@type":"WebSite","@id":"https:\/\/novo.fabricaartes.pt\/#website","url":"https:\/\/novo.fabricaartes.pt\/","name":"F\u00e1brica das Artes","description":"Fundado a 2 de outubro de 2017, a F\u00e1brica das Artes \u2013 Escola de Dan\u00e7a, tem como miss\u00e3o formar profissionais de dan\u00e7a de suprema qualidade art\u00edstica...","potentialAction":[{"@type":"SearchAction","target":{"@type":"EntryPoint","urlTemplate":"https:\/\/novo.fabricaartes.pt\/?s={search_term_string}"},"query-input":{"@type":"PropertyValueSpecification","valueRequired":true,"valueName":"search_term_string"}}],"inLanguage":"pt-PT"}]}},"_links":{"self":[{"href":"https:\/\/novo.fabricaartes.pt\/index.php\/wp-json\/wp\/v2\/pages\/369","targetHints":{"allow":["GET"]}}],"collection":[{"href":"https:\/\/novo.fabricaartes.pt\/index.php\/wp-json\/wp\/v2\/pages"}],"about":[{"href":"https:\/\/novo.fabricaartes.pt\/index.php\/wp-json\/wp\/v2\/types\/page"}],"author":[{"embeddable":true,"href":"https:\/\/novo.fabricaartes.pt\/index.php\/wp-json\/wp\/v2\/users\/2"}],"replies":[{"embeddable":true,"href":"https:\/\/novo.fabricaartes.pt\/index.php\/wp-json\/wp\/v2\/comments?post=369"}],"version-history":[{"count":15,"href":"https:\/\/novo.fabricaartes.pt\/index.php\/wp-json\/wp\/v2\/pages\/369\/revisions"}],"predecessor-version":[{"id":1651,"href":"https:\/\/novo.fabricaartes.pt\/index.php\/wp-json\/wp\/v2\/pages\/369\/revisions\/1651"}],"wp:attachment":[{"href":"https:\/\/novo.fabricaartes.pt\/index.php\/wp-json\/wp\/v2\/media?parent=369"}],"curies":[{"name":"wp","href":"https:\/\/api.w.org\/{rel}","templated":true}]}}