{"id":735,"date":"2025-05-26T10:07:16","date_gmt":"2025-05-26T10:07:16","guid":{"rendered":"https:\/\/novo.fabricaartes.pt\/?page_id=735"},"modified":"2025-06-20T11:08:52","modified_gmt":"2025-06-20T11:08:52","slug":"ballet-turmas","status":"publish","type":"page","link":"https:\/\/novo.fabricaartes.pt\/index.php\/ballet-turmas\/","title":{"rendered":"Ballet Turmas"},"content":{"rendered":"<p>[et_pb_section fb_built=&#8221;1&#8243; _builder_version=&#8221;4.27.4&#8243; _module_preset=&#8221;default&#8221; min_height=&#8221;185.6px&#8221; global_colors_info=&#8221;{}&#8221;][et_pb_row _builder_version=&#8221;4.27.4&#8243; _module_preset=&#8221;default&#8221; global_colors_info=&#8221;{}&#8221;][et_pb_column type=&#8221;4_4&#8243; _builder_version=&#8221;4.27.4&#8243; _module_preset=&#8221;default&#8221; global_colors_info=&#8221;{}&#8221;][et_pb_text _builder_version=&#8221;4.27.4&#8243; _module_preset=&#8221;default&#8221; text_font=&#8221;&#8211;et_global_body_font||||||||&#8221; text_text_color=&#8221;#000000&#8243; text_font_size=&#8221;50px&#8221; header_font=&#8221;Lora||||||||&#8221; header_font_size=&#8221;28px&#8221; global_colors_info=&#8221;{}&#8221;]<\/p>\n<p style=\"text-align: center;\"><strong>BALLET<\/strong><\/p>\n<p>[\/et_pb_text][\/et_pb_column][\/et_pb_row][\/et_pb_section][et_pb_section fb_built=&#8221;1&#8243; _builder_version=&#8221;4.27.4&#8243; _module_preset=&#8221;default&#8221; min_height=&#8221;474.4px&#8221; custom_margin=&#8221;-56px|||||&#8221; custom_padding=&#8221;||0px|||&#8221; global_colors_info=&#8221;{}&#8221;][et_pb_row column_structure=&#8221;1_5,1_5,1_5,1_5,1_5&#8243; _builder_version=&#8221;4.27.4&#8243; _module_preset=&#8221;default&#8221; global_colors_info=&#8221;{}&#8221;][et_pb_column type=&#8221;1_5&#8243; _builder_version=&#8221;4.27.4&#8243; _module_preset=&#8221;default&#8221; global_colors_info=&#8221;{}&#8221;][et_pb_blurb title=&#8221;PR\u00c9-PRIM\u00c1RIO&#8221; image=&#8221;https:\/\/novo.fabricaartes.pt\/wp-content\/uploads\/2025\/06\/2025.05.01EnsaioGeralI-49.jpg&#8221; _builder_version=&#8221;4.27.4&#8243; _module_preset=&#8221;default&#8221; animation_style=&#8221;zoom&#8221; animation_duration=&#8221;2000ms&#8221; global_colors_info=&#8221;{}&#8221;]<\/p>\n<p data-start=\"1431\" data-end=\"1470\">Hor\u00e1rios: Ter\u00e7as \u00e0s 18h30 &#8211; 19h15, e as Quintas \u00e0s 18h00 &#8211; 18h45<\/p>\n<p data-start=\"1431\" data-end=\"1470\">Idade: 3 aos 5 anos<\/p>\n<p>[\/et_pb_blurb][\/et_pb_column][et_pb_column type=&#8221;1_5&#8243; _builder_version=&#8221;4.27.4&#8243; _module_preset=&#8221;default&#8221; global_colors_info=&#8221;{}&#8221;][et_pb_blurb title=&#8221; PRIM\u00c1RIO&#8221; image=&#8221;https:\/\/novo.fabricaartes.pt\/wp-content\/uploads\/2025\/06\/2025.05.01EnsaioGeralI-77.jpg&#8221; _builder_version=&#8221;4.27.4&#8243; _module_preset=&#8221;default&#8221; animation_style=&#8221;zoom&#8221; animation_duration=&#8221;2000ms&#8221; global_colors_info=&#8221;{}&#8221;]<\/p>\n<p data-start=\"1431\" data-end=\"1470\">Hor\u00e1rios: Ter\u00e7as \u00e0s 18h15 &#8211; 19h00, e Quintas \u00e0s 18h45 &#8211; 19h30<\/p>\n<p data-start=\"1431\" data-end=\"1470\">Idade: 6 anos<\/p>\n<p>[\/et_pb_blurb][\/et_pb_column][et_pb_column type=&#8221;1_5&#8243; _builder_version=&#8221;4.27.4&#8243; _module_preset=&#8221;default&#8221; global_colors_info=&#8221;{}&#8221;][et_pb_blurb title=&#8221;GRAU I&#8221; image=&#8221;https:\/\/novo.fabricaartes.pt\/wp-content\/uploads\/2025\/06\/0659-scaled.jpg&#8221; _builder_version=&#8221;4.27.4&#8243; _module_preset=&#8221;default&#8221; animation_style=&#8221;zoom&#8221; animation_duration=&#8221;2000ms&#8221; global_colors_info=&#8221;{}&#8221;]<\/p>\n<p data-start=\"1431\" data-end=\"1470\">Hor\u00e1rios: Segundas \u00e0s 18h30 -19h30, e Quintas \u00e0s 18h15 &#8211; 19h15<\/p>\n<p data-start=\"1431\" data-end=\"1470\">Idade: 7 anos<\/p>\n<p>[\/et_pb_blurb][\/et_pb_column][et_pb_column type=&#8221;1_5&#8243; _builder_version=&#8221;4.27.4&#8243; _module_preset=&#8221;default&#8221; global_colors_info=&#8221;{}&#8221;][et_pb_blurb title=&#8221;GRAU II&#8221; image=&#8221;https:\/\/novo.fabricaartes.pt\/wp-content\/uploads\/2025\/06\/2275-scaled.jpg&#8221; _builder_version=&#8221;4.27.4&#8243; _module_preset=&#8221;default&#8221; animation_style=&#8221;zoom&#8221; animation_duration=&#8221;2000ms&#8221; global_colors_info=&#8221;{}&#8221;]<\/p>\n<p data-start=\"1431\" data-end=\"1470\">Hor\u00e1rios: Segundas\u00a0 \u00e1s 18h30 &#8211; 19h30, e as\u00a0 Quartas as 18h30 &#8211; 19h30<\/p>\n<p data-start=\"1431\" data-end=\"1470\">Idade: 8 anos<\/p>\n<p>[\/et_pb_blurb][\/et_pb_column][et_pb_column type=&#8221;1_5&#8243; _builder_version=&#8221;4.27.4&#8243; _module_preset=&#8221;default&#8221; global_colors_info=&#8221;{}&#8221;][et_pb_blurb title=&#8221;GRAU III&#8221; image=&#8221;https:\/\/novo.fabricaartes.pt\/wp-content\/uploads\/2025\/06\/2024.07.12-Fabrica-das-Artes-em-Movimento-281-scaled.jpg&#8221; _builder_version=&#8221;4.27.4&#8243; _module_preset=&#8221;default&#8221; animation_style=&#8221;zoom&#8221; animation_duration=&#8221;2000ms&#8221; global_colors_info=&#8221;{}&#8221;]<\/p>\n<p data-start=\"1431\" data-end=\"1470\">Hor\u00e1rios: Segundas \u00e0s 17h30 &#8211; 18h30, e Quintas \u00e0s 17h15 &#8211; 18h15<\/p>\n<p data-start=\"1431\" data-end=\"1470\">Idade: 9 anos<\/p>\n<p>[\/et_pb_blurb][\/et_pb_column][\/et_pb_row][\/et_pb_section][et_pb_section fb_built=&#8221;1&#8243; _builder_version=&#8221;4.27.4&#8243; _module_preset=&#8221;default&#8221; min_height=&#8221;527.6px&#8221; custom_padding=&#8221;0px|||||&#8221; global_colors_info=&#8221;{}&#8221;][et_pb_row column_structure=&#8221;1_4,1_4,1_4,1_4&#8243; _builder_version=&#8221;4.27.4&#8243; _module_preset=&#8221;default&#8221; custom_padding=&#8221;73px|||||&#8221; global_colors_info=&#8221;{}&#8221;][et_pb_column type=&#8221;1_4&#8243; _builder_version=&#8221;4.27.4&#8243; _module_preset=&#8221;default&#8221; global_colors_info=&#8221;{}&#8221;][et_pb_blurb title=&#8221;GRAU IV&#8221; image=&#8221;https:\/\/novo.fabricaartes.pt\/wp-content\/uploads\/2025\/06\/0932-scaled.jpg&#8221; _builder_version=&#8221;4.27.4&#8243; _module_preset=&#8221;default&#8221; custom_padding=&#8221;6px|||||&#8221; animation_style=&#8221;zoom&#8221; animation_duration=&#8221;2000ms&#8221; global_colors_info=&#8221;{}&#8221;]<\/p>\n<p data-start=\"1431\" data-end=\"1470\">Hor\u00e1rios: Segundas \u00e0s 17h30 &#8211; 18h30, e Quintas \u00e0s 17h15 &#8211; 18h15<\/p>\n<p data-start=\"1431\" data-end=\"1470\">Idade: 10 anos<\/p>\n<p>[\/et_pb_blurb][\/et_pb_column][et_pb_column type=&#8221;1_4&#8243; _builder_version=&#8221;4.27.4&#8243; _module_preset=&#8221;default&#8221; global_colors_info=&#8221;{}&#8221;][et_pb_blurb title=&#8221;GRAU V &#8221; image=&#8221;https:\/\/novo.fabricaartes.pt\/wp-content\/uploads\/2025\/06\/1138-scaled.jpg&#8221; _builder_version=&#8221;4.27.4&#8243; _module_preset=&#8221;default&#8221; animation_style=&#8221;zoom&#8221; animation_duration=&#8221;2000ms&#8221; global_colors_info=&#8221;{}&#8221;]<\/p>\n<p data-start=\"1431\" data-end=\"1470\">Hor\u00e1rios: Quartas \u00e0s 15h00 &#8211; 16h00, e Sextas \u00e0s 19h15 &#8211; 20h30<\/p>\n<p data-start=\"1431\" data-end=\"1470\">Professora: 11 anos<\/p>\n<p>[\/et_pb_blurb][\/et_pb_column][et_pb_column type=&#8221;1_4&#8243; _builder_version=&#8221;4.27.4&#8243; _module_preset=&#8221;default&#8221; global_colors_info=&#8221;{}&#8221;][et_pb_blurb title=&#8221;GRAU VI&#8221; image=&#8221;https:\/\/novo.fabricaartes.pt\/wp-content\/uploads\/2025\/06\/0501-scaled.jpg&#8221; _builder_version=&#8221;4.27.4&#8243; _module_preset=&#8221;default&#8221; animation_style=&#8221;zoom&#8221; animation_duration=&#8221;2000ms&#8221; global_colors_info=&#8221;{}&#8221;]<\/p>\n<p data-start=\"1431\" data-end=\"1470\">Hor\u00e1rios: Quartas \u00e0s 15h00 &#8211; 16h00, e Sextas \u00e0s 19h15 &#8211; 20h30<\/p>\n<p data-start=\"1431\" data-end=\"1470\">Professora: 12 anos<\/p>\n<p>[\/et_pb_blurb][\/et_pb_column][et_pb_column type=&#8221;1_4&#8243; _builder_version=&#8221;4.27.4&#8243; _module_preset=&#8221;default&#8221; global_colors_info=&#8221;{}&#8221;][et_pb_blurb title=&#8221;INTERM\u00c9DIO &#8221; image=&#8221;https:\/\/novo.fabricaartes.pt\/wp-content\/uploads\/2025\/06\/0457-scaled.jpg&#8221; _builder_version=&#8221;4.27.4&#8243; _module_preset=&#8221;default&#8221; animation_style=&#8221;zoom&#8221; animation_duration=&#8221;2000ms&#8221; hover_enabled=&#8221;0&#8243; global_colors_info=&#8221;{}&#8221; sticky_enabled=&#8221;0&#8243;]<\/p>\n<p data-start=\"1431\" data-end=\"1470\">Hor\u00e1rios: Quarta \u00e0s 15h40 &#8211; 16h50, e Sexta \u00e0s 18h40 &#8211; 19h40<\/p>\n<p data-start=\"1431\" data-end=\"1470\">Idade: +14 anos<\/p>\n<p>[\/et_pb_blurb][\/et_pb_column][\/et_pb_row][et_pb_row column_structure=&#8221;1_4,1_4,1_4,1_4&#8243; _builder_version=&#8221;4.27.4&#8243; _module_preset=&#8221;default&#8221; custom_padding=&#8221;73px|||||&#8221; global_colors_info=&#8221;{}&#8221;][et_pb_column type=&#8221;1_4&#8243; _builder_version=&#8221;4.27.4&#8243; _module_preset=&#8221;default&#8221; global_colors_info=&#8221;{}&#8221;][et_pb_blurb title=&#8221;PONTAS GRAU IV&#8221; image=&#8221;https:\/\/novo.fabricaartes.pt\/wp-content\/uploads\/2025\/06\/2024.07.12-Fabrica-das-Artes-em-Movimento-2-scaled.jpg&#8221; _builder_version=&#8221;4.27.4&#8243; _module_preset=&#8221;default&#8221; animation_style=&#8221;zoom&#8221; animation_duration=&#8221;2000ms&#8221; global_colors_info=&#8221;{}&#8221;]<\/p>\n<p data-start=\"1431\" data-end=\"1470\">Hor\u00e1rios: Segundas \u00e0s 18h45 &#8211; 19h15<\/p>\n<p data-start=\"1431\" data-end=\"1470\">Idade: 10 anos<\/p>\n<p>.<\/p>\n<p>[\/et_pb_blurb][\/et_pb_column][et_pb_column type=&#8221;1_4&#8243; _builder_version=&#8221;4.27.4&#8243; _module_preset=&#8221;default&#8221; global_colors_info=&#8221;{}&#8221;][et_pb_blurb title=&#8221;PONTAS GRAU V&#8221; image=&#8221;https:\/\/novo.fabricaartes.pt\/wp-content\/uploads\/2025\/06\/2024.07.10-Fabrica-das-Artes-em-Movimento-4-scaled.jpg&#8221; _builder_version=&#8221;4.27.4&#8243; _module_preset=&#8221;default&#8221; animation_style=&#8221;zoom&#8221; animation_duration=&#8221;2000ms&#8221; global_colors_info=&#8221;{}&#8221;]<\/p>\n<p data-start=\"1431\" data-end=\"1470\">Hor\u00e1rios: Quartas \u00e0s 16h00 &#8211; 16h45<\/p>\n<p data-start=\"1431\" data-end=\"1470\">Idade: 11 e 12\u00a0 anos<\/p>\n<p>.<\/p>\n<p>[\/et_pb_blurb][\/et_pb_column][et_pb_column type=&#8221;1_4&#8243; _builder_version=&#8221;4.27.4&#8243; _module_preset=&#8221;default&#8221; global_colors_info=&#8221;{}&#8221;][et_pb_blurb title=&#8221;PONTAS GRAU VI&#8221; image=&#8221;https:\/\/novo.fabricaartes.pt\/wp-content\/uploads\/2025\/06\/2024.07.12-Fabrica-das-Artes-em-Movimento-162-scaled.jpg&#8221; _builder_version=&#8221;4.27.4&#8243; _module_preset=&#8221;default&#8221; animation_style=&#8221;zoom&#8221; animation_duration=&#8221;2000ms&#8221; global_colors_info=&#8221;{}&#8221;]<\/p>\n<p data-start=\"1431\" data-end=\"1470\">Hor\u00e1rios: Quartas \u00e0s 16h00 &#8211; 16h45<\/p>\n<p data-start=\"1431\" data-end=\"1470\">Idade: 11 e 12\u00a0 anos<\/p>\n<p>.<\/p>\n<p>[\/et_pb_blurb][\/et_pb_column][et_pb_column type=&#8221;1_4&#8243; _builder_version=&#8221;4.27.4&#8243; _module_preset=&#8221;default&#8221; global_colors_info=&#8221;{}&#8221;][et_pb_blurb title=&#8221;PONTAS INTERM\u00c9DIO&#8221; image=&#8221;https:\/\/novo.fabricaartes.pt\/wp-content\/uploads\/2025\/06\/2024.07.12-Fabrica-das-Artes-em-Movimento-101-scaled.jpg&#8221; _builder_version=&#8221;4.27.4&#8243; _module_preset=&#8221;default&#8221; animation_style=&#8221;zoom&#8221; animation_duration=&#8221;2000ms&#8221; global_colors_info=&#8221;{}&#8221;]<\/p>\n<p data-start=\"1431\" data-end=\"1470\">Hor\u00e1rios: Segundas \u00e0s 19h40 &#8211; 20h25<\/p>\n<p data-start=\"1431\" data-end=\"1470\">Idade: 14+ anos<\/p>\n<p>[\/et_pb_blurb][\/et_pb_column][\/et_pb_row][\/et_pb_section]<\/p>\n","protected":false},"excerpt":{"rendered":"<p>BALLETHor\u00e1rios: Ter\u00e7as \u00e0s 18h30 &#8211; 19h15, e as Quintas \u00e0s 18h00 &#8211; 18h45 Idade: 3 aos 5 anosHor\u00e1rios: Ter\u00e7as \u00e0s 18h15 &#8211; 19h00, e Quintas \u00e0s 18h45 &#8211; 19h30 Idade: 6 anosHor\u00e1rios: Segundas \u00e0s 18h30 -19h30, e Quintas \u00e0s 18h15 &#8211; 19h15 Idade: 7 anosHor\u00e1rios: Segundas\u00a0 \u00e1s 18h30 &#8211; 19h30, e as\u00a0 Quartas as 18h30 [&hellip;]<\/p>\n","protected":false},"author":2,"featured_media":0,"parent":0,"menu_order":0,"comment_status":"closed","ping_status":"closed","template":"","meta":{"_et_pb_use_builder":"on","_et_pb_old_content":"","_et_gb_content_width":"","footnotes":""},"class_list":["post-735","page","type-page","status-publish","hentry"],"yoast_head":"<!-- This site is optimized with the Yoast SEO plugin v27.4 - https:\/\/yoast.com\/product\/yoast-seo-wordpress\/ -->\n<title>Ballet Turmas - F\u00e1brica das Artes<\/title>\n<meta name=\"robots\" content=\"index, follow, max-snippet:-1, max-image-preview:large, max-video-preview:-1\" \/>\n<link rel=\"canonical\" href=\"https:\/\/novo.fabricaartes.pt\/index.php\/ballet-turmas\/\" \/>\n<meta property=\"og:locale\" content=\"pt_PT\" \/>\n<meta property=\"og:type\" content=\"article\" \/>\n<meta property=\"og:title\" content=\"Ballet Turmas - F\u00e1brica das Artes\" \/>\n<meta property=\"og:description\" content=\"BALLETHor\u00e1rios: Ter\u00e7as \u00e0s 18h30 - 19h15, e as Quintas \u00e0s 18h00 - 18h45 Idade: 3 aos 5 anosHor\u00e1rios: Ter\u00e7as \u00e0s 18h15 - 19h00, e Quintas \u00e0s 18h45 - 19h30 Idade: 6 anosHor\u00e1rios: Segundas \u00e0s 18h30 -19h30, e Quintas \u00e0s 18h15 - 19h15 Idade: 7 anosHor\u00e1rios: Segundas\u00a0 \u00e1s 18h30 - 19h30, e as\u00a0 Quartas as 18h30 [&hellip;]\" \/>\n<meta property=\"og:url\" content=\"https:\/\/novo.fabricaartes.pt\/index.php\/ballet-turmas\/\" \/>\n<meta property=\"og:site_name\" content=\"F\u00e1brica das Artes\" \/>\n<meta property=\"article:modified_time\" content=\"2025-06-20T11:08:52+00:00\" \/>\n<meta name=\"twitter:card\" content=\"summary_large_image\" \/>\n<meta name=\"twitter:label1\" content=\"Tempo estimado de leitura\" \/>\n\t<meta name=\"twitter:data1\" content=\"5 minutos\" \/>\n<script type=\"application\/ld+json\" class=\"yoast-schema-graph\">{\"@context\":\"https:\\\/\\\/schema.org\",\"@graph\":[{\"@type\":\"WebPage\",\"@id\":\"https:\\\/\\\/novo.fabricaartes.pt\\\/index.php\\\/ballet-turmas\\\/\",\"url\":\"https:\\\/\\\/novo.fabricaartes.pt\\\/index.php\\\/ballet-turmas\\\/\",\"name\":\"Ballet Turmas - F\u00e1brica das Artes\",\"isPartOf\":{\"@id\":\"https:\\\/\\\/novo.fabricaartes.pt\\\/#website\"},\"datePublished\":\"2025-05-26T10:07:16+00:00\",\"dateModified\":\"2025-06-20T11:08:52+00:00\",\"breadcrumb\":{\"@id\":\"https:\\\/\\\/novo.fabricaartes.pt\\\/index.php\\\/ballet-turmas\\\/#breadcrumb\"},\"inLanguage\":\"pt-PT\",\"potentialAction\":[{\"@type\":\"ReadAction\",\"target\":[\"https:\\\/\\\/novo.fabricaartes.pt\\\/index.php\\\/ballet-turmas\\\/\"]}]},{\"@type\":\"BreadcrumbList\",\"@id\":\"https:\\\/\\\/novo.fabricaartes.pt\\\/index.php\\\/ballet-turmas\\\/#breadcrumb\",\"itemListElement\":[{\"@type\":\"ListItem\",\"position\":1,\"name\":\"In\u00edcio\",\"item\":\"https:\\\/\\\/novo.fabricaartes.pt\\\/\"},{\"@type\":\"ListItem\",\"position\":2,\"name\":\"Ballet Turmas\"}]},{\"@type\":\"WebSite\",\"@id\":\"https:\\\/\\\/novo.fabricaartes.pt\\\/#website\",\"url\":\"https:\\\/\\\/novo.fabricaartes.pt\\\/\",\"name\":\"F\u00e1brica das Artes\",\"description\":\"Fundado a 2 de outubro de 2017, a F\u00e1brica das Artes \u2013 Escola de Dan\u00e7a, tem como miss\u00e3o formar profissionais de dan\u00e7a de suprema qualidade art\u00edstica...\",\"potentialAction\":[{\"@type\":\"SearchAction\",\"target\":{\"@type\":\"EntryPoint\",\"urlTemplate\":\"https:\\\/\\\/novo.fabricaartes.pt\\\/?s={search_term_string}\"},\"query-input\":{\"@type\":\"PropertyValueSpecification\",\"valueRequired\":true,\"valueName\":\"search_term_string\"}}],\"inLanguage\":\"pt-PT\"}]}<\/script>\n<!-- \/ Yoast SEO plugin. -->","yoast_head_json":{"title":"Ballet Turmas - F\u00e1brica das Artes","robots":{"index":"index","follow":"follow","max-snippet":"max-snippet:-1","max-image-preview":"max-image-preview:large","max-video-preview":"max-video-preview:-1"},"canonical":"https:\/\/novo.fabricaartes.pt\/index.php\/ballet-turmas\/","og_locale":"pt_PT","og_type":"article","og_title":"Ballet Turmas - F\u00e1brica das Artes","og_description":"BALLETHor\u00e1rios: Ter\u00e7as \u00e0s 18h30 - 19h15, e as Quintas \u00e0s 18h00 - 18h45 Idade: 3 aos 5 anosHor\u00e1rios: Ter\u00e7as \u00e0s 18h15 - 19h00, e Quintas \u00e0s 18h45 - 19h30 Idade: 6 anosHor\u00e1rios: Segundas \u00e0s 18h30 -19h30, e Quintas \u00e0s 18h15 - 19h15 Idade: 7 anosHor\u00e1rios: Segundas\u00a0 \u00e1s 18h30 - 19h30, e as\u00a0 Quartas as 18h30 [&hellip;]","og_url":"https:\/\/novo.fabricaartes.pt\/index.php\/ballet-turmas\/","og_site_name":"F\u00e1brica das Artes","article_modified_time":"2025-06-20T11:08:52+00:00","twitter_card":"summary_large_image","twitter_misc":{"Tempo estimado de leitura":"5 minutos"},"schema":{"@context":"https:\/\/schema.org","@graph":[{"@type":"WebPage","@id":"https:\/\/novo.fabricaartes.pt\/index.php\/ballet-turmas\/","url":"https:\/\/novo.fabricaartes.pt\/index.php\/ballet-turmas\/","name":"Ballet Turmas - F\u00e1brica das Artes","isPartOf":{"@id":"https:\/\/novo.fabricaartes.pt\/#website"},"datePublished":"2025-05-26T10:07:16+00:00","dateModified":"2025-06-20T11:08:52+00:00","breadcrumb":{"@id":"https:\/\/novo.fabricaartes.pt\/index.php\/ballet-turmas\/#breadcrumb"},"inLanguage":"pt-PT","potentialAction":[{"@type":"ReadAction","target":["https:\/\/novo.fabricaartes.pt\/index.php\/ballet-turmas\/"]}]},{"@type":"BreadcrumbList","@id":"https:\/\/novo.fabricaartes.pt\/index.php\/ballet-turmas\/#breadcrumb","itemListElement":[{"@type":"ListItem","position":1,"name":"In\u00edcio","item":"https:\/\/novo.fabricaartes.pt\/"},{"@type":"ListItem","position":2,"name":"Ballet Turmas"}]},{"@type":"WebSite","@id":"https:\/\/novo.fabricaartes.pt\/#website","url":"https:\/\/novo.fabricaartes.pt\/","name":"F\u00e1brica das Artes","description":"Fundado a 2 de outubro de 2017, a F\u00e1brica das Artes \u2013 Escola de Dan\u00e7a, tem como miss\u00e3o formar profissionais de dan\u00e7a de suprema qualidade art\u00edstica...","potentialAction":[{"@type":"SearchAction","target":{"@type":"EntryPoint","urlTemplate":"https:\/\/novo.fabricaartes.pt\/?s={search_term_string}"},"query-input":{"@type":"PropertyValueSpecification","valueRequired":true,"valueName":"search_term_string"}}],"inLanguage":"pt-PT"}]}},"_links":{"self":[{"href":"https:\/\/novo.fabricaartes.pt\/index.php\/wp-json\/wp\/v2\/pages\/735","targetHints":{"allow":["GET"]}}],"collection":[{"href":"https:\/\/novo.fabricaartes.pt\/index.php\/wp-json\/wp\/v2\/pages"}],"about":[{"href":"https:\/\/novo.fabricaartes.pt\/index.php\/wp-json\/wp\/v2\/types\/page"}],"author":[{"embeddable":true,"href":"https:\/\/novo.fabricaartes.pt\/index.php\/wp-json\/wp\/v2\/users\/2"}],"replies":[{"embeddable":true,"href":"https:\/\/novo.fabricaartes.pt\/index.php\/wp-json\/wp\/v2\/comments?post=735"}],"version-history":[{"count":38,"href":"https:\/\/novo.fabricaartes.pt\/index.php\/wp-json\/wp\/v2\/pages\/735\/revisions"}],"predecessor-version":[{"id":1667,"href":"https:\/\/novo.fabricaartes.pt\/index.php\/wp-json\/wp\/v2\/pages\/735\/revisions\/1667"}],"wp:attachment":[{"href":"https:\/\/novo.fabricaartes.pt\/index.php\/wp-json\/wp\/v2\/media?parent=735"}],"curies":[{"name":"wp","href":"https:\/\/api.w.org\/{rel}","templated":true}]}}