{"id":776,"date":"2025-05-26T15:14:35","date_gmt":"2025-05-26T15:14:35","guid":{"rendered":"https:\/\/novo.fabricaartes.pt\/?page_id=776"},"modified":"2025-06-20T11:04:38","modified_gmt":"2025-06-20T11:04:38","slug":"pilates","status":"publish","type":"page","link":"https:\/\/novo.fabricaartes.pt\/index.php\/pilates\/","title":{"rendered":"Pilates Turmas"},"content":{"rendered":"<p>[et_pb_section fb_built=&#8221;1&#8243; _builder_version=&#8221;4.27.4&#8243; _module_preset=&#8221;default&#8221; min_height=&#8221;185.6px&#8221; global_colors_info=&#8221;{}&#8221;][et_pb_row _builder_version=&#8221;4.27.4&#8243; _module_preset=&#8221;default&#8221; custom_padding=&#8221;||27px|||&#8221; global_colors_info=&#8221;{}&#8221;][et_pb_column type=&#8221;4_4&#8243; _builder_version=&#8221;4.27.4&#8243; _module_preset=&#8221;default&#8221; global_colors_info=&#8221;{}&#8221;][et_pb_text _builder_version=&#8221;4.27.4&#8243; _module_preset=&#8221;default&#8221; text_font=&#8221;&#8211;et_global_heading_font||||||||&#8221; text_text_color=&#8221;#000000&#8243; text_font_size=&#8221;50px&#8221; custom_padding=&#8221;||24px|||&#8221; hover_enabled=&#8221;0&#8243; global_colors_info=&#8221;{}&#8221; sticky_enabled=&#8221;0&#8243;]<\/p>\n<p style=\"text-align: center;\"><strong>PILATES<\/strong><\/p>\n<p>[\/et_pb_text][\/et_pb_column][\/et_pb_row][\/et_pb_section][et_pb_section fb_built=&#8221;1&#8243; _builder_version=&#8221;4.27.4&#8243; _module_preset=&#8221;default&#8221; custom_margin=&#8221;-58px|||||&#8221; global_colors_info=&#8221;{}&#8221;][et_pb_row _builder_version=&#8221;4.27.4&#8243; _module_preset=&#8221;default&#8221; global_colors_info=&#8221;{}&#8221;][et_pb_column type=&#8221;4_4&#8243; _builder_version=&#8221;4.27.4&#8243; _module_preset=&#8221;default&#8221; global_colors_info=&#8221;{}&#8221;][et_pb_blurb title=&#8221;PILATES ADULTOS&#8221; image=&#8221;https:\/\/novo.fabricaartes.pt\/wp-content\/uploads\/2025\/05\/AC-Pilates.jpg&#8221; _builder_version=&#8221;4.27.4&#8243; _module_preset=&#8221;default&#8221; global_colors_info=&#8221;{}&#8221;]<\/p>\n<p data-start=\"1431\" data-end=\"1470\">Hor\u00e1rios: Sexta-feira, 18h00 \u00e1s 19h00<\/p>\n<p data-start=\"1431\" data-end=\"1470\">Idade: +14 anos<\/p>\n<p>[\/et_pb_blurb][\/et_pb_column][\/et_pb_row][\/et_pb_section]<\/p>\n","protected":false},"excerpt":{"rendered":"<p>PILATESHor\u00e1rios: Sexta-feira, 18h00 \u00e1s 19h00 Idade: +14 anos<\/p>\n","protected":false},"author":2,"featured_media":0,"parent":0,"menu_order":0,"comment_status":"closed","ping_status":"closed","template":"","meta":{"_et_pb_use_builder":"on","_et_pb_old_content":"","_et_gb_content_width":"","footnotes":""},"class_list":["post-776","page","type-page","status-publish","hentry"],"yoast_head":"<!-- This site is optimized with the Yoast SEO plugin v27.4 - https:\/\/yoast.com\/product\/yoast-seo-wordpress\/ -->\n<title>Pilates Turmas - F\u00e1brica das Artes<\/title>\n<meta name=\"robots\" content=\"index, follow, max-snippet:-1, max-image-preview:large, max-video-preview:-1\" \/>\n<link rel=\"canonical\" href=\"https:\/\/novo.fabricaartes.pt\/index.php\/pilates\/\" \/>\n<meta property=\"og:locale\" content=\"pt_PT\" \/>\n<meta property=\"og:type\" content=\"article\" \/>\n<meta property=\"og:title\" content=\"Pilates Turmas - F\u00e1brica das Artes\" \/>\n<meta property=\"og:description\" content=\"PILATESHor\u00e1rios: Sexta-feira, 18h00 \u00e1s 19h00 Idade: +14 anos\" \/>\n<meta property=\"og:url\" content=\"https:\/\/novo.fabricaartes.pt\/index.php\/pilates\/\" \/>\n<meta property=\"og:site_name\" content=\"F\u00e1brica das Artes\" \/>\n<meta property=\"article:modified_time\" content=\"2025-06-20T11:04:38+00:00\" \/>\n<meta name=\"twitter:card\" content=\"summary_large_image\" \/>\n<meta name=\"twitter:label1\" content=\"Tempo estimado de leitura\" \/>\n\t<meta name=\"twitter:data1\" content=\"1 minuto\" \/>\n<script type=\"application\/ld+json\" class=\"yoast-schema-graph\">{\"@context\":\"https:\\\/\\\/schema.org\",\"@graph\":[{\"@type\":\"WebPage\",\"@id\":\"https:\\\/\\\/novo.fabricaartes.pt\\\/index.php\\\/pilates\\\/\",\"url\":\"https:\\\/\\\/novo.fabricaartes.pt\\\/index.php\\\/pilates\\\/\",\"name\":\"Pilates Turmas - F\u00e1brica das Artes\",\"isPartOf\":{\"@id\":\"https:\\\/\\\/novo.fabricaartes.pt\\\/#website\"},\"datePublished\":\"2025-05-26T15:14:35+00:00\",\"dateModified\":\"2025-06-20T11:04:38+00:00\",\"breadcrumb\":{\"@id\":\"https:\\\/\\\/novo.fabricaartes.pt\\\/index.php\\\/pilates\\\/#breadcrumb\"},\"inLanguage\":\"pt-PT\",\"potentialAction\":[{\"@type\":\"ReadAction\",\"target\":[\"https:\\\/\\\/novo.fabricaartes.pt\\\/index.php\\\/pilates\\\/\"]}]},{\"@type\":\"BreadcrumbList\",\"@id\":\"https:\\\/\\\/novo.fabricaartes.pt\\\/index.php\\\/pilates\\\/#breadcrumb\",\"itemListElement\":[{\"@type\":\"ListItem\",\"position\":1,\"name\":\"In\u00edcio\",\"item\":\"https:\\\/\\\/novo.fabricaartes.pt\\\/\"},{\"@type\":\"ListItem\",\"position\":2,\"name\":\"Pilates Turmas\"}]},{\"@type\":\"WebSite\",\"@id\":\"https:\\\/\\\/novo.fabricaartes.pt\\\/#website\",\"url\":\"https:\\\/\\\/novo.fabricaartes.pt\\\/\",\"name\":\"F\u00e1brica das Artes\",\"description\":\"Fundado a 2 de outubro de 2017, a F\u00e1brica das Artes \u2013 Escola de Dan\u00e7a, tem como miss\u00e3o formar profissionais de dan\u00e7a de suprema qualidade art\u00edstica...\",\"potentialAction\":[{\"@type\":\"SearchAction\",\"target\":{\"@type\":\"EntryPoint\",\"urlTemplate\":\"https:\\\/\\\/novo.fabricaartes.pt\\\/?s={search_term_string}\"},\"query-input\":{\"@type\":\"PropertyValueSpecification\",\"valueRequired\":true,\"valueName\":\"search_term_string\"}}],\"inLanguage\":\"pt-PT\"}]}<\/script>\n<!-- \/ Yoast SEO plugin. -->","yoast_head_json":{"title":"Pilates Turmas - F\u00e1brica das Artes","robots":{"index":"index","follow":"follow","max-snippet":"max-snippet:-1","max-image-preview":"max-image-preview:large","max-video-preview":"max-video-preview:-1"},"canonical":"https:\/\/novo.fabricaartes.pt\/index.php\/pilates\/","og_locale":"pt_PT","og_type":"article","og_title":"Pilates Turmas - F\u00e1brica das Artes","og_description":"PILATESHor\u00e1rios: Sexta-feira, 18h00 \u00e1s 19h00 Idade: +14 anos","og_url":"https:\/\/novo.fabricaartes.pt\/index.php\/pilates\/","og_site_name":"F\u00e1brica das Artes","article_modified_time":"2025-06-20T11:04:38+00:00","twitter_card":"summary_large_image","twitter_misc":{"Tempo estimado de leitura":"1 minuto"},"schema":{"@context":"https:\/\/schema.org","@graph":[{"@type":"WebPage","@id":"https:\/\/novo.fabricaartes.pt\/index.php\/pilates\/","url":"https:\/\/novo.fabricaartes.pt\/index.php\/pilates\/","name":"Pilates Turmas - F\u00e1brica das Artes","isPartOf":{"@id":"https:\/\/novo.fabricaartes.pt\/#website"},"datePublished":"2025-05-26T15:14:35+00:00","dateModified":"2025-06-20T11:04:38+00:00","breadcrumb":{"@id":"https:\/\/novo.fabricaartes.pt\/index.php\/pilates\/#breadcrumb"},"inLanguage":"pt-PT","potentialAction":[{"@type":"ReadAction","target":["https:\/\/novo.fabricaartes.pt\/index.php\/pilates\/"]}]},{"@type":"BreadcrumbList","@id":"https:\/\/novo.fabricaartes.pt\/index.php\/pilates\/#breadcrumb","itemListElement":[{"@type":"ListItem","position":1,"name":"In\u00edcio","item":"https:\/\/novo.fabricaartes.pt\/"},{"@type":"ListItem","position":2,"name":"Pilates Turmas"}]},{"@type":"WebSite","@id":"https:\/\/novo.fabricaartes.pt\/#website","url":"https:\/\/novo.fabricaartes.pt\/","name":"F\u00e1brica das Artes","description":"Fundado a 2 de outubro de 2017, a F\u00e1brica das Artes \u2013 Escola de Dan\u00e7a, tem como miss\u00e3o formar profissionais de dan\u00e7a de suprema qualidade art\u00edstica...","potentialAction":[{"@type":"SearchAction","target":{"@type":"EntryPoint","urlTemplate":"https:\/\/novo.fabricaartes.pt\/?s={search_term_string}"},"query-input":{"@type":"PropertyValueSpecification","valueRequired":true,"valueName":"search_term_string"}}],"inLanguage":"pt-PT"}]}},"_links":{"self":[{"href":"https:\/\/novo.fabricaartes.pt\/index.php\/wp-json\/wp\/v2\/pages\/776","targetHints":{"allow":["GET"]}}],"collection":[{"href":"https:\/\/novo.fabricaartes.pt\/index.php\/wp-json\/wp\/v2\/pages"}],"about":[{"href":"https:\/\/novo.fabricaartes.pt\/index.php\/wp-json\/wp\/v2\/types\/page"}],"author":[{"embeddable":true,"href":"https:\/\/novo.fabricaartes.pt\/index.php\/wp-json\/wp\/v2\/users\/2"}],"replies":[{"embeddable":true,"href":"https:\/\/novo.fabricaartes.pt\/index.php\/wp-json\/wp\/v2\/comments?post=776"}],"version-history":[{"count":9,"href":"https:\/\/novo.fabricaartes.pt\/index.php\/wp-json\/wp\/v2\/pages\/776\/revisions"}],"predecessor-version":[{"id":1665,"href":"https:\/\/novo.fabricaartes.pt\/index.php\/wp-json\/wp\/v2\/pages\/776\/revisions\/1665"}],"wp:attachment":[{"href":"https:\/\/novo.fabricaartes.pt\/index.php\/wp-json\/wp\/v2\/media?parent=776"}],"curies":[{"name":"wp","href":"https:\/\/api.w.org\/{rel}","templated":true}]}}